{"id":19172,"date":"2017-09-11T19:22:02","date_gmt":"2017-09-11T19:22:02","guid":{"rendered":"https:\/\/hlncaxea.a2hosted.com\/?post_type=product&#038;p=19172"},"modified":"2025-03-09T19:42:41","modified_gmt":"2025-03-09T19:42:41","slug":"led-g9-28w-mini-remplace-30w-2","status":"publish","type":"product","link":"https:\/\/ledshoponline.be\/fr\/shop\/producten\/led-lampen\/led-lamp-g9-230v\/led-g9-28w-mini-vervangt-30w\/","title":{"rendered":"LED G9 2w mini remplace 30W"},"content":{"rendered":"","protected":false},"excerpt":{"rendered":"<p>Enfin une ampoule LED G9 avec l'aspect et les dimensions d'une ampoule halog\u00e8ne. Avec une consommation d'\u00e0 peine 2W, l'ampoule remplace une ampoule halog\u00e8ne G9 de 25W. Maintenant plus puissante avec plus de lumen\/watt. Commandez-la maintenant !<\/p>","protected":false},"featured_media":19173,"comment_status":"closed","ping_status":"closed","template":"","meta":{"_seopress_robots_primary_cat":"","_seopress_titles_title":"","_seopress_titles_desc":"","_seopress_robots_index":""},"product_brand":[],"product_cat":[378,20,19],"product_tag":[626,627,380,206],"class_list":{"0":"post-19172","1":"product","2":"type-product","3":"status-publish","4":"has-post-thumbnail","6":"product_cat-led-lamp-g9-230v","7":"product_cat-led-lampen","8":"product_cat-producten","9":"product_tag-3w-led-g9","10":"product_tag-g9","11":"product_tag-led-g9","12":"product_tag-yarled","14":"first","15":"instock","16":"sale","17":"taxable","18":"shipping-taxable","19":"purchasable","20":"product-type-simple"},"_links":{"self":[{"href":"https:\/\/ledshoponline.be\/fr\/wp-json\/wp\/v2\/product\/19172","targetHints":{"allow":["GET"]}}],"collection":[{"href":"https:\/\/ledshoponline.be\/fr\/wp-json\/wp\/v2\/product"}],"about":[{"href":"https:\/\/ledshoponline.be\/fr\/wp-json\/wp\/v2\/types\/product"}],"replies":[{"embeddable":true,"href":"https:\/\/ledshoponline.be\/fr\/wp-json\/wp\/v2\/comments?post=19172"}],"version-history":[{"count":0,"href":"https:\/\/ledshoponline.be\/fr\/wp-json\/wp\/v2\/product\/19172\/revisions"}],"wp:featuredmedia":[{"embeddable":true,"href":"https:\/\/ledshoponline.be\/fr\/wp-json\/wp\/v2\/media\/19173"}],"wp:attachment":[{"href":"https:\/\/ledshoponline.be\/fr\/wp-json\/wp\/v2\/media?parent=19172"}],"wp:term":[{"taxonomy":"product_brand","embeddable":true,"href":"https:\/\/ledshoponline.be\/fr\/wp-json\/wp\/v2\/product_brand?post=19172"},{"taxonomy":"product_cat","embeddable":true,"href":"https:\/\/ledshoponline.be\/fr\/wp-json\/wp\/v2\/product_cat?post=19172"},{"taxonomy":"product_tag","embeddable":true,"href":"https:\/\/ledshoponline.be\/fr\/wp-json\/wp\/v2\/product_tag?post=19172"}],"curies":[{"name":"wp","href":"https:\/\/api.w.org\/{rel}","templated":true}]}}