{"id":19035,"date":"2017-04-27T15:19:42","date_gmt":"2017-04-27T15:19:42","guid":{"rendered":"https:\/\/hlncaxea.a2hosted.com\/?post_type=product&#038;p=19035"},"modified":"2026-02-14T14:34:25","modified_gmt":"2026-02-14T14:34:25","slug":"10-pcs-g4-gu4-halogen-remplacement-1w-led-bulb-yarled-12v-acdc","status":"publish","type":"product","link":"https:\/\/ledshoponline.be\/fr\/shop\/producten\/led-lampen\/led-lamp-g4-gu4-12v\/10-stuks-g4-gu4-halogeen-vervanger-1w-led-lamp-yarled-12v-acdc\/","title":{"rendered":"10 pi\u00e8ces G4 (GU4) remplacement halog\u00e8ne 1W ampoule LED 12v AC\/DC"},"content":{"rendered":"<p><strong>Emballage de prestations 10 pi\u00e8ces.<\/strong><\/p>\n<p>Le remplacement parfait de l'halog\u00e8ne G4 dans une enveloppe en silicone.<br \/>\nEmet \u00e0 360\u00b0 une belle lumi\u00e8re blanc chaud de 2800k \u00e0 haute puissance.<br \/>\nRemplace une lampe halog\u00e8ne de 10 W en consommant seulement 1 W.<\/p>\n<p><strong>Conseil :<\/strong>\u00a0Remplacez vos anciens blocs d'alimentation par nos blocs d'alimentation LED pour une dur\u00e9e de vie plus longue. Ils sont \u00e9galement plus \u00e9conomiques.<\/p>\n<p><strong>Vos lumi\u00e8res clignotent-elles ?<\/strong><br \/>\nRemplacez votre alimentation par une alimentation LED. Vous pouvez trouver ce type de transformateur\/alimentation \u00e0 l'adresse suivante\u00a0<a href=\"https:\/\/ledshoponline.be\/fr\/produits-2\/accessoires-2\/trafos-a-led-12v-24v-2\/\">accessoires<\/a>.<\/p>","protected":false},"excerpt":{"rendered":"<p><strong>Fiche produit<\/strong><br \/>\n<strong><a href=\"https:\/\/eprel.ec.europa.eu\/fiches\/lightsources\/Fiche_761339_NL.pdf\">FR<\/a>\u00a0|\u00a0<a href=\"https:\/\/eprel.ec.europa.eu\/fiches\/lightsources\/Fiche_761339_FR.pdf\">FR\u00a0<\/a>|\u00a0<a href=\"https:\/\/eprel.ec.europa.eu\/fiches\/lightsources\/Fiche_761339_EN.pdf\">ET\u00a0<\/a>|\u00a0<a href=\"https:\/\/eprel.ec.europa.eu\/fiches\/lightsources\/Fiche_761339_DE.pdf\">LE<\/a><\/strong><\/p>","protected":false},"featured_media":533834,"comment_status":"closed","ping_status":"closed","template":"","meta":{"_seopress_robots_primary_cat":"none","_seopress_titles_title":"10 stuks G4 (GU4) halogeen vervanger 1W LED lamp 12v AC\/DC","_seopress_titles_desc":"De perfecte G4 halogeen vervanger in een siliconen jasje.\r\nVervangt 10W halogeen met maar amper 1W aan verbruik.","_seopress_robots_index":""},"product_brand":[],"product_cat":[21,20,369,132,19],"product_tag":[370,23,206],"class_list":{"0":"post-19035","1":"product","2":"type-product","3":"status-publish","4":"has-post-thumbnail","6":"product_cat-led-lamp-g4-gu4-12v","7":"product_cat-led-lampen","8":"product_cat-led-spot-gu4-mr11-12v","9":"product_cat-led-spots","10":"product_cat-producten","11":"product_tag-g4","12":"product_tag-g4-led","13":"product_tag-yarled","15":"first","16":"instock","17":"taxable","18":"shipping-taxable","19":"purchasable","20":"product-type-simple"},"_links":{"self":[{"href":"https:\/\/ledshoponline.be\/fr\/wp-json\/wp\/v2\/product\/19035","targetHints":{"allow":["GET"]}}],"collection":[{"href":"https:\/\/ledshoponline.be\/fr\/wp-json\/wp\/v2\/product"}],"about":[{"href":"https:\/\/ledshoponline.be\/fr\/wp-json\/wp\/v2\/types\/product"}],"replies":[{"embeddable":true,"href":"https:\/\/ledshoponline.be\/fr\/wp-json\/wp\/v2\/comments?post=19035"}],"version-history":[{"count":1,"href":"https:\/\/ledshoponline.be\/fr\/wp-json\/wp\/v2\/product\/19035\/revisions"}],"predecessor-version":[{"id":697435,"href":"https:\/\/ledshoponline.be\/fr\/wp-json\/wp\/v2\/product\/19035\/revisions\/697435"}],"wp:featuredmedia":[{"embeddable":true,"href":"https:\/\/ledshoponline.be\/fr\/wp-json\/wp\/v2\/media\/533834"}],"wp:attachment":[{"href":"https:\/\/ledshoponline.be\/fr\/wp-json\/wp\/v2\/media?parent=19035"}],"wp:term":[{"taxonomy":"product_brand","embeddable":true,"href":"https:\/\/ledshoponline.be\/fr\/wp-json\/wp\/v2\/product_brand?post=19035"},{"taxonomy":"product_cat","embeddable":true,"href":"https:\/\/ledshoponline.be\/fr\/wp-json\/wp\/v2\/product_cat?post=19035"},{"taxonomy":"product_tag","embeddable":true,"href":"https:\/\/ledshoponline.be\/fr\/wp-json\/wp\/v2\/product_tag?post=19035"}],"curies":[{"name":"wp","href":"https:\/\/api.w.org\/{rel}","templated":true}]}}