{"id":19028,"date":"2017-04-27T14:57:49","date_gmt":"2017-04-27T14:57:49","guid":{"rendered":"https:\/\/hlncaxea.a2hosted.com\/?post_type=product&#038;p=19028"},"modified":"2026-02-14T14:34:16","modified_gmt":"2026-02-14T14:34:16","slug":"g4-gu4-halogen-remplacement-1w-led-bulb-yarled-12v-acdc","status":"publish","type":"product","link":"https:\/\/ledshoponline.be\/fr\/shop\/producten\/led-lampen\/led-lamp-g4-gu4-12v\/g4-gu4-halogeen-vervanger-1w-led-lamp-yarled-12v-acdc\/","title":{"rendered":"G4 (GU4) halogeen vervanger 1W LED lampe YARLED 12v AC\/DC"},"content":{"rendered":"<p><strong>Conseil :<\/strong>\u00a0Remplacez vos anciens blocs d'alimentation par nos blocs d'alimentation LED pour une dur\u00e9e de vie plus longue. Ils sont \u00e9galement plus \u00e9conomiques.<\/p>\n<p><strong>Vos lumi\u00e8res clignotent-elles ?<\/strong><br \/>\nRemplacez votre alimentation par une alimentation LED. Vous pouvez trouver ce type de transformateur\/alimentation \u00e0 l'adresse suivante\u00a0<a href=\"https:\/\/ledshoponline.be\/fr\/produits-2\/accessoires-2\/trafos-a-led-12v-24v-2\/\">accessoires<\/a>.<\/p>\n<p><strong>Vos lumi\u00e8res scintillent-elles lorsqu'elles sont tamis\u00e9es ?<\/strong><br \/>\nRemplacez votre variateur par un variateur sans exigence minimale. Vous trouverez ce type de variateur sur\u00a0<a href=\"https:\/\/ledshoponline.be\/fr\/boutique-2\/produits-2\/accessoires-2\/variateurs-de-lumiere-230v-2\/dimmer-led-phase-off-et-on-1-300watt\/\">accessoires<\/a>.<\/p>","protected":false},"excerpt":{"rendered":"<p><strong>Fiche produit<\/strong><br \/>\n<strong><a href=\"https:\/\/eprel.ec.europa.eu\/fiches\/lightsources\/Fiche_761339_NL.pdf\">FR<\/a>\u00a0|\u00a0<a href=\"https:\/\/eprel.ec.europa.eu\/fiches\/lightsources\/Fiche_761339_FR.pdf\">FR\u00a0<\/a>|\u00a0<a href=\"https:\/\/eprel.ec.europa.eu\/fiches\/lightsources\/Fiche_761339_EN.pdf\">ET\u00a0<\/a>|\u00a0<a href=\"https:\/\/eprel.ec.europa.eu\/fiches\/lightsources\/Fiche_761339_DE.pdf\">LE<\/a><\/strong><\/p>","protected":false},"featured_media":19029,"comment_status":"closed","ping_status":"closed","template":"","meta":{"_seopress_robots_primary_cat":"none","_seopress_titles_title":"","_seopress_titles_desc":"","_seopress_robots_index":""},"product_brand":[],"product_cat":[21,20,369,132,19],"product_tag":[370,23,206],"class_list":{"0":"post-19028","1":"product","2":"type-product","3":"status-publish","4":"has-post-thumbnail","6":"product_cat-led-lamp-g4-gu4-12v","7":"product_cat-led-lampen","8":"product_cat-led-spot-gu4-mr11-12v","9":"product_cat-led-spots","10":"product_cat-producten","11":"product_tag-g4","12":"product_tag-g4-led","13":"product_tag-yarled","15":"first","16":"instock","17":"taxable","18":"shipping-taxable","19":"purchasable","20":"product-type-simple"},"_links":{"self":[{"href":"https:\/\/ledshoponline.be\/fr\/wp-json\/wp\/v2\/product\/19028","targetHints":{"allow":["GET"]}}],"collection":[{"href":"https:\/\/ledshoponline.be\/fr\/wp-json\/wp\/v2\/product"}],"about":[{"href":"https:\/\/ledshoponline.be\/fr\/wp-json\/wp\/v2\/types\/product"}],"replies":[{"embeddable":true,"href":"https:\/\/ledshoponline.be\/fr\/wp-json\/wp\/v2\/comments?post=19028"}],"version-history":[{"count":1,"href":"https:\/\/ledshoponline.be\/fr\/wp-json\/wp\/v2\/product\/19028\/revisions"}],"predecessor-version":[{"id":697434,"href":"https:\/\/ledshoponline.be\/fr\/wp-json\/wp\/v2\/product\/19028\/revisions\/697434"}],"wp:featuredmedia":[{"embeddable":true,"href":"https:\/\/ledshoponline.be\/fr\/wp-json\/wp\/v2\/media\/19029"}],"wp:attachment":[{"href":"https:\/\/ledshoponline.be\/fr\/wp-json\/wp\/v2\/media?parent=19028"}],"wp:term":[{"taxonomy":"product_brand","embeddable":true,"href":"https:\/\/ledshoponline.be\/fr\/wp-json\/wp\/v2\/product_brand?post=19028"},{"taxonomy":"product_cat","embeddable":true,"href":"https:\/\/ledshoponline.be\/fr\/wp-json\/wp\/v2\/product_cat?post=19028"},{"taxonomy":"product_tag","embeddable":true,"href":"https:\/\/ledshoponline.be\/fr\/wp-json\/wp\/v2\/product_tag?post=19028"}],"curies":[{"name":"wp","href":"https:\/\/api.w.org\/{rel}","templated":true}]}}