{"id":19014,"date":"2017-03-27T09:15:16","date_gmt":"2017-03-27T09:15:16","guid":{"rendered":"https:\/\/hlncaxea.a2hosted.com\/?post_type=product&#038;p=19014"},"modified":"2025-03-09T19:42:36","modified_gmt":"2025-03-09T19:42:36","slug":"200w-led-ufo-high-bay-lamp-pro-daylight-2","status":"publish","type":"product","link":"https:\/\/ledshoponline.be\/fr\/shop\/producten\/pro-led-verlichting\/led-high-bay-ufo-hanglamp\/200w-led-ufo-high-bay-lamp-pro-daglicht\/","title":{"rendered":"200W LED UFO high bay lamp PRO daylight"},"content":{"rendered":"<p><strong>Pr\u00eat pour un \u00e9clairage professionnel ? D\u00e9couvrez la lampe UFO High Bay 200W LED Pro - Daylight !<\/strong><\/p>\n<p>Vous souhaitez optimiser votre espace de travail gr\u00e2ce \u00e0 une lumi\u00e8re vive et \u00e9conome en \u00e9nergie ? Voici la lampe LED UFO High Bay 200W Pro - Daylight ! Ce produit d'\u00e9clairage avanc\u00e9 est con\u00e7u pour r\u00e9pondre \u00e0 tous vos besoins en mati\u00e8re de luminosit\u00e9, de durabilit\u00e9 et d'efficacit\u00e9 \u00e9nerg\u00e9tique.<\/p>\n<ul>\n<li><strong>Un \u00e9clairage puissant :<\/strong> Avec une puissance de 200 watts, cette LED UFO High Bay Lamp Pro offre une luminosit\u00e9 \u00e9tonnante, id\u00e9ale pour les entrep\u00f4ts, les usines et autres grands espaces de travail.<\/li>\n<li><strong>Conception \u00e9conome en \u00e9nergie :<\/strong> \u00c9conomisez sur les co\u00fbts \u00e9nerg\u00e9tiques gr\u00e2ce \u00e0 la conception efficace de cette lampe LED. Elle consomme beaucoup moins d'\u00e9nergie que les syst\u00e8mes d'\u00e9clairage traditionnels, ce qui permet de r\u00e9aliser des \u00e9conomies substantielles.<\/li>\n<li><strong>Durable et fiable :<\/strong> Cette lampe est con\u00e7ue pour durer. Sa conception robuste garantit sa durabilit\u00e9 et des co\u00fbts d'entretien minimes.<\/li>\n<li><strong>Installation facile :<\/strong> L'installation est simple et sans probl\u00e8me, m\u00eame si vous n'\u00eates pas un technicien exp\u00e9riment\u00e9. Des instructions claires vous guident tout au long du processus.<\/li>\n<li><strong>Application polyvalente :<\/strong> Que ce soit dans un entrep\u00f4t, une usine, une salle de sport ou tout autre grand espace de travail, cette lampe LED UFO High Bay s'adapte parfaitement et r\u00e9pond \u00e0 tous vos besoins en mati\u00e8re d'\u00e9clairage.<\/li>\n<li><strong>Distribution uniforme de la lumi\u00e8re :<\/strong> Gr\u00e2ce \u00e0 la conception de cette lampe UFO, vous b\u00e9n\u00e9ficiez d'une r\u00e9partition uniforme de la lumi\u00e8re, sans coins sombres ni ombres g\u00eanantes.<\/li>\n<li><strong>\u00c9conomies et respect de l'environnement :<\/strong> Outre les \u00e9conomies d'\u00e9nergie qu'elle permet de r\u00e9aliser, cette lampe contribue au respect de l'environnement gr\u00e2ce \u00e0 sa faible consommation d'\u00e9nergie.<\/li>\n<\/ul>\n<p>En bref, la lampe UFO High Bay 200W LED Pro - Daylight est la r\u00e9ponse \u00e0 vos besoins en mati\u00e8re d'\u00e9clairage. Elle est \u00e9conome en \u00e9nergie, durable, facile \u00e0 installer et polyvalente. Am\u00e9liorez votre espace de travail d\u00e8s aujourd'hui pour un environnement lumineux et productif !<\/p>","protected":false},"excerpt":{"rendered":"<p>Lampe professionnelle LED UFO highbay d'une puissance de 200w, \u00e9quip\u00e9e du puissant Philips SMD3030. Pas moins de 140lm\/watt. Corps \u00e9quip\u00e9 d'un syst\u00e8me de refroidissement 3D. Beaucoup plus durable que les lampes LED High Bay bon march\u00e9. La lampe LED High Bay est \u00e9quip\u00e9e d'un driver MeanWell avec une valeur IP65 et peut \u00eatre utilis\u00e9e dans des pi\u00e8ces humides.<\/p>","protected":false},"featured_media":19015,"comment_status":"closed","ping_status":"closed","template":"","meta":{"_seopress_robots_primary_cat":"","_seopress_titles_title":"","_seopress_titles_desc":"","_seopress_robots_index":""},"product_brand":[],"product_cat":[530,654,242,112],"product_tag":[655],"class_list":{"0":"post-19014","1":"product","2":"type-product","3":"status-publish","4":"has-post-thumbnail","6":"product_cat-deals","7":"product_cat-led-high-bay-ufo-hanglamp","8":"product_cat-pro-led-verlichting","9":"product_cat-stock-opruiming","10":"product_tag-ufo-led-lamp","12":"first","13":"instock","14":"sale","15":"taxable","16":"shipping-taxable","17":"purchasable","18":"product-type-simple"},"_links":{"self":[{"href":"https:\/\/ledshoponline.be\/fr\/wp-json\/wp\/v2\/product\/19014","targetHints":{"allow":["GET"]}}],"collection":[{"href":"https:\/\/ledshoponline.be\/fr\/wp-json\/wp\/v2\/product"}],"about":[{"href":"https:\/\/ledshoponline.be\/fr\/wp-json\/wp\/v2\/types\/product"}],"replies":[{"embeddable":true,"href":"https:\/\/ledshoponline.be\/fr\/wp-json\/wp\/v2\/comments?post=19014"}],"version-history":[{"count":0,"href":"https:\/\/ledshoponline.be\/fr\/wp-json\/wp\/v2\/product\/19014\/revisions"}],"wp:featuredmedia":[{"embeddable":true,"href":"https:\/\/ledshoponline.be\/fr\/wp-json\/wp\/v2\/media\/19015"}],"wp:attachment":[{"href":"https:\/\/ledshoponline.be\/fr\/wp-json\/wp\/v2\/media?parent=19014"}],"wp:term":[{"taxonomy":"product_brand","embeddable":true,"href":"https:\/\/ledshoponline.be\/fr\/wp-json\/wp\/v2\/product_brand?post=19014"},{"taxonomy":"product_cat","embeddable":true,"href":"https:\/\/ledshoponline.be\/fr\/wp-json\/wp\/v2\/product_cat?post=19014"},{"taxonomy":"product_tag","embeddable":true,"href":"https:\/\/ledshoponline.be\/fr\/wp-json\/wp\/v2\/product_tag?post=19014"}],"curies":[{"name":"wp","href":"https:\/\/api.w.org\/{rel}","templated":true}]}}