{"id":18997,"date":"2017-02-08T20:51:18","date_gmt":"2017-02-08T20:51:18","guid":{"rendered":"https:\/\/hlncaxea.a2hosted.com\/?post_type=product&#038;p=18997"},"modified":"2025-03-09T19:42:33","modified_gmt":"2025-03-09T19:42:33","slug":"r7s-led-118mm-16w-blanc-chaud-2","status":"publish","type":"product","link":"https:\/\/ledshoponline.be\/fr\/shop\/producten\/led-lampen\/led-r7s-230v\/r7s-led-118mm-16w-warm-wit-360\/","title":{"rendered":"R7S LED 118mm 16w blanc chaud 360\u00b0"},"content":{"rendered":"","protected":false},"excerpt":{"rendered":"<p>Nouvelles LED R7 de Yarled avec un diam\u00e8tre ovale de 29 mm et une longueur de 118 mm. Gr\u00e2ce \u00e0 sa forme ovale sp\u00e9ciale, l'ampoule s'adapte d\u00e9sormais aux luminaires 75%. L'ampoule \u00e9met une lumi\u00e8re chaude de 360\u00b0 3000k et a une consommation d'\u00e0 peine 16w. <strong>Nouvelle puce LED SMD avec refroidissement am\u00e9lior\u00e9.<\/strong><\/p>","protected":false},"featured_media":18998,"comment_status":"closed","ping_status":"closed","template":"","meta":{"_seopress_robots_primary_cat":"","_seopress_titles_title":"","_seopress_titles_desc":"","_seopress_robots_index":""},"product_brand":[],"product_cat":[20,392,19],"product_tag":[662,663],"class_list":{"0":"post-18997","1":"product","2":"type-product","3":"status-publish","4":"has-post-thumbnail","6":"product_cat-led-lampen","7":"product_cat-led-r7s-230v","8":"product_cat-producten","9":"product_tag-r7s-118mm","10":"product_tag-r7s-led","12":"first","13":"instock","14":"sale","15":"taxable","16":"shipping-taxable","17":"purchasable","18":"product-type-simple"},"_links":{"self":[{"href":"https:\/\/ledshoponline.be\/fr\/wp-json\/wp\/v2\/product\/18997","targetHints":{"allow":["GET"]}}],"collection":[{"href":"https:\/\/ledshoponline.be\/fr\/wp-json\/wp\/v2\/product"}],"about":[{"href":"https:\/\/ledshoponline.be\/fr\/wp-json\/wp\/v2\/types\/product"}],"replies":[{"embeddable":true,"href":"https:\/\/ledshoponline.be\/fr\/wp-json\/wp\/v2\/comments?post=18997"}],"version-history":[{"count":0,"href":"https:\/\/ledshoponline.be\/fr\/wp-json\/wp\/v2\/product\/18997\/revisions"}],"wp:featuredmedia":[{"embeddable":true,"href":"https:\/\/ledshoponline.be\/fr\/wp-json\/wp\/v2\/media\/18998"}],"wp:attachment":[{"href":"https:\/\/ledshoponline.be\/fr\/wp-json\/wp\/v2\/media?parent=18997"}],"wp:term":[{"taxonomy":"product_brand","embeddable":true,"href":"https:\/\/ledshoponline.be\/fr\/wp-json\/wp\/v2\/product_brand?post=18997"},{"taxonomy":"product_cat","embeddable":true,"href":"https:\/\/ledshoponline.be\/fr\/wp-json\/wp\/v2\/product_cat?post=18997"},{"taxonomy":"product_tag","embeddable":true,"href":"https:\/\/ledshoponline.be\/fr\/wp-json\/wp\/v2\/product_tag?post=18997"}],"curies":[{"name":"wp","href":"https:\/\/api.w.org\/{rel}","templated":true}]}}