{"id":18993,"date":"2017-03-15T09:13:26","date_gmt":"2017-03-15T09:13:26","guid":{"rendered":"https:\/\/hlncaxea.a2hosted.com\/?post_type=product&#038;p=18993"},"modified":"2025-06-04T08:33:22","modified_gmt":"2025-06-04T08:33:22","slug":"100w-led-ufo-high-bay-lamp-pro-cold-white-2","status":"publish","type":"product","link":"https:\/\/ledshoponline.be\/fr\/shop\/producten\/pro-led-verlichting\/led-high-bay-ufo-hanglamp\/100w-led-ufo-high-bay-lamp-pro-koud-wit\/","title":{"rendered":"100W LED UFO haute lampe de la baie PRO koud-wit"},"content":{"rendered":"","protected":false},"excerpt":{"rendered":"<p>Lampe professionnelle LED UFO highbay \u00e9quip\u00e9e du puissant Philips SMD3030. Pas moins de 140lm\/watt. Corps \u00e9quip\u00e9 d'un syst\u00e8me de refroidissement 3D.<br \/>\nPas moins de 5 ans de garantie.<\/p>","protected":false},"featured_media":18994,"comment_status":"closed","ping_status":"closed","template":"","meta":{"_seopress_robots_primary_cat":"none","_seopress_titles_title":"","_seopress_titles_desc":"","_seopress_robots_index":""},"product_brand":[],"product_cat":[530,654,242,112],"product_tag":[655],"class_list":{"0":"post-18993","1":"product","2":"type-product","3":"status-publish","4":"has-post-thumbnail","6":"product_cat-deals","7":"product_cat-led-high-bay-ufo-hanglamp","8":"product_cat-pro-led-verlichting","9":"product_cat-stock-opruiming","10":"product_tag-ufo-led-lamp","12":"first","13":"instock","14":"sale","15":"taxable","16":"shipping-taxable","17":"purchasable","18":"product-type-simple"},"_links":{"self":[{"href":"https:\/\/ledshoponline.be\/fr\/wp-json\/wp\/v2\/product\/18993","targetHints":{"allow":["GET"]}}],"collection":[{"href":"https:\/\/ledshoponline.be\/fr\/wp-json\/wp\/v2\/product"}],"about":[{"href":"https:\/\/ledshoponline.be\/fr\/wp-json\/wp\/v2\/types\/product"}],"replies":[{"embeddable":true,"href":"https:\/\/ledshoponline.be\/fr\/wp-json\/wp\/v2\/comments?post=18993"}],"version-history":[{"count":1,"href":"https:\/\/ledshoponline.be\/fr\/wp-json\/wp\/v2\/product\/18993\/revisions"}],"predecessor-version":[{"id":581032,"href":"https:\/\/ledshoponline.be\/fr\/wp-json\/wp\/v2\/product\/18993\/revisions\/581032"}],"wp:featuredmedia":[{"embeddable":true,"href":"https:\/\/ledshoponline.be\/fr\/wp-json\/wp\/v2\/media\/18994"}],"wp:attachment":[{"href":"https:\/\/ledshoponline.be\/fr\/wp-json\/wp\/v2\/media?parent=18993"}],"wp:term":[{"taxonomy":"product_brand","embeddable":true,"href":"https:\/\/ledshoponline.be\/fr\/wp-json\/wp\/v2\/product_brand?post=18993"},{"taxonomy":"product_cat","embeddable":true,"href":"https:\/\/ledshoponline.be\/fr\/wp-json\/wp\/v2\/product_cat?post=18993"},{"taxonomy":"product_tag","embeddable":true,"href":"https:\/\/ledshoponline.be\/fr\/wp-json\/wp\/v2\/product_tag?post=18993"}],"curies":[{"name":"wp","href":"https:\/\/api.w.org\/{rel}","templated":true}]}}