{"id":18976,"date":"2017-02-23T10:47:47","date_gmt":"2017-02-23T10:47:47","guid":{"rendered":"https:\/\/hlncaxea.a2hosted.com\/?post_type=product&#038;p=18976"},"modified":"2025-09-03T15:43:56","modified_gmt":"2025-09-03T15:43:56","slug":"led-wide-beam-150w-cold-white-ip65-remplace-1500w","status":"publish","type":"product","link":"https:\/\/ledshoponline.be\/fr\/shop\/producten\/armaturen\/buitenverlichting\/led-breedstraler-150w-koud-wit-ip65-vervangt-1500w\/","title":{"rendered":"Projecteur LED 150W blanc froid IP65 (remplace 1500w)"},"content":{"rendered":"<p>Ce projecteur LED professionnel est con\u00e7u pour r\u00e9sister \u00e0 toutes les conditions m\u00e9t\u00e9orologiques. Il est solide comme le roc et peut m\u00eame fonctionner \u00e0 des temp\u00e9ratures allant de -20\u00b0C \u00e0 48\u00b0C. La lampe est \u00e9quip\u00e9e d'un verre tremp\u00e9 et de la technologie G-buckle. Le bo\u00eetier 3D assure une dissipation optimale de la chaleur et donc une longue dur\u00e9e de vie des LED.<\/p>\r\n\r\n<p>&nbsp;<\/p>","protected":false},"excerpt":{"rendered":"<p>Nouveau mod\u00e8le : technologie LED avec pas moins de <strong>150 lm\/w<\/strong>, rendu possible par <strong>Philips<\/strong>. Le bo\u00eetier 3D unique et la technologie G-buckle permettent au projecteur LED de fonctionner dans une zone \u00e0 une temp\u00e9rature aussi basse que 45\u00b0C. Le beau design respire l'\u00e9l\u00e9gance.<\/p>","protected":false},"featured_media":18977,"comment_status":"closed","ping_status":"closed","template":"","meta":{"_seopress_robots_primary_cat":"none","_seopress_titles_title":"","_seopress_titles_desc":"","_seopress_robots_index":""},"product_brand":[],"product_cat":[87,90,530,243,242,19,112],"product_tag":[631,632,633],"class_list":{"0":"post-18976","1":"product","2":"type-product","3":"status-publish","4":"has-post-thumbnail","6":"product_cat-armaturen","7":"product_cat-buitenverlichting","8":"product_cat-deals","9":"product_cat-led-schijnwerpers","10":"product_cat-pro-led-verlichting","11":"product_cat-producten","12":"product_cat-stock-opruiming","13":"product_tag-led-200w","14":"product_tag-led-breedstraler","15":"product_tag-led-floodlight","17":"first","18":"instock","19":"sale","20":"taxable","21":"shipping-taxable","22":"purchasable","23":"product-type-simple"},"_links":{"self":[{"href":"https:\/\/ledshoponline.be\/fr\/wp-json\/wp\/v2\/product\/18976","targetHints":{"allow":["GET"]}}],"collection":[{"href":"https:\/\/ledshoponline.be\/fr\/wp-json\/wp\/v2\/product"}],"about":[{"href":"https:\/\/ledshoponline.be\/fr\/wp-json\/wp\/v2\/types\/product"}],"replies":[{"embeddable":true,"href":"https:\/\/ledshoponline.be\/fr\/wp-json\/wp\/v2\/comments?post=18976"}],"version-history":[{"count":1,"href":"https:\/\/ledshoponline.be\/fr\/wp-json\/wp\/v2\/product\/18976\/revisions"}],"predecessor-version":[{"id":567565,"href":"https:\/\/ledshoponline.be\/fr\/wp-json\/wp\/v2\/product\/18976\/revisions\/567565"}],"wp:featuredmedia":[{"embeddable":true,"href":"https:\/\/ledshoponline.be\/fr\/wp-json\/wp\/v2\/media\/18977"}],"wp:attachment":[{"href":"https:\/\/ledshoponline.be\/fr\/wp-json\/wp\/v2\/media?parent=18976"}],"wp:term":[{"taxonomy":"product_brand","embeddable":true,"href":"https:\/\/ledshoponline.be\/fr\/wp-json\/wp\/v2\/product_brand?post=18976"},{"taxonomy":"product_cat","embeddable":true,"href":"https:\/\/ledshoponline.be\/fr\/wp-json\/wp\/v2\/product_cat?post=18976"},{"taxonomy":"product_tag","embeddable":true,"href":"https:\/\/ledshoponline.be\/fr\/wp-json\/wp\/v2\/product_tag?post=18976"}],"curies":[{"name":"wp","href":"https:\/\/api.w.org\/{rel}","templated":true}]}}