{"id":18970,"date":"2017-02-15T20:57:45","date_gmt":"2017-02-15T20:57:45","guid":{"rendered":"https:\/\/hlncaxea.a2hosted.com\/?post_type=product&#038;p=18970"},"modified":"2025-09-22T20:42:34","modified_gmt":"2025-09-22T20:42:34","slug":"connecteur-pour-bande-de-leds-rgbw","status":"publish","type":"product","link":"https:\/\/ledshoponline.be\/fr\/shop\/producten\/led-strips\/led-strips-toebehoren\/ledstrip-connector-rgbw\/","title":{"rendered":"Connecteur de bande LED RGBW"},"content":{"rendered":"","protected":false},"excerpt":{"rendered":"<p>Un syst\u00e8me de fixation facile \u00e0 cliquer pour attacher un c\u00e2ble \u00e0 une bande LED RGBW. Le c\u00e2ble peut \u00eatre utilis\u00e9 pour se connecter \u00e0 une alimentation LED.<\/p>\n<p><strong>Remarque :<\/strong> Le connecteur ne convient qu'aux bandes LED RGBW de 12 mm et n'est pas \u00e9tanche.<\/p>\n<p>La longueur du c\u00e2ble est de 14 cm<\/p>","protected":false},"featured_media":18971,"comment_status":"closed","ping_status":"closed","template":"","meta":{"_seopress_robots_primary_cat":"","_seopress_titles_title":"","_seopress_titles_desc":"","_seopress_robots_index":""},"product_brand":[],"product_cat":[40,41],"product_tag":[305,648],"class_list":{"0":"post-18970","1":"product","2":"type-product","3":"status-publish","4":"has-post-thumbnail","6":"product_cat-led-strips","7":"product_cat-led-strips-toebehoren","8":"product_tag-ledstrip-connector-rgb","9":"product_tag-rgbw-connector","11":"first","12":"outofstock","13":"taxable","14":"shipping-taxable","15":"purchasable","16":"product-type-simple"},"_links":{"self":[{"href":"https:\/\/ledshoponline.be\/fr\/wp-json\/wp\/v2\/product\/18970","targetHints":{"allow":["GET"]}}],"collection":[{"href":"https:\/\/ledshoponline.be\/fr\/wp-json\/wp\/v2\/product"}],"about":[{"href":"https:\/\/ledshoponline.be\/fr\/wp-json\/wp\/v2\/types\/product"}],"replies":[{"embeddable":true,"href":"https:\/\/ledshoponline.be\/fr\/wp-json\/wp\/v2\/comments?post=18970"}],"version-history":[{"count":1,"href":"https:\/\/ledshoponline.be\/fr\/wp-json\/wp\/v2\/product\/18970\/revisions"}],"predecessor-version":[{"id":624446,"href":"https:\/\/ledshoponline.be\/fr\/wp-json\/wp\/v2\/product\/18970\/revisions\/624446"}],"wp:featuredmedia":[{"embeddable":true,"href":"https:\/\/ledshoponline.be\/fr\/wp-json\/wp\/v2\/media\/18971"}],"wp:attachment":[{"href":"https:\/\/ledshoponline.be\/fr\/wp-json\/wp\/v2\/media?parent=18970"}],"wp:term":[{"taxonomy":"product_brand","embeddable":true,"href":"https:\/\/ledshoponline.be\/fr\/wp-json\/wp\/v2\/product_brand?post=18970"},{"taxonomy":"product_cat","embeddable":true,"href":"https:\/\/ledshoponline.be\/fr\/wp-json\/wp\/v2\/product_cat?post=18970"},{"taxonomy":"product_tag","embeddable":true,"href":"https:\/\/ledshoponline.be\/fr\/wp-json\/wp\/v2\/product_tag?post=18970"}],"curies":[{"name":"wp","href":"https:\/\/api.w.org\/{rel}","templated":true}]}}