{"id":18962,"date":"2024-09-25T11:29:00","date_gmt":"2024-09-25T11:29:00","guid":{"rendered":"https:\/\/hlncaxea.a2hosted.com\/?post_type=product&#038;p=18962"},"modified":"2025-08-26T15:23:57","modified_gmt":"2025-08-26T15:23:57","slug":"led-wide-beam-100w-cold-white-ip65-remplace-1000w","status":"publish","type":"product","link":"https:\/\/ledshoponline.be\/fr\/shop\/producten\/armaturen\/buitenverlichting\/led-breedstraler-100w-koud-wit-ip65-vervangt-1000w\/","title":{"rendered":"Projecteur LED 100W PRO blanc froid IP65 ( remplace 1000w)"},"content":{"rendered":"<h2 data-start=\"0\" data-end=\"72\"><strong data-start=\"0\" data-end=\"70\">Nouveau mod\u00e8le : LED Widebeam 100W - Puissance et durabilit\u00e9 ultimes<\/strong><\/h2>\n<p data-start=\"74\" data-end=\"342\">L'exp\u00e9rience de la <strong data-start=\"84\" data-end=\"122\">Technologie LED de derni\u00e8re g\u00e9n\u00e9ration<\/strong> avec cette <strong data-start=\"132\" data-end=\"175\">Projecteur LED professionnel de 100W<\/strong>. Aliment\u00e9 par un <strong data-start=\"198\" data-end=\"216\">Pilote Philips<\/strong> et une impressionnante <strong data-start=\"239\" data-end=\"270\">rendement lumineux de 150 lm\/W<\/strong>Ce projecteur offre <strong data-start=\"296\" data-end=\"339\">clart\u00e9 et efficacit\u00e9 in\u00e9gal\u00e9es<\/strong>.<\/p>\n<h3 data-start=\"344\" data-end=\"404\">\ud83d\udd25 <strong data-start=\"351\" data-end=\"402\">Bo\u00eetier 3D innovant et technologie G-Buckle<\/strong><\/h3>\n<p data-start=\"405\" data-end=\"577\">\u2714 <strong data-start=\"407\" data-end=\"433\">\u00c9mission optimale de chaleur<\/strong> pour une dur\u00e9e de vie plus longue<br data-start=\"461\" data-end=\"464\" \/>\u2714 R\u00e9sistant aux temp\u00e9ratures extr\u00eames de <strong data-start=\"505\" data-end=\"523\">De -20\u00baC \u00e0 48\u00baC<\/strong><br data-start=\"523\" data-end=\"526\" \/>\u2714 <strong data-start=\"528\" data-end=\"552\">Construction robuste<\/strong> pour une utilisation \u00e0 long terme<\/p>\n<h3 data-start=\"579\" data-end=\"617\">\ud83c\udf1f <strong data-start=\"586\" data-end=\"615\">Conception flexible et \u00e9l\u00e9gante<\/strong><\/h3>\n<p data-start=\"618\" data-end=\"805\">\u2714 <strong data-start=\"620\" data-end=\"647\">Support r\u00e9glable \u00e0 270<\/strong> pour une flexibilit\u00e9 maximale<br data-start=\"675\" data-end=\"678\" \/>\u2714 <strong data-start=\"680\" data-end=\"713\">Finition moderne et \u00e9l\u00e9gante<\/strong> - id\u00e9al pour tout environnement<br data-start=\"741\" data-end=\"744\" \/>\u2714 <strong data-start=\"746\" data-end=\"780\">Verre tremp\u00e9 et bo\u00eetier robuste<\/strong> pour une protection suppl\u00e9mentaire<\/p>\n<h3 data-start=\"807\" data-end=\"866\">\ud83c\udf27\ufe0f <strong data-start=\"815\" data-end=\"864\">Indestructible par tous les temps - Protection IP65<\/strong><\/h3>\n<p data-start=\"867\" data-end=\"1049\">\u2714 <strong data-start=\"869\" data-end=\"896\">Imperm\u00e9able \u00e0 l'eau et \u00e0 la poussi\u00e8re<\/strong> - parfait pour l'ext\u00e9rieur<br data-start=\"925\" data-end=\"928\" \/>\u2714 R\u00e9sistant \u00e0 <strong data-start=\"944\" data-end=\"973\">temps violent<\/strong><br data-start=\"973\" data-end=\"976\" \/>\u2714 Id\u00e9al pour <strong data-start=\"990\" data-end=\"1047\">les all\u00e9es, les jardins, les parkings, les entrep\u00f4ts et les terrains de sport<\/strong><\/p>\n<p data-start=\"1051\" data-end=\"1130\" data-is-last-node=\"\" data-is-only-node=\"\">\ud83d\udca1 <strong data-start=\"1054\" data-end=\"1130\" data-is-last-node=\"\">Optez pour la combinaison ultime de puissance, d'efficacit\u00e9 et de durabilit\u00e9 !<\/strong><\/p>","protected":false},"excerpt":{"rendered":"<p>\u2705 LED Widebeam 100W (15 000 lumens)<br \/>\nCouleur : 4000K, IRC &gt;85<br \/>\n\u2705 Remplace une lampe de chantier de 1000W<br \/>\n\u2705 IP66 (r\u00e9sistant aux pulv\u00e9risations)<\/p>\n<p><strong>Fiche produit<\/strong><br \/>\n<strong><a href=\"https:\/\/eprel.ec.europa.eu\/fiches\/lightsources\/Fiche_1251270_NL.pdf\">FR<\/a>\u00a0|\u00a0<a href=\"https:\/\/eprel.ec.europa.eu\/fiches\/lightsources\/Fiche_1251270_FR.pdf\">FR\u00a0<\/a>|\u00a0<a href=\"https:\/\/eprel.ec.europa.eu\/fiches\/lightsources\/Fiche_1251270_EN.pdf\">ET\u00a0<\/a>|\u00a0<a href=\"https:\/\/eprel.ec.europa.eu\/fiches\/lightsources\/Fiche_1251270_DE.pdf\">LE<\/a><\/strong><\/p>","protected":false},"featured_media":533716,"comment_status":"closed","ping_status":"closed","template":"","meta":{"_seopress_robots_primary_cat":"none","_seopress_titles_title":"LED Breedstraler 100W | Koud Wit | IP65 | Vervangt 1000W","_seopress_titles_desc":"Bespaar energie met de LED breedstraler 100W! Helder koud wit licht, IP65-waterdicht en vervangt 1000W halogeen. Perfect voor buitengebruik.","_seopress_robots_index":""},"product_brand":[],"product_cat":[87,90,530,243,242,19,112],"product_tag":[643,632,633],"class_list":{"0":"post-18962","1":"product","2":"type-product","3":"status-publish","4":"has-post-thumbnail","6":"product_cat-armaturen","7":"product_cat-buitenverlichting","8":"product_cat-deals","9":"product_cat-led-schijnwerpers","10":"product_cat-pro-led-verlichting","11":"product_cat-producten","12":"product_cat-stock-opruiming","13":"product_tag-100w","14":"product_tag-led-breedstraler","15":"product_tag-led-floodlight","17":"first","18":"instock","19":"sale","20":"taxable","21":"shipping-taxable","22":"purchasable","23":"product-type-simple"},"_links":{"self":[{"href":"https:\/\/ledshoponline.be\/fr\/wp-json\/wp\/v2\/product\/18962","targetHints":{"allow":["GET"]}}],"collection":[{"href":"https:\/\/ledshoponline.be\/fr\/wp-json\/wp\/v2\/product"}],"about":[{"href":"https:\/\/ledshoponline.be\/fr\/wp-json\/wp\/v2\/types\/product"}],"replies":[{"embeddable":true,"href":"https:\/\/ledshoponline.be\/fr\/wp-json\/wp\/v2\/comments?post=18962"}],"version-history":[{"count":1,"href":"https:\/\/ledshoponline.be\/fr\/wp-json\/wp\/v2\/product\/18962\/revisions"}],"predecessor-version":[{"id":581028,"href":"https:\/\/ledshoponline.be\/fr\/wp-json\/wp\/v2\/product\/18962\/revisions\/581028"}],"wp:featuredmedia":[{"embeddable":true,"href":"https:\/\/ledshoponline.be\/fr\/wp-json\/wp\/v2\/media\/533716"}],"wp:attachment":[{"href":"https:\/\/ledshoponline.be\/fr\/wp-json\/wp\/v2\/media?parent=18962"}],"wp:term":[{"taxonomy":"product_brand","embeddable":true,"href":"https:\/\/ledshoponline.be\/fr\/wp-json\/wp\/v2\/product_brand?post=18962"},{"taxonomy":"product_cat","embeddable":true,"href":"https:\/\/ledshoponline.be\/fr\/wp-json\/wp\/v2\/product_cat?post=18962"},{"taxonomy":"product_tag","embeddable":true,"href":"https:\/\/ledshoponline.be\/fr\/wp-json\/wp\/v2\/product_tag?post=18962"}],"curies":[{"name":"wp","href":"https:\/\/api.w.org\/{rel}","templated":true}]}}