{"id":18954,"date":"2016-12-03T13:47:52","date_gmt":"2016-12-03T13:47:52","guid":{"rendered":"https:\/\/hlncaxea.a2hosted.com\/?post_type=product&#038;p=18954"},"modified":"2025-09-03T15:38:13","modified_gmt":"2025-09-03T15:38:13","slug":"led-wide-beam-200w-cold-white-ip65-pro-28000lm-remplace-2000w","status":"publish","type":"product","link":"https:\/\/ledshoponline.be\/fr\/shop\/producten\/armaturen\/buitenverlichting\/led-breedstraler-200w-koud-wit-ip65-pro-28000lm-vervangt-2000w\/","title":{"rendered":"LED wide beam 200W cold-white IP65 pro 28000Lm ( remplace 2000w)"},"content":{"rendered":"<p>Ce projecteur LED professionnel est con\u00e7u pour r\u00e9sister \u00e0 toutes les conditions m\u00e9t\u00e9orologiques. Il est solide comme le roc et peut m\u00eame fonctionner \u00e0 des temp\u00e9ratures allant de -20\u00b0C \u00e0 48\u00b0C. La lampe est \u00e9quip\u00e9e d'un verre tremp\u00e9 et de la technologie G-buckle. Le bo\u00eetier 3D assure une dissipation optimale de la chaleur et donc une longue dur\u00e9e de vie des LED.<\/p>","protected":false},"excerpt":{"rendered":"<p>Nouveau mod\u00e8le : technologie LED sans conducteur avec jusqu'\u00e0 140lm\/w, rendue possible par l'Osram AC 3030LM-80.<\/p>\n<p>Le bo\u00eetier 3D unique et la technologie G-buckle permettent au projecteur LED de fonctionner dans une zone \u00e0 une temp\u00e9rature aussi basse que 45\u00b0C. Le beau design respire l'\u00e9l\u00e9gance.<\/p>","protected":false},"featured_media":18955,"comment_status":"closed","ping_status":"closed","template":"","meta":{"_seopress_robots_primary_cat":"none","_seopress_titles_title":"","_seopress_titles_desc":"","_seopress_robots_index":""},"product_brand":[],"product_cat":[87,90,243,242],"product_tag":[631,632,633],"class_list":{"0":"post-18954","1":"product","2":"type-product","3":"status-publish","4":"has-post-thumbnail","6":"product_cat-armaturen","7":"product_cat-buitenverlichting","8":"product_cat-led-schijnwerpers","9":"product_cat-pro-led-verlichting","10":"product_tag-led-200w","11":"product_tag-led-breedstraler","12":"product_tag-led-floodlight","14":"first","15":"instock","16":"sale","17":"taxable","18":"shipping-taxable","19":"purchasable","20":"product-type-simple"},"_links":{"self":[{"href":"https:\/\/ledshoponline.be\/fr\/wp-json\/wp\/v2\/product\/18954","targetHints":{"allow":["GET"]}}],"collection":[{"href":"https:\/\/ledshoponline.be\/fr\/wp-json\/wp\/v2\/product"}],"about":[{"href":"https:\/\/ledshoponline.be\/fr\/wp-json\/wp\/v2\/types\/product"}],"replies":[{"embeddable":true,"href":"https:\/\/ledshoponline.be\/fr\/wp-json\/wp\/v2\/comments?post=18954"}],"version-history":[{"count":1,"href":"https:\/\/ledshoponline.be\/fr\/wp-json\/wp\/v2\/product\/18954\/revisions"}],"predecessor-version":[{"id":619045,"href":"https:\/\/ledshoponline.be\/fr\/wp-json\/wp\/v2\/product\/18954\/revisions\/619045"}],"wp:featuredmedia":[{"embeddable":true,"href":"https:\/\/ledshoponline.be\/fr\/wp-json\/wp\/v2\/media\/18955"}],"wp:attachment":[{"href":"https:\/\/ledshoponline.be\/fr\/wp-json\/wp\/v2\/media?parent=18954"}],"wp:term":[{"taxonomy":"product_brand","embeddable":true,"href":"https:\/\/ledshoponline.be\/fr\/wp-json\/wp\/v2\/product_brand?post=18954"},{"taxonomy":"product_cat","embeddable":true,"href":"https:\/\/ledshoponline.be\/fr\/wp-json\/wp\/v2\/product_cat?post=18954"},{"taxonomy":"product_tag","embeddable":true,"href":"https:\/\/ledshoponline.be\/fr\/wp-json\/wp\/v2\/product_tag?post=18954"}],"curies":[{"name":"wp","href":"https:\/\/api.w.org\/{rel}","templated":true}]}}