{"id":18904,"date":"2016-10-04T19:10:41","date_gmt":"2016-10-04T19:10:41","guid":{"rendered":"https:\/\/hlncaxea.a2hosted.com\/?post_type=product&#038;p=18904"},"modified":"2025-03-09T19:42:22","modified_gmt":"2025-03-09T19:42:22","slug":"10w-led-r7s-118mm-warm-white-360-slim-2","status":"publish","type":"product","link":"https:\/\/ledshoponline.be\/fr\/shop\/producten\/led-lampen\/led-r7s-230v\/10w-led-r7s-118mm-warm-wit-360-slim\/","title":{"rendered":"9W LED R7s 118mm blanc chaud 360\u00b0 smart"},"content":{"rendered":"","protected":false},"excerpt":{"rendered":"<p>Un nouveau design intelligent avec les dimensions d'un halog\u00e8ne 118mm R7s.<br \/>\nAvec une consommation d'\u00e0 peine 9w, la r7s \u00e9met 1000lm de lumi\u00e8re chaude et agr\u00e9able.<br \/>\nLe raccord en c\u00e9ramique assure un refroidissement optimal.<\/p>","protected":false},"featured_media":18905,"comment_status":"closed","ping_status":"closed","template":"","meta":{"_seopress_robots_primary_cat":"","_seopress_titles_title":"","_seopress_titles_desc":"","_seopress_robots_index":""},"product_brand":[],"product_cat":[20,392,19],"product_tag":[180,604],"class_list":{"0":"post-18904","1":"product","2":"type-product","3":"status-publish","4":"has-post-thumbnail","6":"product_cat-led-lampen","7":"product_cat-led-r7s-230v","8":"product_cat-producten","9":"product_tag-dimbaar","10":"product_tag-led-r7s-lamp","12":"first","13":"instock","14":"sale","15":"taxable","16":"shipping-taxable","17":"purchasable","18":"product-type-simple"},"_links":{"self":[{"href":"https:\/\/ledshoponline.be\/fr\/wp-json\/wp\/v2\/product\/18904","targetHints":{"allow":["GET"]}}],"collection":[{"href":"https:\/\/ledshoponline.be\/fr\/wp-json\/wp\/v2\/product"}],"about":[{"href":"https:\/\/ledshoponline.be\/fr\/wp-json\/wp\/v2\/types\/product"}],"replies":[{"embeddable":true,"href":"https:\/\/ledshoponline.be\/fr\/wp-json\/wp\/v2\/comments?post=18904"}],"version-history":[{"count":0,"href":"https:\/\/ledshoponline.be\/fr\/wp-json\/wp\/v2\/product\/18904\/revisions"}],"wp:featuredmedia":[{"embeddable":true,"href":"https:\/\/ledshoponline.be\/fr\/wp-json\/wp\/v2\/media\/18905"}],"wp:attachment":[{"href":"https:\/\/ledshoponline.be\/fr\/wp-json\/wp\/v2\/media?parent=18904"}],"wp:term":[{"taxonomy":"product_brand","embeddable":true,"href":"https:\/\/ledshoponline.be\/fr\/wp-json\/wp\/v2\/product_brand?post=18904"},{"taxonomy":"product_cat","embeddable":true,"href":"https:\/\/ledshoponline.be\/fr\/wp-json\/wp\/v2\/product_cat?post=18904"},{"taxonomy":"product_tag","embeddable":true,"href":"https:\/\/ledshoponline.be\/fr\/wp-json\/wp\/v2\/product_tag?post=18904"}],"curies":[{"name":"wp","href":"https:\/\/api.w.org\/{rel}","templated":true}]}}