{"id":18889,"date":"2016-09-23T14:52:07","date_gmt":"2016-09-23T14:52:07","guid":{"rendered":"https:\/\/hlncaxea.a2hosted.com\/?post_type=product&#038;p=18889"},"modified":"2025-09-22T20:42:48","modified_gmt":"2025-09-22T20:42:48","slug":"lampe-dexterieur-led-blanche-2","status":"publish","type":"product","link":"https:\/\/ledshoponline.be\/fr\/shop\/producten\/armaturen\/buitenverlichting\/witte-led-buitenlamp-2\/","title":{"rendered":"Lampe LED blanche pour l'ext\u00e9rieur"},"content":{"rendered":"<p>Sa grande taille le rend tr\u00e8s appropri\u00e9 comme \u00e9clairage de s\u00e9curit\u00e9 pour mettre en valeur des \u00e9l\u00e9ments ou des lieux dans votre jardin.<br \/>\nFabriqu\u00e9 en plastique et en m\u00e9tal. Le projecteur est inclinable \u00e0 un angle de 45 degr\u00e9s.<\/p>\n<p>- Classe d'\u00e9tanch\u00e9it\u00e9 : IP55<\/p>\n<p>Le capuchon d'\u00e9tanch\u00e9it\u00e9 du cordon est fix\u00e9 \u00e0 l'int\u00e9rieur de la lampe lors de la livraison. Pour am\u00e9liorer l'\u00e9tanch\u00e9it\u00e9, il est conseill\u00e9 de le fixer \u00e0 l'ext\u00e9rieur.<\/p>\n<div class=\"column_header\">\n<p class=\"head\"><strong>DIMENSIONS<\/strong><\/p>\n<\/div>\n<p class=\"head\"><strong>total<\/strong><\/p>\n<p><span class=\"size_label\">l'\u00e9tendue :<\/span>21,00 cm<\/p>\n<p><span class=\"size_label\">hauteur min :<\/span>12,00 cm<\/p>\n<p><span class=\"size_label\">hauteur max :<\/span>20,00 cm<\/p>\n<p><span class=\"size_label\">profondeur min :<\/span>32,00 cm<\/p>\n<p><span class=\"size_label\">profondeur max :<\/span>34,00 cm<\/p>\n<p class=\"head\"><strong>capuchon<\/strong><\/p>\n<p><span class=\"size_label\">l'\u00e9tendue :<\/span>21,00 cm<\/p>\n<p><span class=\"size_label\">hauteur :<\/span>11,00 cm<\/p>\n<p><span class=\"size_label\">profondeur :<\/span>24,00 cm<\/p>\n<p class=\"head\"><strong>plaque murale<\/strong><\/p>\n<p><span class=\"size_label\">diam\u00e8tre :<\/span>12,00 cm<\/p>","protected":false},"excerpt":{"rendered":"<p>Grande lampe d'ext\u00e9rieur blanche convenant \u00e0 l'\u00e9clairage de grandes surfaces. Cette lampe d'ext\u00e9rieur convient comme applique murale mais, gr\u00e2ce \u00e0 la possibilit\u00e9 d'inclinaison, elle convient certainement aussi comme spot au sol.<br \/>\nLivr\u00e9 avec une ampoule led 6W 2700k.<\/p>","protected":false},"featured_media":18890,"comment_status":"closed","ping_status":"closed","template":"","meta":{"_seopress_robots_primary_cat":"","_seopress_titles_title":"","_seopress_titles_desc":"","_seopress_robots_index":""},"product_brand":[],"product_cat":[90],"product_tag":[],"class_list":{"0":"post-18889","1":"product","2":"type-product","3":"status-publish","4":"has-post-thumbnail","6":"product_cat-buitenverlichting","8":"first","9":"outofstock","10":"taxable","11":"shipping-taxable","12":"purchasable","13":"product-type-simple"},"_links":{"self":[{"href":"https:\/\/ledshoponline.be\/fr\/wp-json\/wp\/v2\/product\/18889","targetHints":{"allow":["GET"]}}],"collection":[{"href":"https:\/\/ledshoponline.be\/fr\/wp-json\/wp\/v2\/product"}],"about":[{"href":"https:\/\/ledshoponline.be\/fr\/wp-json\/wp\/v2\/types\/product"}],"replies":[{"embeddable":true,"href":"https:\/\/ledshoponline.be\/fr\/wp-json\/wp\/v2\/comments?post=18889"}],"version-history":[{"count":1,"href":"https:\/\/ledshoponline.be\/fr\/wp-json\/wp\/v2\/product\/18889\/revisions"}],"predecessor-version":[{"id":624448,"href":"https:\/\/ledshoponline.be\/fr\/wp-json\/wp\/v2\/product\/18889\/revisions\/624448"}],"wp:featuredmedia":[{"embeddable":true,"href":"https:\/\/ledshoponline.be\/fr\/wp-json\/wp\/v2\/media\/18890"}],"wp:attachment":[{"href":"https:\/\/ledshoponline.be\/fr\/wp-json\/wp\/v2\/media?parent=18889"}],"wp:term":[{"taxonomy":"product_brand","embeddable":true,"href":"https:\/\/ledshoponline.be\/fr\/wp-json\/wp\/v2\/product_brand?post=18889"},{"taxonomy":"product_cat","embeddable":true,"href":"https:\/\/ledshoponline.be\/fr\/wp-json\/wp\/v2\/product_cat?post=18889"},{"taxonomy":"product_tag","embeddable":true,"href":"https:\/\/ledshoponline.be\/fr\/wp-json\/wp\/v2\/product_tag?post=18889"}],"curies":[{"name":"wp","href":"https:\/\/api.w.org\/{rel}","templated":true}]}}