{"id":18844,"date":"2016-09-08T21:31:29","date_gmt":"2016-09-08T21:31:29","guid":{"rendered":"https:\/\/hlncaxea.a2hosted.com\/?post_type=product&#038;p=18844"},"modified":"2025-10-17T12:47:52","modified_gmt":"2025-10-17T12:47:52","slug":"cadre-blanc-pour-montage-en-saillie-pour-panneau-led-60x60","status":"publish","type":"product","link":"https:\/\/ledshoponline.be\/fr\/shop\/producten\/led-panelen\/wit-opbouw-frame-voor-led-paneel-60x60\/","title":{"rendered":"Cadre blanc pour panneau Led 60\u00d760"},"content":{"rendered":"<p>Le cadre pour montage en saillie se compose de 4 pi\u00e8ces. Les pi\u00e8ces sont assembl\u00e9es \u00e0 l'aide des accessoires fournis.<\/p>\n<p>Hauteur totale : 5 cm<\/p>\n<p><strong>Aucun panneau LED n'est inclus, il s'agit simplement d'un cadre permettant de fixer un panneau LED au plafond.<\/strong><\/p>","protected":false},"excerpt":{"rendered":"<p>Le partenaire id\u00e9al pour fixer un panneau LED 60\u00d760 au plafond. Fabriqu\u00e9 en aluminium anodis\u00e9 blanc. Le cadre est facile \u00e0 monter gr\u00e2ce au kit fourni.<\/p>","protected":false},"featured_media":18845,"comment_status":"closed","ping_status":"closed","template":"","meta":{"_seopress_robots_primary_cat":"none","_seopress_titles_title":"","_seopress_titles_desc":"","_seopress_robots_index":""},"product_brand":[],"product_cat":[259],"product_tag":[449],"class_list":{"0":"post-18844","1":"product","2":"type-product","3":"status-publish","4":"has-post-thumbnail","6":"product_cat-led-panelen","7":"product_tag-opbouwframe-led-paneel","9":"first","10":"instock","11":"sale","12":"taxable","13":"shipping-taxable","14":"purchasable","15":"product-type-simple"},"_links":{"self":[{"href":"https:\/\/ledshoponline.be\/fr\/wp-json\/wp\/v2\/product\/18844","targetHints":{"allow":["GET"]}}],"collection":[{"href":"https:\/\/ledshoponline.be\/fr\/wp-json\/wp\/v2\/product"}],"about":[{"href":"https:\/\/ledshoponline.be\/fr\/wp-json\/wp\/v2\/types\/product"}],"replies":[{"embeddable":true,"href":"https:\/\/ledshoponline.be\/fr\/wp-json\/wp\/v2\/comments?post=18844"}],"version-history":[{"count":1,"href":"https:\/\/ledshoponline.be\/fr\/wp-json\/wp\/v2\/product\/18844\/revisions"}],"predecessor-version":[{"id":628332,"href":"https:\/\/ledshoponline.be\/fr\/wp-json\/wp\/v2\/product\/18844\/revisions\/628332"}],"wp:featuredmedia":[{"embeddable":true,"href":"https:\/\/ledshoponline.be\/fr\/wp-json\/wp\/v2\/media\/18845"}],"wp:attachment":[{"href":"https:\/\/ledshoponline.be\/fr\/wp-json\/wp\/v2\/media?parent=18844"}],"wp:term":[{"taxonomy":"product_brand","embeddable":true,"href":"https:\/\/ledshoponline.be\/fr\/wp-json\/wp\/v2\/product_brand?post=18844"},{"taxonomy":"product_cat","embeddable":true,"href":"https:\/\/ledshoponline.be\/fr\/wp-json\/wp\/v2\/product_cat?post=18844"},{"taxonomy":"product_tag","embeddable":true,"href":"https:\/\/ledshoponline.be\/fr\/wp-json\/wp\/v2\/product_tag?post=18844"}],"curies":[{"name":"wp","href":"https:\/\/api.w.org\/{rel}","templated":true}]}}