{"id":18811,"date":"2016-06-18T18:14:11","date_gmt":"2016-06-18T18:14:11","guid":{"rendered":"https:\/\/hlncaxea.a2hosted.com\/?post_type=product&#038;p=18811"},"modified":"2025-04-16T09:45:25","modified_gmt":"2025-04-16T09:45:25","slug":"spot-encastre-led-7w-dimmable-blanc-chaud-acier-inoxydable","status":"publish","type":"product","link":"https:\/\/ledshoponline.be\/fr\/shop\/producten\/armaturen\/inbouwspots\/led-inbouwspot-7w-dimbaar-warm-wit-rvs\/","title":{"rendered":"Spot encastr\u00e9 LED | 5W | dimmable | Blanc chaud 2700k inox"},"content":{"rendered":"<p>La lampe AC COB sp\u00e9cialement d\u00e9velopp\u00e9e par Samsung fonctionne directement sur 230 V avec un pilote externe \u00e0 gradation.<br \/>\nPar cons\u00e9quent, la dur\u00e9e de vie a \u00e9norm\u00e9ment augment\u00e9. Cela signifie \u00e9galement que la LED dispose d'une plus grande puissance.<\/p>\n<p>- dimensions internes \/ taille de coupe : 68-75mm<br \/>\n- diam\u00e8tre ext\u00e9rieur : 82 mm<br \/>\n- Hauteur du spot LED : 26 mm<br \/>\n- hauteur d'installation recommand\u00e9e : 36 mm<br \/>\n- convient pour les salles de bains IP65<\/p>","protected":false},"excerpt":{"rendered":"<p>Un luminaire LED downlight en acier inoxydable inclinable qui attire l'attention. Ce spot LED a une dur\u00e9e de vie plus longue et remplace facilement un halog\u00e8ne de 50W avec seulement 5W. Le luminaire est inclinable et gradable.<\/p>","protected":false},"featured_media":18812,"comment_status":"closed","ping_status":"closed","template":"","meta":{"_seopress_robots_primary_cat":"none","_seopress_titles_title":"","_seopress_titles_desc":"","_seopress_robots_index":""},"product_brand":[],"product_cat":[87,88,455,132],"product_tag":[456,457,458],"class_list":{"0":"post-18811","1":"product","2":"type-product","3":"status-publish","4":"has-post-thumbnail","6":"product_cat-armaturen","7":"product_cat-inbouwspots","8":"product_cat-led-downlights","9":"product_cat-led-spots","10":"product_tag-dimbare-led-armatuur","11":"product_tag-led-inbouwspot","12":"product_tag-wit","14":"first","15":"outofstock","16":"taxable","17":"shipping-taxable","18":"purchasable","19":"product-type-simple"},"_links":{"self":[{"href":"https:\/\/ledshoponline.be\/fr\/wp-json\/wp\/v2\/product\/18811","targetHints":{"allow":["GET"]}}],"collection":[{"href":"https:\/\/ledshoponline.be\/fr\/wp-json\/wp\/v2\/product"}],"about":[{"href":"https:\/\/ledshoponline.be\/fr\/wp-json\/wp\/v2\/types\/product"}],"replies":[{"embeddable":true,"href":"https:\/\/ledshoponline.be\/fr\/wp-json\/wp\/v2\/comments?post=18811"}],"version-history":[{"count":1,"href":"https:\/\/ledshoponline.be\/fr\/wp-json\/wp\/v2\/product\/18811\/revisions"}],"predecessor-version":[{"id":556098,"href":"https:\/\/ledshoponline.be\/fr\/wp-json\/wp\/v2\/product\/18811\/revisions\/556098"}],"wp:featuredmedia":[{"embeddable":true,"href":"https:\/\/ledshoponline.be\/fr\/wp-json\/wp\/v2\/media\/18812"}],"wp:attachment":[{"href":"https:\/\/ledshoponline.be\/fr\/wp-json\/wp\/v2\/media?parent=18811"}],"wp:term":[{"taxonomy":"product_brand","embeddable":true,"href":"https:\/\/ledshoponline.be\/fr\/wp-json\/wp\/v2\/product_brand?post=18811"},{"taxonomy":"product_cat","embeddable":true,"href":"https:\/\/ledshoponline.be\/fr\/wp-json\/wp\/v2\/product_cat?post=18811"},{"taxonomy":"product_tag","embeddable":true,"href":"https:\/\/ledshoponline.be\/fr\/wp-json\/wp\/v2\/product_tag?post=18811"}],"curies":[{"name":"wp","href":"https:\/\/api.w.org\/{rel}","templated":true}]}}