{"id":18801,"date":"2016-05-23T19:13:03","date_gmt":"2016-05-23T19:13:03","guid":{"rendered":"https:\/\/hlncaxea.a2hosted.com\/?post_type=product&#038;p=18801"},"modified":"2025-03-09T19:42:18","modified_gmt":"2025-03-09T19:42:18","slug":"connecteur-de-cable-etanche-ip68","status":"publish","type":"product","link":"https:\/\/ledshoponline.be\/fr\/shop\/producten\/toebehoren\/kabels-stekkers\/waterdichte-kabel-verbinder-ip68\/","title":{"rendered":"Connecteur de c\u00e2ble \u00e9tanche IP68"},"content":{"rendered":"<p><strong>Imperm\u00e9able \u00e0 l'eau :<\/strong> IP68<\/p>\n<p><strong>Gaine du c\u00e2ble min :<\/strong> \u00d8 3,5 mm<\/p>\n<p><strong>Gaine du c\u00e2ble max :<\/strong> \u00d8 7 mm<\/p>\n<p><strong>\u00c9paisseur maximale du fil :<\/strong>\u00a01,5 mm2<\/p>","protected":false},"excerpt":{"rendered":"<p>Connecteur de c\u00e2ble pour faciliter l'imperm\u00e9abilisation d'un projecteur LED par exemple.<br \/>\nLe connecteur \u00e9tanche est certifi\u00e9 CE et RoHS et est conforme \u00e0 la norme IP68.<br \/>\nConvient pour le raccordement \u00e9tanche d'un maximum de 3 conducteurs d'une section de 0,5 \u00e0 1 mm\u00b2.<\/p>","protected":false},"featured_media":18802,"comment_status":"closed","ping_status":"closed","template":"","meta":{"_seopress_robots_primary_cat":"","_seopress_titles_title":"","_seopress_titles_desc":"","_seopress_robots_index":""},"product_brand":[],"product_cat":[481,243,242],"product_tag":[],"class_list":{"0":"post-18801","1":"product","2":"type-product","3":"status-publish","4":"has-post-thumbnail","6":"product_cat-kabels-stekkers","7":"product_cat-led-schijnwerpers","8":"product_cat-pro-led-verlichting","10":"first","11":"instock","12":"sale","13":"taxable","14":"shipping-taxable","15":"purchasable","16":"product-type-simple"},"_links":{"self":[{"href":"https:\/\/ledshoponline.be\/fr\/wp-json\/wp\/v2\/product\/18801","targetHints":{"allow":["GET"]}}],"collection":[{"href":"https:\/\/ledshoponline.be\/fr\/wp-json\/wp\/v2\/product"}],"about":[{"href":"https:\/\/ledshoponline.be\/fr\/wp-json\/wp\/v2\/types\/product"}],"replies":[{"embeddable":true,"href":"https:\/\/ledshoponline.be\/fr\/wp-json\/wp\/v2\/comments?post=18801"}],"version-history":[{"count":0,"href":"https:\/\/ledshoponline.be\/fr\/wp-json\/wp\/v2\/product\/18801\/revisions"}],"wp:featuredmedia":[{"embeddable":true,"href":"https:\/\/ledshoponline.be\/fr\/wp-json\/wp\/v2\/media\/18802"}],"wp:attachment":[{"href":"https:\/\/ledshoponline.be\/fr\/wp-json\/wp\/v2\/media?parent=18801"}],"wp:term":[{"taxonomy":"product_brand","embeddable":true,"href":"https:\/\/ledshoponline.be\/fr\/wp-json\/wp\/v2\/product_brand?post=18801"},{"taxonomy":"product_cat","embeddable":true,"href":"https:\/\/ledshoponline.be\/fr\/wp-json\/wp\/v2\/product_cat?post=18801"},{"taxonomy":"product_tag","embeddable":true,"href":"https:\/\/ledshoponline.be\/fr\/wp-json\/wp\/v2\/product_tag?post=18801"}],"curies":[{"name":"wp","href":"https:\/\/api.w.org\/{rel}","templated":true}]}}