{"id":18797,"date":"2016-05-19T22:49:18","date_gmt":"2016-05-19T22:49:18","guid":{"rendered":"https:\/\/hlncaxea.a2hosted.com\/?post_type=product&#038;p=18797"},"modified":"2025-08-27T09:21:17","modified_gmt":"2025-08-27T09:21:17","slug":"gu10-5w-glass-led-spotlight-2700k-dimmable","status":"publish","type":"product","link":"https:\/\/ledshoponline.be\/fr\/shop\/producten\/led-spots\/led-spot-gu10-230v\/gu10-5w-glas-led-spot-2700k-dimbaar\/","title":{"rendered":"GU10 3.6W Glass LED spotlight 2700k dimmable | High lumens 400LM"},"content":{"rendered":"<p>La nouvelle g\u00e9n\u00e9ration de spots LED ayant l'aspect d'un spot halog\u00e8ne contient une nouvelle puce de puissance LED d'Epistar avec un rendement lumineux maximal de 120lm\/w. Comme les spots LED sont fabriqu\u00e9s en verre, nous pouvons les produire \u00e0 moindre co\u00fbt. La m\u00eame qualit\u00e9 \u00e0 un prix inf\u00e9rieur. Commandez maintenant et \u00e9conomisez sur votre consommation !<\/p>","protected":false},"excerpt":{"rendered":"<p><strong>Fiche produit<\/strong><br \/>\n<strong><a href=\"https:\/\/eprel.ec.europa.eu\/fiches\/lightsources\/Fiche_958039_NL.pdf\">FR<\/a>\u00a0|\u00a0<a href=\"https:\/\/eprel.ec.europa.eu\/fiches\/lightsources\/Fiche_958039_FR.pdf\">FR\u00a0<\/a>|\u00a0<a href=\"https:\/\/eprel.ec.europa.eu\/fiches\/lightsources\/Fiche_958039_EN.pdf\">ET\u00a0<\/a>|\u00a0<a href=\"https:\/\/eprel.ec.europa.eu\/fiches\/lightsources\/Fiche_958039_DE.pdf\">LE<\/a><\/strong><\/p>","protected":false},"featured_media":18798,"comment_status":"closed","ping_status":"closed","template":"","meta":{"_seopress_robots_primary_cat":"none","_seopress_titles_title":"","_seopress_titles_desc":"","_seopress_robots_index":""},"product_brand":[],"product_cat":[133,132,19],"product_tag":[588,589,198,206],"class_list":{"0":"post-18797","1":"product","2":"type-product","3":"status-publish","4":"has-post-thumbnail","6":"product_cat-led-spot-gu10-230v","7":"product_cat-led-spots","8":"product_cat-producten","9":"product_tag-dimbare-led-spot-glas","10":"product_tag-led-spot-4w","11":"product_tag-segula","12":"product_tag-yarled","14":"first","15":"instock","16":"taxable","17":"shipping-taxable","18":"purchasable","19":"product-type-simple"},"_links":{"self":[{"href":"https:\/\/ledshoponline.be\/fr\/wp-json\/wp\/v2\/product\/18797","targetHints":{"allow":["GET"]}}],"collection":[{"href":"https:\/\/ledshoponline.be\/fr\/wp-json\/wp\/v2\/product"}],"about":[{"href":"https:\/\/ledshoponline.be\/fr\/wp-json\/wp\/v2\/types\/product"}],"replies":[{"embeddable":true,"href":"https:\/\/ledshoponline.be\/fr\/wp-json\/wp\/v2\/comments?post=18797"}],"version-history":[{"count":1,"href":"https:\/\/ledshoponline.be\/fr\/wp-json\/wp\/v2\/product\/18797\/revisions"}],"predecessor-version":[{"id":616572,"href":"https:\/\/ledshoponline.be\/fr\/wp-json\/wp\/v2\/product\/18797\/revisions\/616572"}],"wp:featuredmedia":[{"embeddable":true,"href":"https:\/\/ledshoponline.be\/fr\/wp-json\/wp\/v2\/media\/18798"}],"wp:attachment":[{"href":"https:\/\/ledshoponline.be\/fr\/wp-json\/wp\/v2\/media?parent=18797"}],"wp:term":[{"taxonomy":"product_brand","embeddable":true,"href":"https:\/\/ledshoponline.be\/fr\/wp-json\/wp\/v2\/product_brand?post=18797"},{"taxonomy":"product_cat","embeddable":true,"href":"https:\/\/ledshoponline.be\/fr\/wp-json\/wp\/v2\/product_cat?post=18797"},{"taxonomy":"product_tag","embeddable":true,"href":"https:\/\/ledshoponline.be\/fr\/wp-json\/wp\/v2\/product_tag?post=18797"}],"curies":[{"name":"wp","href":"https:\/\/api.w.org\/{rel}","templated":true}]}}