{"id":18783,"date":"2016-06-07T21:19:34","date_gmt":"2016-06-07T21:19:34","guid":{"rendered":"https:\/\/hlncaxea.a2hosted.com\/?post_type=product&#038;p=18783"},"modified":"2025-03-09T19:42:14","modified_gmt":"2025-03-09T19:42:14","slug":"e27-8w-led-bulb-95mm-edison-dimmable-60w-replacement-2","status":"publish","type":"product","link":"https:\/\/ledshoponline.be\/fr\/shop\/producten\/led-lampen\/led-filament-lampen\/e27-8w-led-bol-95mm-edison-dimbaar-60w-vervanger\/","title":{"rendered":"E27 Ampoule LED 6W 95mm | Flex Filament | dimmable G95 | 470lm 2100k"},"content":{"rendered":"<p>Une ampoule LED attrayante qui diffuse une belle lumi\u00e8re chaude \u00e0 360\u00b0.<br \/>\nId\u00e9al pour la restauration et l'usage domestique.<\/p>","protected":false},"excerpt":{"rendered":"<p>Ampoule LED G95 Flex Filament de 6W avec une lumi\u00e8re tr\u00e8s chaude de 2100k. Convient \u00e9galement \u00e0 une utilisation en ext\u00e9rieur.<br \/>\nLe tout \u00e0 un prix unique.<\/p>\n<p><strong>Fiche produit<\/strong><br \/>\n<strong><a href=\"https:\/\/eprel.ec.europa.eu\/fiches\/lightsources\/Fiche_1235271_NL.pdf\">FR<\/a>\u00a0|\u00a0<a href=\"https:\/\/eprel.ec.europa.eu\/fiches\/lightsources\/Fiche_1235271_FR.pdf\">FR\u00a0<\/a>|\u00a0<a href=\"https:\/\/eprel.ec.europa.eu\/fiches\/lightsources\/Fiche_1235271_EN.pdf\">ET\u00a0<\/a>|\u00a0<a href=\"https:\/\/eprel.ec.europa.eu\/fiches\/lightsources\/Fiche_1235271_DE.pdf\">LE<\/a><\/strong><\/p>","protected":false},"featured_media":18784,"comment_status":"closed","ping_status":"closed","template":"","meta":{"_seopress_robots_primary_cat":"","_seopress_titles_title":"","_seopress_titles_desc":"","_seopress_robots_index":""},"product_brand":[],"product_cat":[268,111,20,19,112],"product_tag":[581,180,198],"class_list":{"0":"post-18783","1":"product","2":"type-product","3":"status-publish","4":"has-post-thumbnail","6":"product_cat-led-filament-lampen","7":"product_cat-led-lamp-e27","8":"product_cat-led-lampen","9":"product_cat-producten","10":"product_cat-stock-opruiming","11":"product_tag-bol-led","12":"product_tag-dimbaar","13":"product_tag-segula","15":"first","16":"instock","17":"taxable","18":"shipping-taxable","19":"purchasable","20":"product-type-simple"},"_links":{"self":[{"href":"https:\/\/ledshoponline.be\/fr\/wp-json\/wp\/v2\/product\/18783","targetHints":{"allow":["GET"]}}],"collection":[{"href":"https:\/\/ledshoponline.be\/fr\/wp-json\/wp\/v2\/product"}],"about":[{"href":"https:\/\/ledshoponline.be\/fr\/wp-json\/wp\/v2\/types\/product"}],"replies":[{"embeddable":true,"href":"https:\/\/ledshoponline.be\/fr\/wp-json\/wp\/v2\/comments?post=18783"}],"version-history":[{"count":0,"href":"https:\/\/ledshoponline.be\/fr\/wp-json\/wp\/v2\/product\/18783\/revisions"}],"wp:featuredmedia":[{"embeddable":true,"href":"https:\/\/ledshoponline.be\/fr\/wp-json\/wp\/v2\/media\/18784"}],"wp:attachment":[{"href":"https:\/\/ledshoponline.be\/fr\/wp-json\/wp\/v2\/media?parent=18783"}],"wp:term":[{"taxonomy":"product_brand","embeddable":true,"href":"https:\/\/ledshoponline.be\/fr\/wp-json\/wp\/v2\/product_brand?post=18783"},{"taxonomy":"product_cat","embeddable":true,"href":"https:\/\/ledshoponline.be\/fr\/wp-json\/wp\/v2\/product_cat?post=18783"},{"taxonomy":"product_tag","embeddable":true,"href":"https:\/\/ledshoponline.be\/fr\/wp-json\/wp\/v2\/product_tag?post=18783"}],"curies":[{"name":"wp","href":"https:\/\/api.w.org\/{rel}","templated":true}]}}