{"id":18752,"date":"2016-05-04T21:10:03","date_gmt":"2016-05-04T21:10:03","guid":{"rendered":"https:\/\/hlncaxea.a2hosted.com\/?post_type=product&#038;p=18752"},"modified":"2025-03-09T19:42:12","modified_gmt":"2025-03-09T19:42:12","slug":"downlight-led-downlight-3w-blanc-chaud","status":"publish","type":"product","link":"https:\/\/ledshoponline.be\/fr\/shop\/producten\/armaturen\/inbouwspots\/led-inbouwspot-downlight-3w-warm-wit\/","title":{"rendered":"Downlight LED - downlight 3W Blanc chaud"},"content":{"rendered":"","protected":false},"excerpt":{"rendered":"<p>Eclairage encastr\u00e9 LED 3w \u00e9l\u00e9gant \u00e0 un prix comp\u00e9titif. Remplace le spot halog\u00e8ne de 25W. En mat\u00e9riau blanc. Pilote LED inclus. \u00c9galement inclinable.<\/p>","protected":false},"featured_media":18753,"comment_status":"closed","ping_status":"closed","template":"","meta":{"_seopress_robots_primary_cat":"","_seopress_titles_title":"","_seopress_titles_desc":"","_seopress_robots_index":""},"product_brand":[],"product_cat":[87,88,455,132,19],"product_tag":[571],"class_list":{"0":"post-18752","1":"product","2":"type-product","3":"status-publish","4":"has-post-thumbnail","6":"product_cat-armaturen","7":"product_cat-inbouwspots","8":"product_cat-led-downlights","9":"product_cat-led-spots","10":"product_cat-producten","11":"product_tag-led-downlight","13":"first","14":"instock","15":"taxable","16":"shipping-taxable","17":"purchasable","18":"product-type-simple"},"_links":{"self":[{"href":"https:\/\/ledshoponline.be\/fr\/wp-json\/wp\/v2\/product\/18752","targetHints":{"allow":["GET"]}}],"collection":[{"href":"https:\/\/ledshoponline.be\/fr\/wp-json\/wp\/v2\/product"}],"about":[{"href":"https:\/\/ledshoponline.be\/fr\/wp-json\/wp\/v2\/types\/product"}],"replies":[{"embeddable":true,"href":"https:\/\/ledshoponline.be\/fr\/wp-json\/wp\/v2\/comments?post=18752"}],"version-history":[{"count":0,"href":"https:\/\/ledshoponline.be\/fr\/wp-json\/wp\/v2\/product\/18752\/revisions"}],"wp:featuredmedia":[{"embeddable":true,"href":"https:\/\/ledshoponline.be\/fr\/wp-json\/wp\/v2\/media\/18753"}],"wp:attachment":[{"href":"https:\/\/ledshoponline.be\/fr\/wp-json\/wp\/v2\/media?parent=18752"}],"wp:term":[{"taxonomy":"product_brand","embeddable":true,"href":"https:\/\/ledshoponline.be\/fr\/wp-json\/wp\/v2\/product_brand?post=18752"},{"taxonomy":"product_cat","embeddable":true,"href":"https:\/\/ledshoponline.be\/fr\/wp-json\/wp\/v2\/product_cat?post=18752"},{"taxonomy":"product_tag","embeddable":true,"href":"https:\/\/ledshoponline.be\/fr\/wp-json\/wp\/v2\/product_tag?post=18752"}],"curies":[{"name":"wp","href":"https:\/\/api.w.org\/{rel}","templated":true}]}}