{"id":18733,"date":"2016-03-26T13:07:17","date_gmt":"2016-03-26T13:07:17","guid":{"rendered":"https:\/\/hlncaxea.a2hosted.com\/?post_type=product&#038;p=18733"},"modified":"2025-03-09T19:42:09","modified_gmt":"2025-03-09T19:42:09","slug":"gradateur-pour-bandes-de-leds-unicolores-230v","status":"publish","type":"product","link":"https:\/\/ledshoponline.be\/fr\/shop\/producten\/toebehoren\/230v-led-dimmers\/dimmer-voor-enkel-kleurige-230v-led-strips\/","title":{"rendered":"Variateur pour bandes LED 230v unicolores RF"},"content":{"rendered":"<p>Un variateur de lumi\u00e8re LED avec une t\u00e9l\u00e9commande \u00e0 23 boutons pour les bandes LED 230 volts. La t\u00e9l\u00e9commande propose 10 intensit\u00e9s lumineuses pr\u00e9r\u00e9gl\u00e9es et 8 effets lumineux. Le variateur\/contr\u00f4leur et la t\u00e9l\u00e9commande fonctionnent par radiofr\u00e9quence (RF). La port\u00e9e de la t\u00e9l\u00e9commande est, selon la situation, de 10 m\u00e8tres. Ce variateur convient \u00e0 nos bandes de LED unicolores, donc pas pour le RVB. Le variateur est \u00e9galement dot\u00e9 d'une fonction de m\u00e9morisation, de sorte que lorsque le courant est coup\u00e9, le variateur conserve le dernier r\u00e9glage.<\/p>\n<p>Une t\u00e9l\u00e9commande et un contr\u00f4leur pour faire varier la luminosit\u00e9 d'une bande de LED unicolore de 220v \u00e0 230v.<\/p>\n<p>Le contr\u00f4leur n'est pas \u00e9tanche !<\/p>\n<p><strong>Entr\u00e9e :<\/strong> 200-240VAC<br \/>\n<strong>Wattage Max : <\/strong>750W<br \/>\n<strong>Dimensions : Contr\u00f4leur :<\/strong> \u00a0L : 90mm \/ L : 70mm \/ H : 28mm, <strong>T\u00e9l\u00e9commande<\/strong>L : 109mm \/ L : 53mm \/ P : 15.5mm<\/p>","protected":false},"excerpt":{"rendered":"<p>Een LED Dimmer controller met 23 knops afstandbediening voor de LED Strips 230 Volt. Er zijn 10 voor ingestelde lichtsterktes<\/p>","protected":false},"featured_media":18734,"comment_status":"closed","ping_status":"closed","template":"","meta":{"_seopress_robots_primary_cat":"","_seopress_titles_title":"","_seopress_titles_desc":"","_seopress_robots_index":""},"product_brand":[],"product_cat":[86,40,229,41,42],"product_tag":[551,552,553],"class_list":{"0":"post-18733","1":"product","2":"type-product","3":"status-publish","4":"has-post-thumbnail","6":"product_cat-230v-led-dimmers","7":"product_cat-led-strips","8":"product_cat-led-strips-230v","9":"product_cat-led-strips-toebehoren","10":"product_cat-toebehoren","11":"product_tag-dimmer-220v-ledstrip","12":"product_tag-dimmer-led-strip","13":"product_tag-led-strip-230v-dimmer","15":"first","16":"instock","17":"taxable","18":"shipping-taxable","19":"purchasable","20":"product-type-simple"},"_links":{"self":[{"href":"https:\/\/ledshoponline.be\/fr\/wp-json\/wp\/v2\/product\/18733","targetHints":{"allow":["GET"]}}],"collection":[{"href":"https:\/\/ledshoponline.be\/fr\/wp-json\/wp\/v2\/product"}],"about":[{"href":"https:\/\/ledshoponline.be\/fr\/wp-json\/wp\/v2\/types\/product"}],"replies":[{"embeddable":true,"href":"https:\/\/ledshoponline.be\/fr\/wp-json\/wp\/v2\/comments?post=18733"}],"version-history":[{"count":0,"href":"https:\/\/ledshoponline.be\/fr\/wp-json\/wp\/v2\/product\/18733\/revisions"}],"wp:featuredmedia":[{"embeddable":true,"href":"https:\/\/ledshoponline.be\/fr\/wp-json\/wp\/v2\/media\/18734"}],"wp:attachment":[{"href":"https:\/\/ledshoponline.be\/fr\/wp-json\/wp\/v2\/media?parent=18733"}],"wp:term":[{"taxonomy":"product_brand","embeddable":true,"href":"https:\/\/ledshoponline.be\/fr\/wp-json\/wp\/v2\/product_brand?post=18733"},{"taxonomy":"product_cat","embeddable":true,"href":"https:\/\/ledshoponline.be\/fr\/wp-json\/wp\/v2\/product_cat?post=18733"},{"taxonomy":"product_tag","embeddable":true,"href":"https:\/\/ledshoponline.be\/fr\/wp-json\/wp\/v2\/product_tag?post=18733"}],"curies":[{"name":"wp","href":"https:\/\/api.w.org\/{rel}","templated":true}]}}