{"id":18702,"date":"2016-03-16T09:07:31","date_gmt":"2016-03-16T09:07:31","guid":{"rendered":"https:\/\/hlncaxea.a2hosted.com\/?post_type=product&#038;p=18702"},"modified":"2025-03-09T19:42:07","modified_gmt":"2025-03-09T19:42:07","slug":"controleur-rgb-avec-telecommande-pour-bande-led-rgb-230v","status":"publish","type":"product","link":"https:\/\/ledshoponline.be\/fr\/shop\/producten\/led-strips\/led-strips-230v\/rgb-controller-met-afstandsbediening-voor-230v-rgb-led-strip\/","title":{"rendered":"Contr\u00f4leur RGB avec t\u00e9l\u00e9commande pour bande LED RGB 230v"},"content":{"rendered":"","protected":false},"excerpt":{"rendered":"<p style=\"text-align: left;\">T\u00e9l\u00e9commande RGB. Convient \u00e0 notre bande de LED RVB 230v.<br \/>\n17 couleurs diff\u00e9rentes, telles que blanc\/rouge\/bleu\/jaune\/flash\/fade etc...<br \/>\nCommande sans fil par radiofr\u00e9quence.<\/p>\n<p>Entr\u00e9e : 200-240VAC<br \/>\nSortie : 1,5A CH x 3<br \/>\nPuissance maximale : 1500W (permet de faire fonctionner jusqu'\u00e0 100m de bande LED RVB)<\/p>","protected":false},"featured_media":18703,"comment_status":"closed","ping_status":"closed","template":"","meta":{"_seopress_robots_primary_cat":"","_seopress_titles_title":"","_seopress_titles_desc":"","_seopress_robots_index":""},"product_brand":[],"product_cat":[40,229,41,324,42],"product_tag":[540,541,542],"class_list":{"0":"post-18702","1":"product","2":"type-product","3":"status-publish","4":"has-post-thumbnail","6":"product_cat-led-strips","7":"product_cat-led-strips-230v","8":"product_cat-led-strips-toebehoren","9":"product_cat-rgb-controller-remote","10":"product_cat-toebehoren","11":"product_tag-led-strip-rgb-230v","12":"product_tag-rf-remote-rgb","13":"product_tag-rgb-controller-230v-led-strip","15":"first","16":"instock","17":"taxable","18":"shipping-taxable","19":"purchasable","20":"product-type-simple"},"_links":{"self":[{"href":"https:\/\/ledshoponline.be\/fr\/wp-json\/wp\/v2\/product\/18702","targetHints":{"allow":["GET"]}}],"collection":[{"href":"https:\/\/ledshoponline.be\/fr\/wp-json\/wp\/v2\/product"}],"about":[{"href":"https:\/\/ledshoponline.be\/fr\/wp-json\/wp\/v2\/types\/product"}],"replies":[{"embeddable":true,"href":"https:\/\/ledshoponline.be\/fr\/wp-json\/wp\/v2\/comments?post=18702"}],"version-history":[{"count":0,"href":"https:\/\/ledshoponline.be\/fr\/wp-json\/wp\/v2\/product\/18702\/revisions"}],"wp:featuredmedia":[{"embeddable":true,"href":"https:\/\/ledshoponline.be\/fr\/wp-json\/wp\/v2\/media\/18703"}],"wp:attachment":[{"href":"https:\/\/ledshoponline.be\/fr\/wp-json\/wp\/v2\/media?parent=18702"}],"wp:term":[{"taxonomy":"product_brand","embeddable":true,"href":"https:\/\/ledshoponline.be\/fr\/wp-json\/wp\/v2\/product_brand?post=18702"},{"taxonomy":"product_cat","embeddable":true,"href":"https:\/\/ledshoponline.be\/fr\/wp-json\/wp\/v2\/product_cat?post=18702"},{"taxonomy":"product_tag","embeddable":true,"href":"https:\/\/ledshoponline.be\/fr\/wp-json\/wp\/v2\/product_tag?post=18702"}],"curies":[{"name":"wp","href":"https:\/\/api.w.org\/{rel}","templated":true}]}}