{"id":18695,"date":"2016-03-10T21:01:44","date_gmt":"2016-03-10T21:01:44","guid":{"rendered":"https:\/\/hlncaxea.a2hosted.com\/?post_type=product&#038;p=18695"},"modified":"2025-03-09T19:42:06","modified_gmt":"2025-03-09T19:42:06","slug":"ampoule-led-filament-e27-8w-dimmable-a60","status":"publish","type":"product","link":"https:\/\/ledshoponline.be\/fr\/shop\/producten\/led-lampen\/led-filament-lampen\/e27-filament-led-lamp-8w-dimbaar-a60\/","title":{"rendered":"Ampoule LED filament E27 7W dimmable blanc chaud 2700k | 806Lm"},"content":{"rendered":"<h2 class=\"wp-block-heading\">L'ampoule LED E27 Filament est-elle dimmable ?<\/h2>\n\n\n\n<p>Oui, cette lampe \u00e0 filament LED est dimmable.<br>V\u00e9rifiez bien sur vos variateurs de lumi\u00e8re actuels la puissance minimale qu'ils requi\u00e8rent pour varier correctement.<\/p>","protected":false},"excerpt":{"rendered":"<p>L'ampoule \u00e0 filament LED E27 8W avec culot E27 est une belle ampoule LED et est \u00e9galement dimmable. L'ampoule diffuse une belle lumi\u00e8re chaude (2700k). L'ampoule remplace facilement une ampoule \u00e0 incandescence de 60W-75W. Elle est \u00e9galement dimmable et \u00e9met pas moins de 806lm de lumi\u00e8re.<\/p>\n<p><strong>Fiche produit<\/strong><br \/>\n<strong><a href=\"https:\/\/eprel.ec.europa.eu\/fiches\/lightsources\/Fiche_1256514_NL.pdf\">FR<\/a>\u00a0|\u00a0<a href=\"https:\/\/eprel.ec.europa.eu\/fiches\/lightsources\/Fiche_1256514_FR.pdf\">FR\u00a0<\/a>|\u00a0<a href=\"https:\/\/eprel.ec.europa.eu\/fiches\/lightsources\/Fiche_1256514_EN.pdf\">ET\u00a0<\/a>|\u00a0<a href=\"https:\/\/eprel.ec.europa.eu\/fiches\/lightsources\/Fiche_1256514_DE.pdf\">LE<\/a><\/strong><\/p>","protected":false},"featured_media":18696,"comment_status":"closed","ping_status":"closed","template":"","meta":{"_seopress_robots_primary_cat":"","_seopress_titles_title":"","_seopress_titles_desc":"","_seopress_robots_index":""},"product_brand":[],"product_cat":[530,268,111,20,19],"product_tag":[531,532,533],"class_list":{"0":"post-18695","1":"product","2":"type-product","3":"status-publish","4":"has-post-thumbnail","6":"product_cat-deals","7":"product_cat-led-filament-lampen","8":"product_cat-led-lamp-e27","9":"product_cat-led-lampen","10":"product_cat-producten","11":"product_tag-75w-gloeilamp","12":"product_tag-8w-e27","13":"product_tag-8w-led-filament","15":"first","16":"instock","17":"sale","18":"taxable","19":"shipping-taxable","20":"purchasable","21":"product-type-simple"},"_links":{"self":[{"href":"https:\/\/ledshoponline.be\/fr\/wp-json\/wp\/v2\/product\/18695","targetHints":{"allow":["GET"]}}],"collection":[{"href":"https:\/\/ledshoponline.be\/fr\/wp-json\/wp\/v2\/product"}],"about":[{"href":"https:\/\/ledshoponline.be\/fr\/wp-json\/wp\/v2\/types\/product"}],"replies":[{"embeddable":true,"href":"https:\/\/ledshoponline.be\/fr\/wp-json\/wp\/v2\/comments?post=18695"}],"version-history":[{"count":0,"href":"https:\/\/ledshoponline.be\/fr\/wp-json\/wp\/v2\/product\/18695\/revisions"}],"wp:featuredmedia":[{"embeddable":true,"href":"https:\/\/ledshoponline.be\/fr\/wp-json\/wp\/v2\/media\/18696"}],"wp:attachment":[{"href":"https:\/\/ledshoponline.be\/fr\/wp-json\/wp\/v2\/media?parent=18695"}],"wp:term":[{"taxonomy":"product_brand","embeddable":true,"href":"https:\/\/ledshoponline.be\/fr\/wp-json\/wp\/v2\/product_brand?post=18695"},{"taxonomy":"product_cat","embeddable":true,"href":"https:\/\/ledshoponline.be\/fr\/wp-json\/wp\/v2\/product_cat?post=18695"},{"taxonomy":"product_tag","embeddable":true,"href":"https:\/\/ledshoponline.be\/fr\/wp-json\/wp\/v2\/product_tag?post=18695"}],"curies":[{"name":"wp","href":"https:\/\/api.w.org\/{rel}","templated":true}]}}