{"id":18473,"date":"2015-12-28T10:03:52","date_gmt":"2015-12-28T10:03:52","guid":{"rendered":"https:\/\/hlncaxea.a2hosted.com\/?post_type=product&#038;p=18473"},"modified":"2025-03-09T19:42:01","modified_gmt":"2025-03-09T19:42:01","slug":"telecommande-calex-telecommande-pour-calex-smart-home","status":"publish","type":"product","link":"https:\/\/ledshoponline.be\/fr\/shop\/producten\/toebehoren\/230v-led-dimmers\/calex-afstandsbediening-remote-voor-calex-smart-home\/","title":{"rendered":"T\u00e9l\u00e9commande Calex \/ T\u00e9l\u00e9commande pour Calex Smart Home"},"content":{"rendered":"<p>Cette t\u00e9l\u00e9commande est recommand\u00e9e lors de l'achat de produits Calex Smart Home. Cette t\u00e9l\u00e9commande vous permet de contr\u00f4ler jusqu'\u00e0 15 appareils \u00e0 l'int\u00e9rieur ou \u00e0 l'ext\u00e9rieur. Comme les sources lumineuses et les appareils, la t\u00e9l\u00e9commande fonctionne via Wifi.<\/p>\n<p><strong>VOYAGES :<\/strong> 20 m (int\u00e9rieur), 50 m (ext\u00e9rieur)<\/p>\n<p><strong>Hauteur :<\/strong> 114 mm<\/p>\n<p><strong>Largeur :<\/strong> 60 mm<\/p>\n<p><strong>\u00c9paisseur :<\/strong> 14 mm<\/p>\n<p>2 piles AAA sont incluses.<\/p>\n<p><iframe title=\"CALEX SMART - Comment connecter votre t\u00e9l\u00e9commande Calex Smart\" width=\"500\" height=\"281\" src=\"https:\/\/www.youtube.com\/embed\/GmXw96GL3UY?feature=oembed\" frameborder=\"0\" allow=\"accelerometer; autoplay; clipboard-write; encrypted-media; gyroscope; picture-in-picture; web-share\" referrerpolicy=\"strict-origin-when-cross-origin\" allowfullscreen><\/iframe><\/p>","protected":false},"excerpt":{"rendered":"<p>Contr\u00f4lez les produits intelligents Calex avec cette t\u00e9l\u00e9commande.<\/p>","protected":false},"featured_media":18474,"comment_status":"closed","ping_status":"closed","template":"","meta":{"_seopress_robots_primary_cat":"","_seopress_titles_title":"","_seopress_titles_desc":"","_seopress_robots_index":""},"product_brand":[],"product_cat":[86,514],"product_tag":[],"class_list":{"0":"post-18473","1":"product","2":"type-product","3":"status-publish","4":"has-post-thumbnail","6":"product_cat-230v-led-dimmers","7":"product_cat-smart-home","9":"first","10":"outofstock","11":"taxable","12":"shipping-taxable","13":"purchasable","14":"product-type-simple"},"_links":{"self":[{"href":"https:\/\/ledshoponline.be\/fr\/wp-json\/wp\/v2\/product\/18473","targetHints":{"allow":["GET"]}}],"collection":[{"href":"https:\/\/ledshoponline.be\/fr\/wp-json\/wp\/v2\/product"}],"about":[{"href":"https:\/\/ledshoponline.be\/fr\/wp-json\/wp\/v2\/types\/product"}],"replies":[{"embeddable":true,"href":"https:\/\/ledshoponline.be\/fr\/wp-json\/wp\/v2\/comments?post=18473"}],"version-history":[{"count":0,"href":"https:\/\/ledshoponline.be\/fr\/wp-json\/wp\/v2\/product\/18473\/revisions"}],"wp:featuredmedia":[{"embeddable":true,"href":"https:\/\/ledshoponline.be\/fr\/wp-json\/wp\/v2\/media\/18474"}],"wp:attachment":[{"href":"https:\/\/ledshoponline.be\/fr\/wp-json\/wp\/v2\/media?parent=18473"}],"wp:term":[{"taxonomy":"product_brand","embeddable":true,"href":"https:\/\/ledshoponline.be\/fr\/wp-json\/wp\/v2\/product_brand?post=18473"},{"taxonomy":"product_cat","embeddable":true,"href":"https:\/\/ledshoponline.be\/fr\/wp-json\/wp\/v2\/product_cat?post=18473"},{"taxonomy":"product_tag","embeddable":true,"href":"https:\/\/ledshoponline.be\/fr\/wp-json\/wp\/v2\/product_tag?post=18473"}],"curies":[{"name":"wp","href":"https:\/\/api.w.org\/{rel}","templated":true}]}}