{"id":18468,"date":"2015-12-20T19:56:58","date_gmt":"2015-12-20T19:56:58","guid":{"rendered":"https:\/\/hlncaxea.a2hosted.com\/?post_type=product&#038;p=18468"},"modified":"2025-09-22T20:40:38","modified_gmt":"2025-09-22T20:40:38","slug":"telecommande-de-gradateur-rf-controleur-4-zones","status":"publish","type":"product","link":"https:\/\/ledshoponline.be\/fr\/shop\/producten\/toebehoren\/12v-24v-led-dimmers\/rf-dimmer-afstandsbediening-4-zone-controller\/","title":{"rendered":"T\u00e9l\u00e9commande de gradateur RF 4 zones + contr\u00f4leur"},"content":{"rendered":"<p><strong>Sp\u00e9cifications :<\/strong><\/p>\n<ul>\n<li>Port\u00e9e de 20 m\u00e8tres<\/li>\n<li>Contr\u00f4le de 4 zones distinctes<\/li>\n<li>Liaison de lampes LED illimit\u00e9es<\/li>\n<li>Choix de couleurs 3000k \u00e0 6500k blanc chaud-froid<\/li>\n<li>Variateur (en 8 \u00e9tapes)<\/li>\n<li>Puissance de sortie : 12v \/ 144w 24V \/ 288w<\/li>\n<li>Courant de sortie : 6a (par canal) total 12Amp\u00e8res<\/li>\n<li>Sortie : 2 canaux<\/li>\n<\/ul>\n<p><strong>Dans l'ensemble :<\/strong><\/p>\n<ul>\n<li>Contr\u00f4leur<\/li>\n<li>T\u00e9l\u00e9commande<\/li>\n<li>Piles AAA<\/li>\n<\/ul>","protected":false},"excerpt":{"rendered":"<p>T\u00e9l\u00e9commande 4 zones + contr\u00f4leur pour la gradation des bandes LED 12-24v ou des lampes LED.<\/p>","protected":false},"featured_media":18469,"comment_status":"closed","ping_status":"closed","template":"","meta":{"_seopress_robots_primary_cat":"","_seopress_titles_title":"","_seopress_titles_desc":"","_seopress_robots_index":""},"product_brand":[],"product_cat":[44,41,42],"product_tag":[473,474],"class_list":{"0":"post-18468","1":"product","2":"type-product","3":"status-publish","4":"has-post-thumbnail","6":"product_cat-12v-24v-led-dimmers","7":"product_cat-led-strips-toebehoren","8":"product_cat-toebehoren","9":"product_tag-rf-afstandsbedieining","10":"product_tag-rf-remote","12":"first","13":"instock","14":"taxable","15":"shipping-taxable","16":"purchasable","17":"product-type-simple"},"_links":{"self":[{"href":"https:\/\/ledshoponline.be\/fr\/wp-json\/wp\/v2\/product\/18468","targetHints":{"allow":["GET"]}}],"collection":[{"href":"https:\/\/ledshoponline.be\/fr\/wp-json\/wp\/v2\/product"}],"about":[{"href":"https:\/\/ledshoponline.be\/fr\/wp-json\/wp\/v2\/types\/product"}],"replies":[{"embeddable":true,"href":"https:\/\/ledshoponline.be\/fr\/wp-json\/wp\/v2\/comments?post=18468"}],"version-history":[{"count":1,"href":"https:\/\/ledshoponline.be\/fr\/wp-json\/wp\/v2\/product\/18468\/revisions"}],"predecessor-version":[{"id":624435,"href":"https:\/\/ledshoponline.be\/fr\/wp-json\/wp\/v2\/product\/18468\/revisions\/624435"}],"wp:featuredmedia":[{"embeddable":true,"href":"https:\/\/ledshoponline.be\/fr\/wp-json\/wp\/v2\/media\/18469"}],"wp:attachment":[{"href":"https:\/\/ledshoponline.be\/fr\/wp-json\/wp\/v2\/media?parent=18468"}],"wp:term":[{"taxonomy":"product_brand","embeddable":true,"href":"https:\/\/ledshoponline.be\/fr\/wp-json\/wp\/v2\/product_brand?post=18468"},{"taxonomy":"product_cat","embeddable":true,"href":"https:\/\/ledshoponline.be\/fr\/wp-json\/wp\/v2\/product_cat?post=18468"},{"taxonomy":"product_tag","embeddable":true,"href":"https:\/\/ledshoponline.be\/fr\/wp-json\/wp\/v2\/product_tag?post=18468"}],"curies":[{"name":"wp","href":"https:\/\/api.w.org\/{rel}","templated":true}]}}