{"id":18466,"date":"2015-12-18T12:40:40","date_gmt":"2015-12-18T12:40:40","guid":{"rendered":"https:\/\/hlncaxea.a2hosted.com\/?post_type=product&#038;p=18466"},"modified":"2025-09-22T20:44:46","modified_gmt":"2025-09-22T20:44:46","slug":"controleur-rgbw-288-watts-4-zones-2","status":"publish","type":"product","link":"https:\/\/ledshoponline.be\/fr\/shop\/producten\/led-strips\/led-strips-toebehoren\/rgbw-controller-288-watt-4-zone-2\/","title":{"rendered":"Contr\u00f4leur RGBW 288 watts 4 zones"},"content":{"rendered":"","protected":false},"excerpt":{"rendered":"<p>Le contr\u00f4leur peut \u00eatre utilis\u00e9 pour les bandes de LED RVB et RVB(W) !<br \/>\nPossibilit\u00e9 de combinaison avec 4 autres contr\u00f4leurs et 1 t\u00e9l\u00e9commande.<\/p>","protected":false},"featured_media":18467,"comment_status":"closed","ping_status":"closed","template":"","meta":{"_seopress_robots_primary_cat":"","_seopress_titles_title":"","_seopress_titles_desc":"","_seopress_robots_index":""},"product_brand":[],"product_cat":[40,41,324,42],"product_tag":[512],"class_list":{"0":"post-18466","1":"product","2":"type-product","3":"status-publish","4":"has-post-thumbnail","6":"product_cat-led-strips","7":"product_cat-led-strips-toebehoren","8":"product_cat-rgb-controller-remote","9":"product_cat-toebehoren","10":"product_tag-rrgb-led-strip-controller","12":"first","13":"instock","14":"taxable","15":"shipping-taxable","16":"purchasable","17":"product-type-simple"},"_links":{"self":[{"href":"https:\/\/ledshoponline.be\/fr\/wp-json\/wp\/v2\/product\/18466","targetHints":{"allow":["GET"]}}],"collection":[{"href":"https:\/\/ledshoponline.be\/fr\/wp-json\/wp\/v2\/product"}],"about":[{"href":"https:\/\/ledshoponline.be\/fr\/wp-json\/wp\/v2\/types\/product"}],"replies":[{"embeddable":true,"href":"https:\/\/ledshoponline.be\/fr\/wp-json\/wp\/v2\/comments?post=18466"}],"version-history":[{"count":1,"href":"https:\/\/ledshoponline.be\/fr\/wp-json\/wp\/v2\/product\/18466\/revisions"}],"predecessor-version":[{"id":624460,"href":"https:\/\/ledshoponline.be\/fr\/wp-json\/wp\/v2\/product\/18466\/revisions\/624460"}],"wp:featuredmedia":[{"embeddable":true,"href":"https:\/\/ledshoponline.be\/fr\/wp-json\/wp\/v2\/media\/18467"}],"wp:attachment":[{"href":"https:\/\/ledshoponline.be\/fr\/wp-json\/wp\/v2\/media?parent=18466"}],"wp:term":[{"taxonomy":"product_brand","embeddable":true,"href":"https:\/\/ledshoponline.be\/fr\/wp-json\/wp\/v2\/product_brand?post=18466"},{"taxonomy":"product_cat","embeddable":true,"href":"https:\/\/ledshoponline.be\/fr\/wp-json\/wp\/v2\/product_cat?post=18466"},{"taxonomy":"product_tag","embeddable":true,"href":"https:\/\/ledshoponline.be\/fr\/wp-json\/wp\/v2\/product_tag?post=18466"}],"curies":[{"name":"wp","href":"https:\/\/api.w.org\/{rel}","templated":true}]}}