{"id":18463,"date":"2015-12-14T22:44:43","date_gmt":"2015-12-14T22:44:43","guid":{"rendered":"https:\/\/hlncaxea.a2hosted.com\/?post_type=product&#038;p=18463"},"modified":"2025-12-29T10:18:20","modified_gmt":"2025-12-29T10:18:20","slug":"rgb-touch-rf-4-zone-controller-remote-control-2","status":"publish","type":"product","link":"https:\/\/ledshoponline.be\/fr\/shop\/producten\/toebehoren\/12v-24v-led-dimmers\/rgb-touch-rf-4-zone-controller-afstandsbediening-2\/","title":{"rendered":"Contr\u00f4leur 4 zones RGBW Touch RF + t\u00e9l\u00e9commande"},"content":{"rendered":"<p><strong>Cet ensemble comprend<\/strong><\/p>\n<ul>\n<li>1x contr\u00f4leur RGB(W)<\/li>\n<li>1x T\u00e9l\u00e9commande<\/li>\n<\/ul>\n<p><strong>Capacit\u00e9s de contr\u00f4le \u00e0 distance :<\/strong><\/p>\n<ul>\n<li>64 millions de choix de couleurs<\/li>\n<li>9 programmes de couleurs automatiques (y compris fondu, automatique, flash et mode saut)<\/li>\n<li>Fonction m\u00e9moire (derni\u00e8re couleur\/mode choisi lors de l'allumage\/extinction)<\/li>\n<li>Variateur<\/li>\n<li>Op\u00e9ration 4 contr\u00f4leurs.<\/li>\n<\/ul>\n<p><strong>Ce kit peut \u00eatre utilis\u00e9 pour les bandes de LED RVB 12v\/24v et RVB(W) !<\/strong><\/p>","protected":false},"excerpt":{"rendered":"<p>La t\u00e9l\u00e9commande RGB Touch 2.4GHZ RF et le contr\u00f4leur RGBW rendent le contr\u00f4le d'une bande LED RGB(W) simple et possible dans 4 zones en combinant des contr\u00f4leurs suppl\u00e9mentaires avec 1 t\u00e9l\u00e9commande.<\/p>","protected":false},"featured_media":18464,"comment_status":"closed","ping_status":"closed","template":"","meta":{"_seopress_robots_primary_cat":"none","_seopress_titles_title":"","_seopress_titles_desc":"","_seopress_robots_index":""},"product_brand":[],"product_cat":[44,40,41,324,42],"product_tag":[506,507,508],"class_list":{"0":"post-18463","1":"product","2":"type-product","3":"status-publish","4":"has-post-thumbnail","6":"product_cat-12v-24v-led-dimmers","7":"product_cat-led-strips","8":"product_cat-led-strips-toebehoren","9":"product_cat-rgb-controller-remote","10":"product_cat-toebehoren","11":"product_tag-rgb-led-strip-controller","12":"product_tag-rgb-toch","13":"product_tag-rgb-touch","15":"first","16":"instock","17":"taxable","18":"shipping-taxable","19":"purchasable","20":"product-type-simple"},"_links":{"self":[{"href":"https:\/\/ledshoponline.be\/fr\/wp-json\/wp\/v2\/product\/18463","targetHints":{"allow":["GET"]}}],"collection":[{"href":"https:\/\/ledshoponline.be\/fr\/wp-json\/wp\/v2\/product"}],"about":[{"href":"https:\/\/ledshoponline.be\/fr\/wp-json\/wp\/v2\/types\/product"}],"replies":[{"embeddable":true,"href":"https:\/\/ledshoponline.be\/fr\/wp-json\/wp\/v2\/comments?post=18463"}],"version-history":[{"count":1,"href":"https:\/\/ledshoponline.be\/fr\/wp-json\/wp\/v2\/product\/18463\/revisions"}],"predecessor-version":[{"id":652806,"href":"https:\/\/ledshoponline.be\/fr\/wp-json\/wp\/v2\/product\/18463\/revisions\/652806"}],"wp:featuredmedia":[{"embeddable":true,"href":"https:\/\/ledshoponline.be\/fr\/wp-json\/wp\/v2\/media\/18464"}],"wp:attachment":[{"href":"https:\/\/ledshoponline.be\/fr\/wp-json\/wp\/v2\/media?parent=18463"}],"wp:term":[{"taxonomy":"product_brand","embeddable":true,"href":"https:\/\/ledshoponline.be\/fr\/wp-json\/wp\/v2\/product_brand?post=18463"},{"taxonomy":"product_cat","embeddable":true,"href":"https:\/\/ledshoponline.be\/fr\/wp-json\/wp\/v2\/product_cat?post=18463"},{"taxonomy":"product_tag","embeddable":true,"href":"https:\/\/ledshoponline.be\/fr\/wp-json\/wp\/v2\/product_tag?post=18463"}],"curies":[{"name":"wp","href":"https:\/\/api.w.org\/{rel}","templated":true}]}}