{"id":18461,"date":"2016-01-07T12:24:10","date_gmt":"2016-01-07T12:24:10","guid":{"rendered":"https:\/\/hlncaxea.a2hosted.com\/?post_type=product&#038;p=18461"},"modified":"2025-09-22T20:44:39","modified_gmt":"2025-09-22T20:44:39","slug":"bande-led-unicolore-amplificateur-amplificateur-12-24v","status":"publish","type":"product","link":"https:\/\/ledshoponline.be\/fr\/shop\/producten\/toebehoren\/led-strip-versterker-amplifier\/enkel-kleurige-led-strip-versterker-amplifier-12-24v\/","title":{"rendered":"Amplificateur de bande de LED unicolore 12-24v"},"content":{"rendered":"<p><strong>Remarque :<\/strong>\u00a0le courant de sortie ne doit pas d\u00e9passer 3x2A, \u00e0 n'utiliser qu'avec une alimentation de maximum 60 W \/ 12 V ou 120 W \/ 24 V.<\/p>","protected":false},"excerpt":{"rendered":"<p>Amplifiez le signal de votre bande LED unicolore avec ce mini amplificateur. Avec un nouvel apport de puissance, le signal de votre bande peut \u00eatre \u00e9tendu \u00e0 l'infini !<\/p>","protected":false},"featured_media":18462,"comment_status":"closed","ping_status":"closed","template":"","meta":{"_seopress_robots_primary_cat":"","_seopress_titles_title":"","_seopress_titles_desc":"","_seopress_robots_index":""},"product_brand":[],"product_cat":[504,41,42],"product_tag":[505],"class_list":{"0":"post-18461","1":"product","2":"type-product","3":"status-publish","4":"has-post-thumbnail","6":"product_cat-led-strip-versterker-amplifier","7":"product_cat-led-strips-toebehoren","8":"product_cat-toebehoren","9":"product_tag-led-strip-versterker","11":"first","12":"instock","13":"taxable","14":"shipping-taxable","15":"purchasable","16":"product-type-simple"},"_links":{"self":[{"href":"https:\/\/ledshoponline.be\/fr\/wp-json\/wp\/v2\/product\/18461","targetHints":{"allow":["GET"]}}],"collection":[{"href":"https:\/\/ledshoponline.be\/fr\/wp-json\/wp\/v2\/product"}],"about":[{"href":"https:\/\/ledshoponline.be\/fr\/wp-json\/wp\/v2\/types\/product"}],"replies":[{"embeddable":true,"href":"https:\/\/ledshoponline.be\/fr\/wp-json\/wp\/v2\/comments?post=18461"}],"version-history":[{"count":1,"href":"https:\/\/ledshoponline.be\/fr\/wp-json\/wp\/v2\/product\/18461\/revisions"}],"predecessor-version":[{"id":624459,"href":"https:\/\/ledshoponline.be\/fr\/wp-json\/wp\/v2\/product\/18461\/revisions\/624459"}],"wp:featuredmedia":[{"embeddable":true,"href":"https:\/\/ledshoponline.be\/fr\/wp-json\/wp\/v2\/media\/18462"}],"wp:attachment":[{"href":"https:\/\/ledshoponline.be\/fr\/wp-json\/wp\/v2\/media?parent=18461"}],"wp:term":[{"taxonomy":"product_brand","embeddable":true,"href":"https:\/\/ledshoponline.be\/fr\/wp-json\/wp\/v2\/product_brand?post=18461"},{"taxonomy":"product_cat","embeddable":true,"href":"https:\/\/ledshoponline.be\/fr\/wp-json\/wp\/v2\/product_cat?post=18461"},{"taxonomy":"product_tag","embeddable":true,"href":"https:\/\/ledshoponline.be\/fr\/wp-json\/wp\/v2\/product_tag?post=18461"}],"curies":[{"name":"wp","href":"https:\/\/api.w.org\/{rel}","templated":true}]}}