{"id":18436,"date":"2015-12-31T17:16:45","date_gmt":"2015-12-31T17:16:45","guid":{"rendered":"https:\/\/hlncaxea.a2hosted.com\/?post_type=product&#038;p=18436"},"modified":"2025-03-09T19:41:58","modified_gmt":"2025-03-09T19:41:58","slug":"profil-encastre-en-aluminium-modele-bas-couvercle-etroit","status":"publish","type":"product","link":"https:\/\/ledshoponline.be\/fr\/shop\/producten\/led-strips\/led-strip-profielen\/aluminium-inbouw-profiel-laag-model-smal-cover\/","title":{"rendered":"Profil\u00e9 d'encastrement en aluminium Mod\u00e8le bas - \u00e9troit + couvercle"},"content":{"rendered":"<p>Profil\u00e9s en aluminium<br \/>\nMat\u00e9riau : aluminium anodis\u00e9<br \/>\n- Longueur : 200 cm<br \/>\n- Dimensions externes : 22 mm (L) x 5,9 mm (H)<br \/>\n- Dimensions int\u00e9rieures : 11,2 mm (l)<\/p>\n<p>Convient aux bandes LED d'une largeur maximale de 10 mm<\/p>","protected":false},"excerpt":{"rendered":"<p>Profil aluminium encastr\u00e9 Mod\u00e8le bas, \u00e9troit + couvercle pour bandes de LED jusqu'\u00e0 10mm, telles que nos bandes de LED IP20 et IP44 en 12v et 24v.<br \/>\nFourni avec une couverture opale.<\/p>","protected":false},"featured_media":18437,"comment_status":"closed","ping_status":"closed","template":"","meta":{"_seopress_robots_primary_cat":"","_seopress_titles_title":"","_seopress_titles_desc":"","_seopress_robots_index":""},"product_brand":[],"product_cat":[149,150,19,42],"product_tag":[503],"class_list":{"0":"post-18436","1":"product","2":"type-product","3":"status-publish","4":"has-post-thumbnail","6":"product_cat-led-strip-profielen","7":"product_cat-led-strip-profielen-toebehoren","8":"product_cat-producten","9":"product_cat-toebehoren","10":"product_tag-led-profiel-inbouw","12":"first","13":"outofstock","14":"taxable","15":"shipping-taxable","16":"purchasable","17":"product-type-simple"},"_links":{"self":[{"href":"https:\/\/ledshoponline.be\/fr\/wp-json\/wp\/v2\/product\/18436","targetHints":{"allow":["GET"]}}],"collection":[{"href":"https:\/\/ledshoponline.be\/fr\/wp-json\/wp\/v2\/product"}],"about":[{"href":"https:\/\/ledshoponline.be\/fr\/wp-json\/wp\/v2\/types\/product"}],"replies":[{"embeddable":true,"href":"https:\/\/ledshoponline.be\/fr\/wp-json\/wp\/v2\/comments?post=18436"}],"version-history":[{"count":0,"href":"https:\/\/ledshoponline.be\/fr\/wp-json\/wp\/v2\/product\/18436\/revisions"}],"wp:featuredmedia":[{"embeddable":true,"href":"https:\/\/ledshoponline.be\/fr\/wp-json\/wp\/v2\/media\/18437"}],"wp:attachment":[{"href":"https:\/\/ledshoponline.be\/fr\/wp-json\/wp\/v2\/media?parent=18436"}],"wp:term":[{"taxonomy":"product_brand","embeddable":true,"href":"https:\/\/ledshoponline.be\/fr\/wp-json\/wp\/v2\/product_brand?post=18436"},{"taxonomy":"product_cat","embeddable":true,"href":"https:\/\/ledshoponline.be\/fr\/wp-json\/wp\/v2\/product_cat?post=18436"},{"taxonomy":"product_tag","embeddable":true,"href":"https:\/\/ledshoponline.be\/fr\/wp-json\/wp\/v2\/product_tag?post=18436"}],"curies":[{"name":"wp","href":"https:\/\/api.w.org\/{rel}","templated":true}]}}