{"id":18347,"date":"2015-12-05T16:56:25","date_gmt":"2015-12-05T16:56:25","guid":{"rendered":"https:\/\/hlncaxea.a2hosted.com\/?post_type=product&#038;p=18347"},"modified":"2025-03-09T19:41:52","modified_gmt":"2025-03-09T19:41:52","slug":"alimentation-led-meanwell-24v-150w-ip67","status":"publish","type":"product","link":"https:\/\/ledshoponline.be\/fr\/shop\/producten\/toebehoren\/12v-24v-led-trafos\/led-voeding-meanwell-24v-150w-ip67\/","title":{"rendered":"Alimentation LED Meanwell 24v 150w IP67"},"content":{"rendered":"<ul>\n<li>Tension d'entr\u00e9e : 100-240VAC, 50~60Hz<\/li>\n<li>protection contre les courts-circuits \/ protection contre les surtensions \/ protection contre les surcharges<\/li>\n<li>bo\u00eetier enti\u00e8rement isol\u00e9 en plastique - IP67<\/li>\n<li>Tension de sortie : 24V<\/li>\n<li>Courant de sortie : 6,3A<\/li>\n<li>Puissance de sortie : 150W<\/li>\n<li>Ondulation et bruit : 200mVp-p<\/li>\n<li>Efficacit\u00e9 : 89%<\/li>\n<li>Dimensions : 191x63x37.5mm<\/li>\n<\/ul>","protected":false},"excerpt":{"rendered":"<p>Meanwell le meilleur transformateur \/ alimentation LED. Parfait en combinaison avec les bandes de LED 24v et les lampes de LED 24v.<\/p>","protected":false},"featured_media":18348,"comment_status":"closed","ping_status":"closed","template":"","meta":{"_seopress_robots_primary_cat":"","_seopress_titles_title":"","_seopress_titles_desc":"","_seopress_robots_index":""},"product_brand":[],"product_cat":[43,41,42],"product_tag":[454,264,265,152],"class_list":{"0":"post-18347","1":"product","2":"type-product","3":"status-publish","4":"has-post-thumbnail","6":"product_cat-12v-24v-led-trafos","7":"product_cat-led-strips-toebehoren","8":"product_cat-toebehoren","9":"product_tag-150w-12v","10":"product_tag-led-trafo","11":"product_tag-led-voeding","12":"product_tag-meanwell","14":"first","15":"instock","16":"taxable","17":"shipping-taxable","18":"purchasable","19":"product-type-simple"},"_links":{"self":[{"href":"https:\/\/ledshoponline.be\/fr\/wp-json\/wp\/v2\/product\/18347","targetHints":{"allow":["GET"]}}],"collection":[{"href":"https:\/\/ledshoponline.be\/fr\/wp-json\/wp\/v2\/product"}],"about":[{"href":"https:\/\/ledshoponline.be\/fr\/wp-json\/wp\/v2\/types\/product"}],"replies":[{"embeddable":true,"href":"https:\/\/ledshoponline.be\/fr\/wp-json\/wp\/v2\/comments?post=18347"}],"version-history":[{"count":0,"href":"https:\/\/ledshoponline.be\/fr\/wp-json\/wp\/v2\/product\/18347\/revisions"}],"wp:featuredmedia":[{"embeddable":true,"href":"https:\/\/ledshoponline.be\/fr\/wp-json\/wp\/v2\/media\/18348"}],"wp:attachment":[{"href":"https:\/\/ledshoponline.be\/fr\/wp-json\/wp\/v2\/media?parent=18347"}],"wp:term":[{"taxonomy":"product_brand","embeddable":true,"href":"https:\/\/ledshoponline.be\/fr\/wp-json\/wp\/v2\/product_brand?post=18347"},{"taxonomy":"product_cat","embeddable":true,"href":"https:\/\/ledshoponline.be\/fr\/wp-json\/wp\/v2\/product_cat?post=18347"},{"taxonomy":"product_tag","embeddable":true,"href":"https:\/\/ledshoponline.be\/fr\/wp-json\/wp\/v2\/product_tag?post=18347"}],"curies":[{"name":"wp","href":"https:\/\/api.w.org\/{rel}","templated":true}]}}