{"id":18340,"date":"2015-12-01T12:16:49","date_gmt":"2015-12-01T12:16:49","guid":{"rendered":"https:\/\/hlncaxea.a2hosted.com\/?post_type=product&#038;p=18340"},"modified":"2025-12-30T10:33:07","modified_gmt":"2025-12-30T10:33:07","slug":"panneau-led-120x30-montage-en-surface-cadre-aluminium","status":"publish","type":"product","link":"https:\/\/ledshoponline.be\/fr\/shop\/producten\/led-panelen\/led-paneel-120x30-opbouw-aluminium-opbouw-frame\/","title":{"rendered":"Cadre blanc pour montage en saillie pour panneau Led 120\u00d730"},"content":{"rendered":"<p>Le cadre pour montage en saillie se compose de 4 pi\u00e8ces. Les pi\u00e8ces sont assembl\u00e9es \u00e0 l'aide des accessoires fournis.<br \/>\nHauteur totale : 5 cm<\/p>\n<p><strong>Aucun panneau LED n'est inclus, il s'agit simplement d'un cadre permettant de fixer un panneau LED au plafond.<\/strong><\/p>","protected":false},"excerpt":{"rendered":"<p>Le partenaire id\u00e9al pour fixer un panneau LED 120\u00d730 au plafond. Fabriqu\u00e9 en aluminium anodis\u00e9 blanc. Le cadre est facile \u00e0 monter gr\u00e2ce au kit fourni.<\/p>","protected":false},"featured_media":18341,"comment_status":"closed","ping_status":"closed","template":"","meta":{"_seopress_robots_primary_cat":"none","_seopress_titles_title":"","_seopress_titles_desc":"","_seopress_robots_index":""},"product_brand":[],"product_cat":[259],"product_tag":[449],"class_list":{"0":"post-18340","1":"product","2":"type-product","3":"status-publish","4":"has-post-thumbnail","6":"product_cat-led-panelen","7":"product_tag-opbouwframe-led-paneel","9":"first","10":"instock","11":"sale","12":"taxable","13":"shipping-taxable","14":"purchasable","15":"product-type-simple"},"_links":{"self":[{"href":"https:\/\/ledshoponline.be\/fr\/wp-json\/wp\/v2\/product\/18340","targetHints":{"allow":["GET"]}}],"collection":[{"href":"https:\/\/ledshoponline.be\/fr\/wp-json\/wp\/v2\/product"}],"about":[{"href":"https:\/\/ledshoponline.be\/fr\/wp-json\/wp\/v2\/types\/product"}],"replies":[{"embeddable":true,"href":"https:\/\/ledshoponline.be\/fr\/wp-json\/wp\/v2\/comments?post=18340"}],"version-history":[{"count":1,"href":"https:\/\/ledshoponline.be\/fr\/wp-json\/wp\/v2\/product\/18340\/revisions"}],"predecessor-version":[{"id":653302,"href":"https:\/\/ledshoponline.be\/fr\/wp-json\/wp\/v2\/product\/18340\/revisions\/653302"}],"wp:featuredmedia":[{"embeddable":true,"href":"https:\/\/ledshoponline.be\/fr\/wp-json\/wp\/v2\/media\/18341"}],"wp:attachment":[{"href":"https:\/\/ledshoponline.be\/fr\/wp-json\/wp\/v2\/media?parent=18340"}],"wp:term":[{"taxonomy":"product_brand","embeddable":true,"href":"https:\/\/ledshoponline.be\/fr\/wp-json\/wp\/v2\/product_brand?post=18340"},{"taxonomy":"product_cat","embeddable":true,"href":"https:\/\/ledshoponline.be\/fr\/wp-json\/wp\/v2\/product_cat?post=18340"},{"taxonomy":"product_tag","embeddable":true,"href":"https:\/\/ledshoponline.be\/fr\/wp-json\/wp\/v2\/product_tag?post=18340"}],"curies":[{"name":"wp","href":"https:\/\/api.w.org\/{rel}","templated":true}]}}