{"id":18253,"date":"2015-08-23T10:47:12","date_gmt":"2015-08-23T10:47:12","guid":{"rendered":"https:\/\/hlncaxea.a2hosted.com\/?post_type=product&#038;p=18253"},"modified":"2025-03-09T19:41:41","modified_gmt":"2025-03-09T19:41:41","slug":"gu10-8w-led-spot-160-blanc-chaud-dimmable-remplace-50w","status":"publish","type":"product","link":"https:\/\/ledshoponline.be\/fr\/shop\/producten\/led-spots\/led-spot-gu10-230v\/gu10-8w-led-spot-160-warm-wit-dimbaar-vervangt-50w\/","title":{"rendered":"Spot LED GU10 7,5W 120\u00b0 blanc chaud (remplace 50w-60w)"},"content":{"rendered":"","protected":false},"excerpt":{"rendered":"<p>Le nouveau projecteur LED, avec son syst\u00e8me unique brevet\u00e9 sans pilote, ne contient pas de pilote, ce qui signifie moins de chaleur, moins de consommation et une dur\u00e9e de vie plus longue. La lumi\u00e8re est diffus\u00e9e en douceur sur un grand angle de 120\u00b0 en blanc chaud 3000k. Le spot utilise un verre diffus, de sorte que la lumi\u00e8re n'est pas aveuglante.<\/p>","protected":false},"featured_media":18254,"comment_status":"closed","ping_status":"closed","template":"","meta":{"_seopress_robots_primary_cat":"","_seopress_titles_title":"","_seopress_titles_desc":"","_seopress_robots_index":""},"product_brand":[],"product_cat":[133,132,19],"product_tag":[412,413,253,206],"class_list":{"0":"post-18253","1":"product","2":"type-product","3":"status-publish","4":"has-post-thumbnail","6":"product_cat-led-spot-gu10-230v","7":"product_cat-led-spots","8":"product_cat-producten","9":"product_tag-brede-hoek-spot","10":"product_tag-gu10-led-spot","11":"product_tag-led-spot","12":"product_tag-yarled","14":"first","15":"instock","16":"sale","17":"taxable","18":"shipping-taxable","19":"purchasable","20":"product-type-simple"},"_links":{"self":[{"href":"https:\/\/ledshoponline.be\/fr\/wp-json\/wp\/v2\/product\/18253","targetHints":{"allow":["GET"]}}],"collection":[{"href":"https:\/\/ledshoponline.be\/fr\/wp-json\/wp\/v2\/product"}],"about":[{"href":"https:\/\/ledshoponline.be\/fr\/wp-json\/wp\/v2\/types\/product"}],"replies":[{"embeddable":true,"href":"https:\/\/ledshoponline.be\/fr\/wp-json\/wp\/v2\/comments?post=18253"}],"version-history":[{"count":0,"href":"https:\/\/ledshoponline.be\/fr\/wp-json\/wp\/v2\/product\/18253\/revisions"}],"wp:featuredmedia":[{"embeddable":true,"href":"https:\/\/ledshoponline.be\/fr\/wp-json\/wp\/v2\/media\/18254"}],"wp:attachment":[{"href":"https:\/\/ledshoponline.be\/fr\/wp-json\/wp\/v2\/media?parent=18253"}],"wp:term":[{"taxonomy":"product_brand","embeddable":true,"href":"https:\/\/ledshoponline.be\/fr\/wp-json\/wp\/v2\/product_brand?post=18253"},{"taxonomy":"product_cat","embeddable":true,"href":"https:\/\/ledshoponline.be\/fr\/wp-json\/wp\/v2\/product_cat?post=18253"},{"taxonomy":"product_tag","embeddable":true,"href":"https:\/\/ledshoponline.be\/fr\/wp-json\/wp\/v2\/product_tag?post=18253"}],"curies":[{"name":"wp","href":"https:\/\/api.w.org\/{rel}","templated":true}]}}