{"id":18229,"date":"2015-06-16T14:42:17","date_gmt":"2015-06-16T14:42:17","guid":{"rendered":"https:\/\/hlncaxea.a2hosted.com\/?post_type=product&#038;p=18229"},"modified":"2025-12-30T10:34:05","modified_gmt":"2025-12-30T10:34:05","slug":"60-cm-led-fluorescent-10w-t8-blanc-chaud-830","status":"publish","type":"product","link":"https:\/\/ledshoponline.be\/fr\/shop\/producten\/led-tl-buizen\/60cm-led-tl\/60-cm-led-tl-10w-t8-warm-wit-830\/","title":{"rendered":"60 cm LED TL 10W T8 blanc chaud 830"},"content":{"rendered":"<div>\n<div>\n<p>Beaucoup de gens ne savent pas que c'est possible, mais m\u00eame les tubes fluorescents peuvent \u00eatre remplac\u00e9s par des lampes \u00e0 incandescence.\u00a0<strong>Tubes fluorescents \u00e0 LED<\/strong>. Vous pouvez voir notre tout dernier mod\u00e8le ici.<\/p>\n<\/div>\n<p>Cette quatri\u00e8me g\u00e9n\u00e9ration est \u00e9quip\u00e9e de LED SMD. Apr\u00e8s des ann\u00e9es d'exp\u00e9rience, nous pouvons confirmer que ces\u00a0<strong>LED<\/strong>\u00a0sont non seulement les plus efficaces et les plus belles couleurs de lumi\u00e8re, mais aussi les plus fiables.<\/p>\n<p><strong>DEL SMD<\/strong>\u00a0sont utilis\u00e9s depuis des d\u00e9cennies, par exemple dans les radio-r\u00e9veils num\u00e9riques qui fournissent une lumi\u00e8re 24 heures sur 24. Elles ont d\u00e9j\u00e0 largement fait leurs preuves en termes de dur\u00e9e de vie. Ce n'est que depuis quelques ann\u00e9es que ces LED sont \u00e9galement disponibles avec des couleurs de lumi\u00e8re normales.<\/p>\n<p>Au\u00a0<strong>YARLED\u00a0<\/strong><strong>TL\u00a0<\/strong>Nous avons utilis\u00e9 les toutes derni\u00e8res LED SMD et notre nouvelle \u00e9lectronique pour obtenir une efficacit\u00e9 de plus de 110 lumens par watt. C'est plus de deux fois plus qu'une lampe conventionnelle.\u00a0<strong>Tube fluorescent.<\/strong><\/p>\n<p>A\u00a0<strong>LED FLUORESCENTE\u00a0<\/strong>vous \u00e9conomisez plus de 60% d'\u00e9nergie sans diff\u00e9rence notable de rendement lumineux. Un autre avantage est la dur\u00e9e de vie plus longue.<br \/>\nUn normal\u00a0<strong>Tube fluorescent\u00a0<\/strong>ne dure que 10 000 heures dans la pratique, un\u00a0<strong>Tube fluorescent LED\u00a0<\/strong>au moins 50 000 heures. Outre les \u00e9conomies substantielles sur votre facture d'\u00e9nergie, les tubes fluorescents \u00e0 LED permettent \u00e9galement de r\u00e9duire consid\u00e9rablement les co\u00fbts de remplacement. Par cons\u00e9quent, le remplacement de vos tubes fluorescents ordinaires par des\u00a0<strong>Tubes fluorescents \u00e0 LED<\/strong>\u00a0un investissement tr\u00e8s attractif qui, dans la plupart des cas, est rentabilis\u00e9 en deux ans et dont les retomb\u00e9es financi\u00e8res se prolongent pendant une vingtaine d'ann\u00e9es.<\/p>\n<p><strong>Ce qui rend nos LED fluorescentes si uniques :<\/strong><\/p>\n<p>Nous disposons par exemple d'un cadre en aluminium \u00e0 double paroi conducteur de chaleur qui dissipe la chaleur produite par les LED \u00e0 l'arri\u00e8re du tube.<\/p>\n<p>Vous verrez souvent \u00e0\u00a0<strong>LED FLUORESCENTE<\/strong>\u00a0que les LED sont compl\u00e8tement enferm\u00e9es dans un tube de verre ; les LED ne peuvent alors pas dissiper leur chaleur correctement et se d\u00e9composent beaucoup plus rapidement. Ce n'est pas le cas avec YARLED. De plus, nos\u00a0<strong>LED FLUORESCENTE\u00a0<\/strong>un couvercle en verre acrylique d\u00e9poli qui distribue bien la lumi\u00e8re et emp\u00eache de voir les LED. Ce nouveau couvercle garantit que, de loin, le tube fluorescent \u00e0 LED allum\u00e9 a exactement le m\u00eame aspect qu'un tube fluorescent \u00e0 LED normal.\u00a0<strong>LED FLUORESCENTE<\/strong>. Vous ne verrez pas la diff\u00e9rence ! Les extr\u00e9mit\u00e9s sont fabriqu\u00e9es en plastique tr\u00e8s r\u00e9sistant pour que ces tubes soient tr\u00e8s durables et qu'ils r\u00e9sistent \u00e0 toutes les situations.<br \/>\nle transport ne peut \u00eatre endommag\u00e9.<\/p>\n<p><strong>Comment l'installer :<\/strong><\/p>\n<ul>\n<li>Avez-vous un appareil avec d\u00e9marreur ?<br \/>\nRetirer l'amorce et la remplacer par l'amorce LED incluse et ins\u00e9rer la LED fluorescente. Pr\u00eat (voir shema)<\/li>\n<\/ul>\n<ul>\n<li>\n<div><strong>Remarque !<br \/>\nSi le luminaire fluorescent utilise un ballast haute fr\u00e9quence, retirez-le du circuit et connectez-le comme indiqu\u00e9 dans le sch\u00e9ma ci-dessous sur un c\u00f4t\u00e9.<\/strong><\/div>\n<\/li>\n<\/ul>\n<p>Avec d\u00e9marreur LED :<\/p>\n<p><img decoding=\"async\" class=\"alignnone wp-image-18225 size-full\" title=\"Avec d\u00e9marreur LED\" src=\"https:\/\/ledshoponline.be\/wp-content\/uploads\/2015\/06\/one-side-with-LED-starter-Mobile-Met-ledstarter.jpg\" alt=\"Avec d\u00e9marreur LED\" width=\"480\" height=\"134\" \/><\/p>\n<p><strong>Sans d\u00e9marreur, un ballast haute fr\u00e9quence :<\/strong><\/p>\n<p><img decoding=\"async\" class=\"size-full wp-image-18227\" src=\"https:\/\/ledshoponline.be\/wp-content\/uploads\/2015\/06\/Schema-LED-TL-Hoogfrequent-13-LED-tl-schema.jpg\" alt=\"Tube fluorescent LED\" width=\"387\" height=\"292\" \/><\/p>\n<\/div>\n<p><span style=\"line-height: 1.5em;\">\u00a0<\/span><\/p>","protected":false},"excerpt":{"rendered":"<p><span style=\"font-size: 10pt;\">Lampe fluorescente LED de 60 cm avec une efficacit\u00e9 de 110 lumens par watt. C'est trois fois plus qu'un tube fluorescent conventionnel.<br \/>\n<\/span><\/p>","protected":false},"featured_media":16762,"comment_status":"closed","ping_status":"closed","template":"","meta":{"_seopress_robots_primary_cat":"none","_seopress_titles_title":"","_seopress_titles_desc":"","_seopress_robots_index":""},"product_brand":[],"product_cat":[50,49],"product_tag":[408,409,218],"class_list":{"0":"post-18229","1":"product","2":"type-product","3":"status-publish","4":"has-post-thumbnail","6":"product_cat-60cm-led-tl","7":"product_cat-led-tl-buizen","8":"product_tag-60cm-led-tl","9":"product_tag-led-buis","10":"product_tag-led-tl","12":"first","13":"instock","14":"sale","15":"taxable","16":"shipping-taxable","17":"purchasable","18":"product-type-simple"},"_links":{"self":[{"href":"https:\/\/ledshoponline.be\/fr\/wp-json\/wp\/v2\/product\/18229","targetHints":{"allow":["GET"]}}],"collection":[{"href":"https:\/\/ledshoponline.be\/fr\/wp-json\/wp\/v2\/product"}],"about":[{"href":"https:\/\/ledshoponline.be\/fr\/wp-json\/wp\/v2\/types\/product"}],"replies":[{"embeddable":true,"href":"https:\/\/ledshoponline.be\/fr\/wp-json\/wp\/v2\/comments?post=18229"}],"version-history":[{"count":1,"href":"https:\/\/ledshoponline.be\/fr\/wp-json\/wp\/v2\/product\/18229\/revisions"}],"predecessor-version":[{"id":653304,"href":"https:\/\/ledshoponline.be\/fr\/wp-json\/wp\/v2\/product\/18229\/revisions\/653304"}],"wp:featuredmedia":[{"embeddable":true,"href":"https:\/\/ledshoponline.be\/fr\/wp-json\/wp\/v2\/media\/16762"}],"wp:attachment":[{"href":"https:\/\/ledshoponline.be\/fr\/wp-json\/wp\/v2\/media?parent=18229"}],"wp:term":[{"taxonomy":"product_brand","embeddable":true,"href":"https:\/\/ledshoponline.be\/fr\/wp-json\/wp\/v2\/product_brand?post=18229"},{"taxonomy":"product_cat","embeddable":true,"href":"https:\/\/ledshoponline.be\/fr\/wp-json\/wp\/v2\/product_cat?post=18229"},{"taxonomy":"product_tag","embeddable":true,"href":"https:\/\/ledshoponline.be\/fr\/wp-json\/wp\/v2\/product_tag?post=18229"}],"curies":[{"name":"wp","href":"https:\/\/api.w.org\/{rel}","templated":true}]}}