{"id":18223,"date":"2015-06-08T22:35:07","date_gmt":"2015-06-08T22:35:07","guid":{"rendered":"https:\/\/hlncaxea.a2hosted.com\/?post_type=product&#038;p=18223"},"modified":"2025-03-09T19:41:38","modified_gmt":"2025-03-09T19:41:38","slug":"profile-daluminium-encastre-pour-bandes-led-jusqua-19-mm","status":"publish","type":"product","link":"https:\/\/ledshoponline.be\/fr\/shop\/producten\/led-strips\/led-strip-profielen\/aluminium-profiel-inbouw-voor-ledstrips-tot-19mm\/","title":{"rendered":"Profil\u00e9 d'aluminium encastr\u00e9 pour bandes LED 230v jusqu'\u00e0 19 mm"},"content":{"rendered":"<p><strong>Sp\u00e9cifications :<\/strong><\/p>\n<ul>\n<li>Mat\u00e9riau : aluminium anodis\u00e9<\/li>\n<li>Longueur : 200 cm<\/li>\n<li>Dimensions externes : 26 mm (L) x 25,5 mm (H)<\/li>\n<li>Dimensions internes : 19 mm (L)<\/li>\n<li>Convient aux bandes LED d'une largeur sup\u00e9rieure \u00e0 10 mm<\/li>\n<li>pour l'installation<\/li>\n<\/ul>","protected":false},"excerpt":{"rendered":"<p>Profil\u00e9 en aluminium 26x26mm pour bandes LED jusqu'\u00e0 19mm, fourni avec un couvercle opale.<br \/>\nParfait en combinaison avec nos bandes LED 230v.<\/p>","protected":false},"featured_media":18224,"comment_status":"closed","ping_status":"closed","template":"","meta":{"_seopress_robots_primary_cat":"","_seopress_titles_title":"","_seopress_titles_desc":"","_seopress_robots_index":""},"product_brand":[],"product_cat":[149,150,19,42],"product_tag":[346,293],"class_list":{"0":"post-18223","1":"product","2":"type-product","3":"status-publish","4":"has-post-thumbnail","6":"product_cat-led-strip-profielen","7":"product_cat-led-strip-profielen-toebehoren","8":"product_cat-producten","9":"product_cat-toebehoren","10":"product_tag-led-profiel","11":"product_tag-led-strip","13":"first","14":"outofstock","15":"taxable","16":"shipping-taxable","17":"purchasable","18":"product-type-simple"},"_links":{"self":[{"href":"https:\/\/ledshoponline.be\/fr\/wp-json\/wp\/v2\/product\/18223","targetHints":{"allow":["GET"]}}],"collection":[{"href":"https:\/\/ledshoponline.be\/fr\/wp-json\/wp\/v2\/product"}],"about":[{"href":"https:\/\/ledshoponline.be\/fr\/wp-json\/wp\/v2\/types\/product"}],"replies":[{"embeddable":true,"href":"https:\/\/ledshoponline.be\/fr\/wp-json\/wp\/v2\/comments?post=18223"}],"version-history":[{"count":0,"href":"https:\/\/ledshoponline.be\/fr\/wp-json\/wp\/v2\/product\/18223\/revisions"}],"wp:featuredmedia":[{"embeddable":true,"href":"https:\/\/ledshoponline.be\/fr\/wp-json\/wp\/v2\/media\/18224"}],"wp:attachment":[{"href":"https:\/\/ledshoponline.be\/fr\/wp-json\/wp\/v2\/media?parent=18223"}],"wp:term":[{"taxonomy":"product_brand","embeddable":true,"href":"https:\/\/ledshoponline.be\/fr\/wp-json\/wp\/v2\/product_brand?post=18223"},{"taxonomy":"product_cat","embeddable":true,"href":"https:\/\/ledshoponline.be\/fr\/wp-json\/wp\/v2\/product_cat?post=18223"},{"taxonomy":"product_tag","embeddable":true,"href":"https:\/\/ledshoponline.be\/fr\/wp-json\/wp\/v2\/product_tag?post=18223"}],"curies":[{"name":"wp","href":"https:\/\/api.w.org\/{rel}","templated":true}]}}