{"id":18171,"date":"2015-05-19T19:50:56","date_gmt":"2015-05-19T19:50:56","guid":{"rendered":"https:\/\/hlncaxea.a2hosted.com\/?post_type=product&#038;p=18171"},"modified":"2026-02-14T14:33:21","modified_gmt":"2026-02-14T14:33:21","slug":"g4-gu4-halogen-remplacement-15w-led-bulb-yarled-12v-acdc-2","status":"publish","type":"product","link":"https:\/\/ledshoponline.be\/fr\/shop\/producten\/led-lampen\/led-lamp-g4-gu4-12v\/g4-gu4-halogeen-vervanger-15w-led-lamp-yarled-12v-acdc-2\/","title":{"rendered":"Ampoule halog\u00e8ne G4 (GU4) de remplacement 1,5W LED - 12v AC\/DC"},"content":{"rendered":"<p><strong>Conseil :<\/strong>\u00a0Remplacez vos anciens blocs d'alimentation par nos blocs d'alimentation LED pour une dur\u00e9e de vie plus longue. Ils sont \u00e9galement plus \u00e9conomiques.<\/p>\r\n\r\n\r\n\r\n<p><strong>Vos lumi\u00e8res clignotent-elles ?<\/strong><br \/>Remplacez votre alimentation par une alimentation LED. Vous pouvez trouver ce type de transformateur\/alimentation \u00e0 l'adresse suivante\u00a0<a href=\"https:\/\/ledshoponline.be\/fr\/39-toebehoren\/\">accessoires<\/a>.<\/p>\r\n\r\n\r\n\r\n<p>&nbsp;<\/p>","protected":false},"excerpt":{"rendered":"<p>Le remplacement parfait de l'halog\u00e8ne G4 dans une enveloppe en silicone. Emet \u00e0 360\u00b0 une belle lumi\u00e8re blanc chaud de 2800k-3000k \u00e0 haute puissance. Remplace une ampoule halog\u00e8ne de 20 W avec une consommation de seulement 1,5 W. <strong>Fiche produit<\/strong> <strong><a href=\"https:\/\/eprel.ec.europa.eu\/fiches\/lightsources\/Fiche_761339_NL.pdf\">FR<\/a>\u00a0|\u00a0<a href=\"https:\/\/eprel.ec.europa.eu\/fiches\/lightsources\/Fiche_761339_FR.pdf\">FR\u00a0<\/a>|\u00a0<a href=\"https:\/\/eprel.ec.europa.eu\/fiches\/lightsources\/Fiche_761339_EN.pdf\">ET\u00a0<\/a>|\u00a0<a href=\"https:\/\/eprel.ec.europa.eu\/fiches\/lightsources\/Fiche_761339_DE.pdf\">LE<\/a><\/strong><\/p>","protected":false},"featured_media":18172,"comment_status":"closed","ping_status":"closed","template":"","meta":{"_seopress_robots_primary_cat":"none","_seopress_titles_title":"","_seopress_titles_desc":"","_seopress_robots_index":""},"product_brand":[],"product_cat":[21,20,369,132,19],"product_tag":[370,23,206],"class_list":{"0":"post-18171","1":"product","2":"type-product","3":"status-publish","4":"has-post-thumbnail","6":"product_cat-led-lamp-g4-gu4-12v","7":"product_cat-led-lampen","8":"product_cat-led-spot-gu4-mr11-12v","9":"product_cat-led-spots","10":"product_cat-producten","11":"product_tag-g4","12":"product_tag-g4-led","13":"product_tag-yarled","15":"first","16":"instock","17":"taxable","18":"shipping-taxable","19":"purchasable","20":"product-type-simple"},"_links":{"self":[{"href":"https:\/\/ledshoponline.be\/fr\/wp-json\/wp\/v2\/product\/18171","targetHints":{"allow":["GET"]}}],"collection":[{"href":"https:\/\/ledshoponline.be\/fr\/wp-json\/wp\/v2\/product"}],"about":[{"href":"https:\/\/ledshoponline.be\/fr\/wp-json\/wp\/v2\/types\/product"}],"replies":[{"embeddable":true,"href":"https:\/\/ledshoponline.be\/fr\/wp-json\/wp\/v2\/comments?post=18171"}],"version-history":[{"count":1,"href":"https:\/\/ledshoponline.be\/fr\/wp-json\/wp\/v2\/product\/18171\/revisions"}],"predecessor-version":[{"id":697432,"href":"https:\/\/ledshoponline.be\/fr\/wp-json\/wp\/v2\/product\/18171\/revisions\/697432"}],"wp:featuredmedia":[{"embeddable":true,"href":"https:\/\/ledshoponline.be\/fr\/wp-json\/wp\/v2\/media\/18172"}],"wp:attachment":[{"href":"https:\/\/ledshoponline.be\/fr\/wp-json\/wp\/v2\/media?parent=18171"}],"wp:term":[{"taxonomy":"product_brand","embeddable":true,"href":"https:\/\/ledshoponline.be\/fr\/wp-json\/wp\/v2\/product_brand?post=18171"},{"taxonomy":"product_cat","embeddable":true,"href":"https:\/\/ledshoponline.be\/fr\/wp-json\/wp\/v2\/product_cat?post=18171"},{"taxonomy":"product_tag","embeddable":true,"href":"https:\/\/ledshoponline.be\/fr\/wp-json\/wp\/v2\/product_tag?post=18171"}],"curies":[{"name":"wp","href":"https:\/\/api.w.org\/{rel}","templated":true}]}}