{"id":18147,"date":"2015-05-19T14:52:38","date_gmt":"2015-05-19T14:52:38","guid":{"rendered":"https:\/\/hlncaxea.a2hosted.com\/?post_type=product&#038;p=18147"},"modified":"2025-03-09T19:41:33","modified_gmt":"2025-03-09T19:41:33","slug":"dimmer-led-pour-lampes-led-dimmable-230v-encastrees-3-60w","status":"publish","type":"product","link":"https:\/\/ledshoponline.be\/fr\/shop\/producten\/toebehoren\/230v-led-dimmers\/led-dimmer-voor-dimbare-230v-led-lampen-inbouw-3-60w\/","title":{"rendered":"Variateur LED pour lampes LED 230v \u00e0 encastrer blanc 3-60W"},"content":{"rendered":"<p>Un variateur LED encastr\u00e9 qui convient \u00e0 presque toutes les lampes LED \u00e0 variateur de toutes les marques, y compris : Philips, Ikea et Osram. Ce variateur fonctionne aussi bien en phase d'allumage qu'en phase d'extinction.<\/p>\n<p>Dans le commerce, ces variateurs co\u00fbtent en moyenne 50-80 euros, cependant, pour satisfaire nos clients, nous les proposons \u00e0 un prix tr\u00e8s raisonnable.<\/p>\n<ul>\n<li>Charge : 3-60 watts<\/li>\n<li>Tension d'entr\u00e9e : 220 - 240VAC 50~60Hz<\/li>\n<li>Bouton poussoir marche\/arr\u00eat<\/li>\n<li>Bouton rotatif pour r\u00e9gler la luminosit\u00e9<\/li>\n<li>Unipolaire<\/li>\n<\/ul>","protected":false},"excerpt":{"rendered":"<p>Variateur unique qui fonctionne pour presque toutes les lampes et spots LED 230v \u00e0 gradation. Ce variateur fonctionne aussi bien en phase on qu'en phase off.<\/p>","protected":false},"featured_media":18148,"comment_status":"closed","ping_status":"closed","template":"","meta":{"_seopress_robots_primary_cat":"","_seopress_titles_title":"","_seopress_titles_desc":"","_seopress_robots_index":""},"product_brand":[],"product_cat":[86,19,42],"product_tag":[263,368],"class_list":{"0":"post-18147","1":"product","2":"type-product","3":"status-publish","4":"has-post-thumbnail","6":"product_cat-230v-led-dimmers","7":"product_cat-producten","8":"product_cat-toebehoren","9":"product_tag-led-dimmer","10":"product_tag-triac-dimmer","12":"first","13":"instock","14":"sale","15":"taxable","16":"shipping-taxable","17":"purchasable","18":"product-type-simple"},"_links":{"self":[{"href":"https:\/\/ledshoponline.be\/fr\/wp-json\/wp\/v2\/product\/18147","targetHints":{"allow":["GET"]}}],"collection":[{"href":"https:\/\/ledshoponline.be\/fr\/wp-json\/wp\/v2\/product"}],"about":[{"href":"https:\/\/ledshoponline.be\/fr\/wp-json\/wp\/v2\/types\/product"}],"replies":[{"embeddable":true,"href":"https:\/\/ledshoponline.be\/fr\/wp-json\/wp\/v2\/comments?post=18147"}],"version-history":[{"count":0,"href":"https:\/\/ledshoponline.be\/fr\/wp-json\/wp\/v2\/product\/18147\/revisions"}],"wp:featuredmedia":[{"embeddable":true,"href":"https:\/\/ledshoponline.be\/fr\/wp-json\/wp\/v2\/media\/18148"}],"wp:attachment":[{"href":"https:\/\/ledshoponline.be\/fr\/wp-json\/wp\/v2\/media?parent=18147"}],"wp:term":[{"taxonomy":"product_brand","embeddable":true,"href":"https:\/\/ledshoponline.be\/fr\/wp-json\/wp\/v2\/product_brand?post=18147"},{"taxonomy":"product_cat","embeddable":true,"href":"https:\/\/ledshoponline.be\/fr\/wp-json\/wp\/v2\/product_cat?post=18147"},{"taxonomy":"product_tag","embeddable":true,"href":"https:\/\/ledshoponline.be\/fr\/wp-json\/wp\/v2\/product_tag?post=18147"}],"curies":[{"name":"wp","href":"https:\/\/api.w.org\/{rel}","templated":true}]}}