{"id":18143,"date":"2015-04-07T23:32:51","date_gmt":"2015-04-07T23:32:51","guid":{"rendered":"https:\/\/hlncaxea.a2hosted.com\/?post_type=product&#038;p=18143"},"modified":"2025-03-09T19:41:31","modified_gmt":"2025-03-09T19:41:31","slug":"bande-led-rgb-230v-50m-ip68-2","status":"publish","type":"product","link":"https:\/\/ledshoponline.be\/fr\/shop\/producten\/led-strips\/led-strips-230v\/rgb-led-strip-230v-50m-ip68-2\/","title":{"rendered":"Bande LED RVB 230v 50m IP68"},"content":{"rendered":"<p>Cette bande LED a une longueur de 50 m\u00e8tres et peut \u00eatre utilis\u00e9e sans adaptateur. L'indice ip est ip65, ce qui signifie que cette bande LED est totalement \u00e9tanche. Veuillez noter que cette bande LED fonctionne sur 230 volts et ne convient donc pas aux piscines, par exemple. Id\u00e9al pour<\/p>\n<p>- \u00e9clairage de jardin<br \/>\n- \u00e9clairage de la terrasse<br \/>\n- \u00e9clairage de l'escalier<br \/>\n- \u00e9clairage en corniche<\/p>\n<p>Le fonctionnement est assur\u00e9 par un bouton \"click and play\" situ\u00e9 sur la fiche.<\/p>\n<p>T\u00e9l\u00e9commande RF disponible en option.<\/p>","protected":false},"excerpt":{"rendered":"<p>Bande de leds RVB sur bobine 230v 50m en direct sans transformateur.<br \/>\nAvec 5050 LED SMD (60SMD par m)<br \/>\nComprend une prise 230v avec fonction \"click and play\".<br \/>\nPlug and Play sans soudure.<\/p>","protected":false},"featured_media":18144,"comment_status":"closed","ping_status":"closed","template":"","meta":{"_seopress_robots_primary_cat":"","_seopress_titles_title":"","_seopress_titles_desc":"","_seopress_robots_index":""},"product_brand":[],"product_cat":[40,229,19],"product_tag":[361,362],"class_list":{"0":"post-18143","1":"product","2":"type-product","3":"status-publish","4":"has-post-thumbnail","6":"product_cat-led-strips","7":"product_cat-led-strips-230v","8":"product_cat-producten","9":"product_tag-rgb-led-strip-220v","10":"product_tag-rgb-led-strip-230v","12":"first","13":"instock","14":"sale","15":"taxable","16":"shipping-taxable","17":"purchasable","18":"product-type-simple"},"_links":{"self":[{"href":"https:\/\/ledshoponline.be\/fr\/wp-json\/wp\/v2\/product\/18143","targetHints":{"allow":["GET"]}}],"collection":[{"href":"https:\/\/ledshoponline.be\/fr\/wp-json\/wp\/v2\/product"}],"about":[{"href":"https:\/\/ledshoponline.be\/fr\/wp-json\/wp\/v2\/types\/product"}],"replies":[{"embeddable":true,"href":"https:\/\/ledshoponline.be\/fr\/wp-json\/wp\/v2\/comments?post=18143"}],"version-history":[{"count":0,"href":"https:\/\/ledshoponline.be\/fr\/wp-json\/wp\/v2\/product\/18143\/revisions"}],"wp:featuredmedia":[{"embeddable":true,"href":"https:\/\/ledshoponline.be\/fr\/wp-json\/wp\/v2\/media\/18144"}],"wp:attachment":[{"href":"https:\/\/ledshoponline.be\/fr\/wp-json\/wp\/v2\/media?parent=18143"}],"wp:term":[{"taxonomy":"product_brand","embeddable":true,"href":"https:\/\/ledshoponline.be\/fr\/wp-json\/wp\/v2\/product_brand?post=18143"},{"taxonomy":"product_cat","embeddable":true,"href":"https:\/\/ledshoponline.be\/fr\/wp-json\/wp\/v2\/product_cat?post=18143"},{"taxonomy":"product_tag","embeddable":true,"href":"https:\/\/ledshoponline.be\/fr\/wp-json\/wp\/v2\/product_tag?post=18143"}],"curies":[{"name":"wp","href":"https:\/\/api.w.org\/{rel}","templated":true}]}}