{"id":18124,"date":"2015-04-26T10:50:24","date_gmt":"2015-04-26T10:50:24","guid":{"rendered":"https:\/\/hlncaxea.a2hosted.com\/?post_type=product&#038;p=18124"},"modified":"2025-03-09T19:41:28","modified_gmt":"2025-03-09T19:41:28","slug":"lampe-murale-led-star-ip54","status":"publish","type":"product","link":"https:\/\/ledshoponline.be\/fr\/shop\/producten\/armaturen\/badkamer-lampen\/wandlamp-led-ster-ip54\/","title":{"rendered":"Applique LED star IP54"},"content":{"rendered":"<div class=\"column_header\">\n<p class=\"head\"><strong>DIMENSIONS<\/strong><\/p>\n<\/div>\n<p class=\"head\"><strong>total<\/strong><\/p>\n<p><span class=\"size_label\">diam\u00e8tre :<\/span>9,00 cm<\/p>\n<p><span class=\"size_label\">profondeur :<\/span>4,00 cm<\/p>\n<p class=\"head\"><strong>support de montage<\/strong><\/p>\n<p><span class=\"size_label\">diam\u00e8tre :<\/span>7,30 cm<\/p>\n<p>Classe d'\u00e9tanch\u00e9it\u00e9 - IP 54 \u00e0 l'\u00e9preuve des \u00e9claboussures et de la poussi\u00e8re<\/p>\n<p>Cette petite lampe murale est \u00e9quip\u00e9e de 2 LED int\u00e9gr\u00e9es. Ces LED sont joliment r\u00e9parties dans le cercle le long du bord ext\u00e9rieur. Les LED se trouvent dans un verre sph\u00e9rique. Elles d\u00e9passent l\u00e9g\u00e8rement de l'armature. Cela permet au faisceau lumineux de chaque LED de s'exprimer pleinement. Le dessin qui appara\u00eet sur votre mur d\u00e8s que la lampe est allum\u00e9e est tr\u00e8s particulier.<\/p>\n<p>Gr\u00e2ce \u00e0 son indice de protection IP \u00e9lev\u00e9, cette lampe peut \u00e9galement \u00eatre utilis\u00e9e dans la salle de bain ou \u00e0 l'ext\u00e9rieur.<\/p>\n<p>Les LED sont connues pour leur longue dur\u00e9e de vie et leur utilisation tr\u00e8s \u00e9conomique. De plus, le luminaire ne chauffe pas pendant l'utilisation.<\/p>\n<p><strong>Int\u00e9gr\u00e9 : 2 LED CREE de 1 watt de couleur blanc chaud 2700K.<\/strong><\/p>","protected":false},"excerpt":{"rendered":"<p>Applique murale de petite taille avec un grand effet d'\u00e9clairage.<br \/>\nCette lampe murale ne manquera pas de se d\u00e9marquer dans n'importe quel int\u00e9rieur.<\/p>","protected":false},"featured_media":18125,"comment_status":"closed","ping_status":"closed","template":"","meta":{"_seopress_robots_primary_cat":"","_seopress_titles_title":"","_seopress_titles_desc":"","_seopress_robots_index":""},"product_brand":[],"product_cat":[87,89,90,19,109],"product_tag":[328,260,329,330,331,332,333,196,334,335,336,337],"class_list":{"0":"post-18124","1":"product","2":"type-product","3":"status-publish","4":"has-post-thumbnail","6":"product_cat-armaturen","7":"product_cat-badkamer-lampen","8":"product_cat-buitenverlichting","9":"product_cat-producten","10":"product_cat-wandlampen","11":"product_tag-aluminium","12":"product_tag-badkamer","13":"product_tag-batkamer","14":"product_tag-buitenverlichting","15":"product_tag-design","16":"product_tag-glas","17":"product_tag-helder","18":"product_tag-led-armatuur","19":"product_tag-modern","20":"product_tag-rond","21":"product_tag-zox","22":"product_tag-zoxx","24":"first","25":"outofstock","26":"taxable","27":"shipping-taxable","28":"purchasable","29":"product-type-simple"},"_links":{"self":[{"href":"https:\/\/ledshoponline.be\/fr\/wp-json\/wp\/v2\/product\/18124","targetHints":{"allow":["GET"]}}],"collection":[{"href":"https:\/\/ledshoponline.be\/fr\/wp-json\/wp\/v2\/product"}],"about":[{"href":"https:\/\/ledshoponline.be\/fr\/wp-json\/wp\/v2\/types\/product"}],"replies":[{"embeddable":true,"href":"https:\/\/ledshoponline.be\/fr\/wp-json\/wp\/v2\/comments?post=18124"}],"version-history":[{"count":0,"href":"https:\/\/ledshoponline.be\/fr\/wp-json\/wp\/v2\/product\/18124\/revisions"}],"wp:featuredmedia":[{"embeddable":true,"href":"https:\/\/ledshoponline.be\/fr\/wp-json\/wp\/v2\/media\/18125"}],"wp:attachment":[{"href":"https:\/\/ledshoponline.be\/fr\/wp-json\/wp\/v2\/media?parent=18124"}],"wp:term":[{"taxonomy":"product_brand","embeddable":true,"href":"https:\/\/ledshoponline.be\/fr\/wp-json\/wp\/v2\/product_brand?post=18124"},{"taxonomy":"product_cat","embeddable":true,"href":"https:\/\/ledshoponline.be\/fr\/wp-json\/wp\/v2\/product_cat?post=18124"},{"taxonomy":"product_tag","embeddable":true,"href":"https:\/\/ledshoponline.be\/fr\/wp-json\/wp\/v2\/product_tag?post=18124"}],"curies":[{"name":"wp","href":"https:\/\/api.w.org\/{rel}","templated":true}]}}