{"id":18120,"date":"2015-03-15T12:36:54","date_gmt":"2015-03-15T12:36:54","guid":{"rendered":"https:\/\/hlncaxea.a2hosted.com\/?post_type=product&#038;p=18120"},"modified":"2025-03-09T19:41:27","modified_gmt":"2025-03-09T19:41:27","slug":"milight-wifi-controller-iphoneandroid-12v24v-2","status":"publish","type":"product","link":"https:\/\/ledshoponline.be\/fr\/shop\/producten\/led-strips\/led-strips-toebehoren\/milight-wifi-controller-iphoneandroid-12v24v-2\/","title":{"rendered":"Milight Wifi controller set Iphone\/Android 12v\/24v"},"content":{"rendered":"<p>Le contr\u00f4leur LED WiFi vous permet de contr\u00f4ler vos applications LED \u00e0 tension constante (par exemple les bandes LED) tr\u00e8s facilement et confortablement avec votre smartphone\/tablette (Android ou IOS). Diff\u00e9rentes fonctions telles que le contr\u00f4le progressif des couleurs via la roue de couleur tactile, la gradation ou les programmes automatiques sont disponibles ici.<\/p>\n<p><strong>Comment cela fonctionne-t-il ?<\/strong><\/p>\n<p>Vous le connectez comme suit : Transformateur 12V &gt; contr\u00f4leur rgbw &gt; bande LED RVB.<br \/>\nLa iBox WiFi avec le c\u00e2ble usb inclus se connecte \u00e0 un hub ou un adaptateur usb.<br \/>\nUne fois que c'est fait, vous pouvez tout contr\u00f4ler avec l'application sur votre smartphone Android ou iPhone. Il fonctionne \u00e9galement avec un Ipad et la t\u00e9l\u00e9commande incluse.<\/p>\n<p><b>Inclus dans le set :<\/b><\/p>\n<ul>\n<li>T\u00e9l\u00e9commande sans fil tactile 2.4G RF pour bande LED<\/li>\n<li>WiFi iBox<\/li>\n<li>Contr\u00f4leur Rgbw<\/li>\n<li>2 piles AAA.<\/li>\n<\/ul>","protected":false},"excerpt":{"rendered":"<p>Un contr\u00f4leur RGB(w) wifi pour contr\u00f4ler vos bandes de leds RGB(w) avec votre Iphone, Ipad ou Android.<\/p>\n<p>Port\u00e9e de r\u00e9ception : jusqu'\u00e0 50 m.<\/p>","protected":false},"featured_media":18121,"comment_status":"open","ping_status":"closed","template":"","meta":{"_seopress_robots_primary_cat":"","_seopress_titles_title":"","_seopress_titles_desc":"","_seopress_robots_index":""},"product_brand":[],"product_cat":[41,19,324],"product_tag":[325,326,327],"class_list":{"0":"post-18120","1":"product","2":"type-product","3":"status-publish","4":"has-post-thumbnail","6":"product_cat-led-strips-toebehoren","7":"product_cat-producten","8":"product_cat-rgb-controller-remote","9":"product_tag-android-controller","10":"product_tag-iphone-rgb-controller","11":"product_tag-rgb-wifi-controller","13":"first","14":"outofstock","15":"taxable","16":"shipping-taxable","17":"purchasable","18":"product-type-simple"},"_links":{"self":[{"href":"https:\/\/ledshoponline.be\/fr\/wp-json\/wp\/v2\/product\/18120","targetHints":{"allow":["GET"]}}],"collection":[{"href":"https:\/\/ledshoponline.be\/fr\/wp-json\/wp\/v2\/product"}],"about":[{"href":"https:\/\/ledshoponline.be\/fr\/wp-json\/wp\/v2\/types\/product"}],"replies":[{"embeddable":true,"href":"https:\/\/ledshoponline.be\/fr\/wp-json\/wp\/v2\/comments?post=18120"}],"version-history":[{"count":0,"href":"https:\/\/ledshoponline.be\/fr\/wp-json\/wp\/v2\/product\/18120\/revisions"}],"wp:featuredmedia":[{"embeddable":true,"href":"https:\/\/ledshoponline.be\/fr\/wp-json\/wp\/v2\/media\/18121"}],"wp:attachment":[{"href":"https:\/\/ledshoponline.be\/fr\/wp-json\/wp\/v2\/media?parent=18120"}],"wp:term":[{"taxonomy":"product_brand","embeddable":true,"href":"https:\/\/ledshoponline.be\/fr\/wp-json\/wp\/v2\/product_brand?post=18120"},{"taxonomy":"product_cat","embeddable":true,"href":"https:\/\/ledshoponline.be\/fr\/wp-json\/wp\/v2\/product_cat?post=18120"},{"taxonomy":"product_tag","embeddable":true,"href":"https:\/\/ledshoponline.be\/fr\/wp-json\/wp\/v2\/product_tag?post=18120"}],"curies":[{"name":"wp","href":"https:\/\/api.w.org\/{rel}","templated":true}]}}