{"id":18114,"date":"2015-04-15T21:56:58","date_gmt":"2015-04-15T21:56:58","guid":{"rendered":"https:\/\/hlncaxea.a2hosted.com\/?post_type=product&#038;p=18114"},"modified":"2025-03-09T19:41:26","modified_gmt":"2025-03-09T19:41:26","slug":"bande-led-230v-piece-dextremite","status":"publish","type":"product","link":"https:\/\/ledshoponline.be\/fr\/shop\/producten\/led-strips\/led-strips-toebehoren\/230v-led-strip-eindstuk\/","title":{"rendered":"Bande LED 230v, pi\u00e8ce d'extr\u00e9mit\u00e9"},"content":{"rendered":"","protected":false},"excerpt":{"rendered":"<p>Une pi\u00e8ce finale, un embout pour une bande LED 230v.<\/p>","protected":false},"featured_media":18115,"comment_status":"closed","ping_status":"closed","template":"","meta":{"_seopress_robots_primary_cat":"","_seopress_titles_title":"","_seopress_titles_desc":"","_seopress_robots_index":""},"product_brand":[],"product_cat":[40,41],"product_tag":[],"class_list":{"0":"post-18114","1":"product","2":"type-product","3":"status-publish","4":"has-post-thumbnail","6":"product_cat-led-strips","7":"product_cat-led-strips-toebehoren","9":"first","10":"instock","11":"taxable","12":"shipping-taxable","13":"purchasable","14":"product-type-simple"},"_links":{"self":[{"href":"https:\/\/ledshoponline.be\/fr\/wp-json\/wp\/v2\/product\/18114","targetHints":{"allow":["GET"]}}],"collection":[{"href":"https:\/\/ledshoponline.be\/fr\/wp-json\/wp\/v2\/product"}],"about":[{"href":"https:\/\/ledshoponline.be\/fr\/wp-json\/wp\/v2\/types\/product"}],"replies":[{"embeddable":true,"href":"https:\/\/ledshoponline.be\/fr\/wp-json\/wp\/v2\/comments?post=18114"}],"version-history":[{"count":0,"href":"https:\/\/ledshoponline.be\/fr\/wp-json\/wp\/v2\/product\/18114\/revisions"}],"wp:featuredmedia":[{"embeddable":true,"href":"https:\/\/ledshoponline.be\/fr\/wp-json\/wp\/v2\/media\/18115"}],"wp:attachment":[{"href":"https:\/\/ledshoponline.be\/fr\/wp-json\/wp\/v2\/media?parent=18114"}],"wp:term":[{"taxonomy":"product_brand","embeddable":true,"href":"https:\/\/ledshoponline.be\/fr\/wp-json\/wp\/v2\/product_brand?post=18114"},{"taxonomy":"product_cat","embeddable":true,"href":"https:\/\/ledshoponline.be\/fr\/wp-json\/wp\/v2\/product_cat?post=18114"},{"taxonomy":"product_tag","embeddable":true,"href":"https:\/\/ledshoponline.be\/fr\/wp-json\/wp\/v2\/product_tag?post=18114"}],"curies":[{"name":"wp","href":"https:\/\/api.w.org\/{rel}","templated":true}]}}