{"id":18081,"date":"2015-03-13T23:50:33","date_gmt":"2015-03-13T23:50:33","guid":{"rendered":"https:\/\/hlncaxea.a2hosted.com\/?post_type=product&#038;p=18081"},"modified":"2025-03-09T19:41:24","modified_gmt":"2025-03-09T19:41:24","slug":"lampe-suspendue-industrielle-en-bois","status":"publish","type":"product","link":"https:\/\/ledshoponline.be\/fr\/shop\/producten\/armaturen\/hanglampen\/industriele-houten-hanglamp\/","title":{"rendered":"Lampe suspendue industrielle en bois"},"content":{"rendered":"<p>Il s'agit d'une lampe suspendue industrielle excentrique. L'abat-jour en m\u00e9tal ouvert et la belle poulie en bois font que cette lampe se distingue des autres lampes industrielles suspendues. La lampe est faite de m\u00e9tal, est color\u00e9e en noir et a un \u00e9clat subtil de bronze.<br \/>\nLampe \u00e0 filament LED incluse<\/p>\n<h3>Avantages de cette lampe suspendue industrielle en bois :<\/h3>\n<ul>\n<li>Un ajout unique \u00e0 votre int\u00e9rieur.<\/li>\n<li>Rendement lumineux optimal gr\u00e2ce au capot ouvert.<\/li>\n<li>A combiner avec d'autres lampes de la m\u00eame s\u00e9rie.<\/li>\n<li>Lampe suspendue industrielle noire sur cha\u00eene.<\/li>\n<li>La grande lampe suspendue industrielle est suspendue \u00e0 une cha\u00eene.<\/li>\n<li>Si la lampe pend trop bas, le cordon peut facilement \u00eatre raccourci en utilisant un crochet en S dans la cha\u00eene.<\/li>\n<li>Cette m\u00e9thode de raccourcissement souligne le caract\u00e8re industriel de la lampe.<\/li>\n<\/ul>\n<p>Lampe suspendue industrielle noire sur cha\u00eene<br \/>\nCette grande lampe industrielle suspendue est accroch\u00e9e \u00e0 une cha\u00eene. Si la lampe est trop basse au-dessus de la table, le cordon peut facilement \u00eatre raccourci. Vous pouvez suspendre la lampe plus haut en utilisant un crochet en S pour la cha\u00eene. Cette fa\u00e7on de raccourcir le cordon souligne le caract\u00e8re industriel robuste de cette lampe.<\/p>\n<h2>Lampe suspendue industrielle en bois<\/h2>\n<p>Cette lampe suspendue se distingue des autres lampes industrielles par son abat-jour m\u00e9tallique ouvert et sa belle poulie en bois.<br \/>\nLa lampe est fabriqu\u00e9e en m\u00e9tal noir avec un \u00e9clat subtil de bronze.<\/p>\n<h2>Dimensions :<\/h2>\n<p><strong>Total :<br \/>\n<\/strong>Hauteur minimale : 100 cm<br \/>\nHauteur maximale : 143 cm<br \/>\nDiam\u00e8tre : 34 cm<\/p>\n<p><strong>Cap :<\/strong><br \/>\nHauteur : 30 cm<br \/>\nDiam\u00e8tre : 34 cm<\/p>\n<p><strong>Support de montage :<br \/>\n<\/strong>Longueur : 11,5 cm<\/p>\n<p><strong>Capuchon de plafond :<br \/>\n<\/strong>Hauteur : 4 cm<br \/>\nDiam\u00e8tre : 12 cm<\/p>","protected":false},"excerpt":{"rendered":"<p>Dit is een eigenzinnige industri\u00eble hanglamp. De open metalen kap en de mooie houten katrol zorgen ervoor dat deze lamp<\/p>","protected":false},"featured_media":18082,"comment_status":"closed","ping_status":"closed","template":"","meta":{"_seopress_robots_primary_cat":"","_seopress_titles_title":"","_seopress_titles_desc":"","_seopress_robots_index":""},"product_brand":[],"product_cat":[170],"product_tag":[318],"class_list":{"0":"post-18081","1":"product","2":"type-product","3":"status-publish","4":"has-post-thumbnail","6":"product_cat-hanglampen","7":"product_tag-led-hangbol","9":"first","10":"instock","11":"taxable","12":"shipping-taxable","13":"purchasable","14":"product-type-simple"},"_links":{"self":[{"href":"https:\/\/ledshoponline.be\/fr\/wp-json\/wp\/v2\/product\/18081","targetHints":{"allow":["GET"]}}],"collection":[{"href":"https:\/\/ledshoponline.be\/fr\/wp-json\/wp\/v2\/product"}],"about":[{"href":"https:\/\/ledshoponline.be\/fr\/wp-json\/wp\/v2\/types\/product"}],"replies":[{"embeddable":true,"href":"https:\/\/ledshoponline.be\/fr\/wp-json\/wp\/v2\/comments?post=18081"}],"version-history":[{"count":0,"href":"https:\/\/ledshoponline.be\/fr\/wp-json\/wp\/v2\/product\/18081\/revisions"}],"wp:featuredmedia":[{"embeddable":true,"href":"https:\/\/ledshoponline.be\/fr\/wp-json\/wp\/v2\/media\/18082"}],"wp:attachment":[{"href":"https:\/\/ledshoponline.be\/fr\/wp-json\/wp\/v2\/media?parent=18081"}],"wp:term":[{"taxonomy":"product_brand","embeddable":true,"href":"https:\/\/ledshoponline.be\/fr\/wp-json\/wp\/v2\/product_brand?post=18081"},{"taxonomy":"product_cat","embeddable":true,"href":"https:\/\/ledshoponline.be\/fr\/wp-json\/wp\/v2\/product_cat?post=18081"},{"taxonomy":"product_tag","embeddable":true,"href":"https:\/\/ledshoponline.be\/fr\/wp-json\/wp\/v2\/product_tag?post=18081"}],"curies":[{"name":"wp","href":"https:\/\/api.w.org\/{rel}","templated":true}]}}