{"id":18077,"date":"2015-03-01T10:29:29","date_gmt":"2015-03-01T10:29:29","guid":{"rendered":"https:\/\/hlncaxea.a2hosted.com\/?post_type=product&#038;p=18077"},"modified":"2025-03-09T19:41:23","modified_gmt":"2025-03-09T19:41:23","slug":"plafonnier-led-cristal","status":"publish","type":"product","link":"https:\/\/ledshoponline.be\/fr\/shop\/producten\/armaturen\/plafondlampen\/kristallen-led-plafondlamp\/","title":{"rendered":"Plafonnier LED en cristal"},"content":{"rendered":"","protected":false},"excerpt":{"rendered":"<p>Faites briller votre int\u00e9rieur avec ce magnifique plafonnier vintage. Les \"cristaux\" r\u00e9fractent la lumi\u00e8re et la refl\u00e8tent magnifiquement. Un bel accent dans le hall, dans les escaliers, pr\u00e8s de la table basse, dans la chambre \u00e0 coucher et m\u00eame dans la chambre d'un adolescent. Le jeu de lumi\u00e8re sur ce plafonnier est hypnotique \u00e0 regarder.<\/p>\n<p><strong>Avantages de ce plafonnier en cristal :<\/strong><br \/>\n- Un ajout unique \u00e0 votre int\u00e9rieur<br \/>\n- Donne une belle lumi\u00e8re \u00e9tincelante<br \/>\n- Convient aux petites et grandes pi\u00e8ces<br \/>\n- Prix comp\u00e9titif<\/p>\n<p>Ce plafonnier oriental avec des d\u00e9tails en cristal a un look moderne et cool qui compl\u00e8te la lampe. Inclut une lampe \u00e0 filament LED pour un \u00e9clairage d'ambiance suppl\u00e9mentaire.<\/p>","protected":false},"featured_media":18078,"comment_status":"closed","ping_status":"closed","template":"","meta":{"_seopress_robots_primary_cat":"","_seopress_titles_title":"","_seopress_titles_desc":"","_seopress_robots_index":""},"product_brand":[],"product_cat":[87,165],"product_tag":[278],"class_list":{"0":"post-18077","1":"product","2":"type-product","3":"status-publish","4":"has-post-thumbnail","6":"product_cat-armaturen","7":"product_cat-plafondlampen","8":"product_tag-led-ar111-armatuur","10":"first","11":"instock","12":"taxable","13":"shipping-taxable","14":"purchasable","15":"product-type-simple"},"_links":{"self":[{"href":"https:\/\/ledshoponline.be\/fr\/wp-json\/wp\/v2\/product\/18077","targetHints":{"allow":["GET"]}}],"collection":[{"href":"https:\/\/ledshoponline.be\/fr\/wp-json\/wp\/v2\/product"}],"about":[{"href":"https:\/\/ledshoponline.be\/fr\/wp-json\/wp\/v2\/types\/product"}],"replies":[{"embeddable":true,"href":"https:\/\/ledshoponline.be\/fr\/wp-json\/wp\/v2\/comments?post=18077"}],"version-history":[{"count":0,"href":"https:\/\/ledshoponline.be\/fr\/wp-json\/wp\/v2\/product\/18077\/revisions"}],"wp:featuredmedia":[{"embeddable":true,"href":"https:\/\/ledshoponline.be\/fr\/wp-json\/wp\/v2\/media\/18078"}],"wp:attachment":[{"href":"https:\/\/ledshoponline.be\/fr\/wp-json\/wp\/v2\/media?parent=18077"}],"wp:term":[{"taxonomy":"product_brand","embeddable":true,"href":"https:\/\/ledshoponline.be\/fr\/wp-json\/wp\/v2\/product_brand?post=18077"},{"taxonomy":"product_cat","embeddable":true,"href":"https:\/\/ledshoponline.be\/fr\/wp-json\/wp\/v2\/product_cat?post=18077"},{"taxonomy":"product_tag","embeddable":true,"href":"https:\/\/ledshoponline.be\/fr\/wp-json\/wp\/v2\/product_tag?post=18077"}],"curies":[{"name":"wp","href":"https:\/\/api.w.org\/{rel}","templated":true}]}}