{"id":18075,"date":"2015-02-25T21:35:46","date_gmt":"2015-02-25T21:35:46","guid":{"rendered":"https:\/\/hlncaxea.a2hosted.com\/?post_type=product&#038;p=18075"},"modified":"2025-09-22T20:43:49","modified_gmt":"2025-09-22T20:43:49","slug":"connecteur-pour-bande-de-leds-avec-cable-1-couleur-pour-bande-de-leds-10mm-2","status":"publish","type":"product","link":"https:\/\/ledshoponline.be\/fr\/shop\/producten\/led-strips\/led-strips-toebehoren\/ledstrip-connector-met-kabel-1-kleur-voor-10mm-led-strip-2\/","title":{"rendered":"Connecteur de bande LED avec c\u00e2ble 1 couleur pour bande LED de 10mm"},"content":{"rendered":"","protected":false},"excerpt":{"rendered":"<p>Un syst\u00e8me de fixation facile \u00e0 cliquer pour attacher un c\u00e2ble \u00e0 une bande LED. Le c\u00e2ble peut \u00eatre utilis\u00e9 pour s'attacher \u00e0 une alimentation LED.<\/p>\n<p><strong>Remarque :<\/strong>\u00a0Le connecteur ne convient qu'\u00e0 la bande LED 1 couleur de 10 mm et n'est pas \u00e9tanche.<\/p>\n<p>La longueur du c\u00e2ble est de 14 cm<\/p>","protected":false},"featured_media":18076,"comment_status":"closed","ping_status":"closed","template":"","meta":{"_seopress_robots_primary_cat":"","_seopress_titles_title":"","_seopress_titles_desc":"","_seopress_robots_index":""},"product_brand":[],"product_cat":[41],"product_tag":[317],"class_list":{"0":"post-18075","1":"product","2":"type-product","3":"status-publish","4":"has-post-thumbnail","6":"product_cat-led-strips-toebehoren","7":"product_tag-connector","9":"first","10":"instock","11":"sale","12":"taxable","13":"shipping-taxable","14":"purchasable","15":"product-type-simple"},"_links":{"self":[{"href":"https:\/\/ledshoponline.be\/fr\/wp-json\/wp\/v2\/product\/18075","targetHints":{"allow":["GET"]}}],"collection":[{"href":"https:\/\/ledshoponline.be\/fr\/wp-json\/wp\/v2\/product"}],"about":[{"href":"https:\/\/ledshoponline.be\/fr\/wp-json\/wp\/v2\/types\/product"}],"replies":[{"embeddable":true,"href":"https:\/\/ledshoponline.be\/fr\/wp-json\/wp\/v2\/comments?post=18075"}],"version-history":[{"count":1,"href":"https:\/\/ledshoponline.be\/fr\/wp-json\/wp\/v2\/product\/18075\/revisions"}],"predecessor-version":[{"id":624455,"href":"https:\/\/ledshoponline.be\/fr\/wp-json\/wp\/v2\/product\/18075\/revisions\/624455"}],"wp:featuredmedia":[{"embeddable":true,"href":"https:\/\/ledshoponline.be\/fr\/wp-json\/wp\/v2\/media\/18076"}],"wp:attachment":[{"href":"https:\/\/ledshoponline.be\/fr\/wp-json\/wp\/v2\/media?parent=18075"}],"wp:term":[{"taxonomy":"product_brand","embeddable":true,"href":"https:\/\/ledshoponline.be\/fr\/wp-json\/wp\/v2\/product_brand?post=18075"},{"taxonomy":"product_cat","embeddable":true,"href":"https:\/\/ledshoponline.be\/fr\/wp-json\/wp\/v2\/product_cat?post=18075"},{"taxonomy":"product_tag","embeddable":true,"href":"https:\/\/ledshoponline.be\/fr\/wp-json\/wp\/v2\/product_tag?post=18075"}],"curies":[{"name":"wp","href":"https:\/\/api.w.org\/{rel}","templated":true}]}}