{"id":18056,"date":"2015-03-13T23:37:55","date_gmt":"2015-03-13T23:37:55","guid":{"rendered":"https:\/\/hlncaxea.a2hosted.com\/?post_type=product&#038;p=18056"},"modified":"2025-03-09T19:41:22","modified_gmt":"2025-03-09T19:41:22","slug":"lampe-suspendue-a-led-au-design-industriel","status":"publish","type":"product","link":"https:\/\/ledshoponline.be\/fr\/shop\/producten\/armaturen\/hanglampen\/industriele-design-led-hanglamp\/","title":{"rendered":"Lampe suspendue LED au design industriel"},"content":{"rendered":"<p><strong>Dimensions :<\/strong><\/p>\n<p>Hauteur : 70 - 143 cm<br \/>\nDiam\u00e8tre : 41,5 cm<br \/>\nCapuchon : diam\u00e8tre : 41,5 cm, hauteur : 30 cm<br \/>\nPlafonnier : diam\u00e8tre : 12 cm, hauteur : 2,5 cm<br \/>\nSupport de montage : 11,5 cm<\/p>\n<p>Comprend une ampoule LED blanc chaud de 6W qui remplace une ampoule \u00e0 incandescence de 60W.<\/p>","protected":false},"excerpt":{"rendered":"<p>Magnifique lampe suspendue LED industrielle en fer brut.<br \/>\nL'int\u00e9rieur de l'abat-jour est plus clair et pr\u00e9sente un aspect l\u00e9g\u00e8rement \"usag\u00e9\". Quelques taches subtiles \u00e0 l'int\u00e9rieur donnent \u00e0 la lampe un aspect plus robuste.<\/p>","protected":false},"featured_media":18057,"comment_status":"closed","ping_status":"closed","template":"","meta":{"_seopress_robots_primary_cat":"","_seopress_titles_title":"","_seopress_titles_desc":"","_seopress_robots_index":""},"product_brand":[],"product_cat":[170],"product_tag":[308,309,310],"class_list":{"0":"post-18056","1":"product","2":"type-product","3":"status-publish","4":"has-post-thumbnail","6":"product_cat-hanglampen","7":"product_tag-industriele-hanglamp","8":"product_tag-led","9":"product_tag-led-hanglamp","11":"first","12":"outofstock","13":"taxable","14":"shipping-taxable","15":"purchasable","16":"product-type-simple"},"_links":{"self":[{"href":"https:\/\/ledshoponline.be\/fr\/wp-json\/wp\/v2\/product\/18056","targetHints":{"allow":["GET"]}}],"collection":[{"href":"https:\/\/ledshoponline.be\/fr\/wp-json\/wp\/v2\/product"}],"about":[{"href":"https:\/\/ledshoponline.be\/fr\/wp-json\/wp\/v2\/types\/product"}],"replies":[{"embeddable":true,"href":"https:\/\/ledshoponline.be\/fr\/wp-json\/wp\/v2\/comments?post=18056"}],"version-history":[{"count":0,"href":"https:\/\/ledshoponline.be\/fr\/wp-json\/wp\/v2\/product\/18056\/revisions"}],"wp:featuredmedia":[{"embeddable":true,"href":"https:\/\/ledshoponline.be\/fr\/wp-json\/wp\/v2\/media\/18057"}],"wp:attachment":[{"href":"https:\/\/ledshoponline.be\/fr\/wp-json\/wp\/v2\/media?parent=18056"}],"wp:term":[{"taxonomy":"product_brand","embeddable":true,"href":"https:\/\/ledshoponline.be\/fr\/wp-json\/wp\/v2\/product_brand?post=18056"},{"taxonomy":"product_cat","embeddable":true,"href":"https:\/\/ledshoponline.be\/fr\/wp-json\/wp\/v2\/product_cat?post=18056"},{"taxonomy":"product_tag","embeddable":true,"href":"https:\/\/ledshoponline.be\/fr\/wp-json\/wp\/v2\/product_tag?post=18056"}],"curies":[{"name":"wp","href":"https:\/\/api.w.org\/{rel}","templated":true}]}}