{"id":18045,"date":"2015-02-25T21:02:30","date_gmt":"2015-02-25T21:02:30","guid":{"rendered":"https:\/\/hlncaxea.a2hosted.com\/?post_type=product&#038;p=18045"},"modified":"2025-09-22T20:44:08","modified_gmt":"2025-09-22T20:44:08","slug":"connecteur-pour-bande-de-leds-rgb","status":"publish","type":"product","link":"https:\/\/ledshoponline.be\/fr\/shop\/producten\/led-strips\/led-strips-toebehoren\/ledstrip-connector-rgb\/","title":{"rendered":"Connecteur de bande LED RGB"},"content":{"rendered":"","protected":false},"excerpt":{"rendered":"<p>Un syst\u00e8me facile \u00e0 cliquer pour ajouter un morceau de c\u00e2ble \u00e0 une bande de LED RVB. Le c\u00e2ble peut \u00eatre utilis\u00e9 pour se connecter \u00e0 une alimentation LED.<\/p>\n<p><strong>Remarque :<\/strong> Le connecteur ne convient qu'\u00e0 la bande LED RVB de 10 mm et n'est pas \u00e9tanche.<\/p>\n<p>La longueur du c\u00e2ble est de 14 cm<\/p>","protected":false},"featured_media":18046,"comment_status":"closed","ping_status":"closed","template":"","meta":{"_seopress_robots_primary_cat":"","_seopress_titles_title":"","_seopress_titles_desc":"","_seopress_robots_index":""},"product_brand":[],"product_cat":[41],"product_tag":[305],"class_list":{"0":"post-18045","1":"product","2":"type-product","3":"status-publish","4":"has-post-thumbnail","6":"product_cat-led-strips-toebehoren","7":"product_tag-ledstrip-connector-rgb","9":"first","10":"instock","11":"taxable","12":"shipping-taxable","13":"purchasable","14":"product-type-simple"},"_links":{"self":[{"href":"https:\/\/ledshoponline.be\/fr\/wp-json\/wp\/v2\/product\/18045","targetHints":{"allow":["GET"]}}],"collection":[{"href":"https:\/\/ledshoponline.be\/fr\/wp-json\/wp\/v2\/product"}],"about":[{"href":"https:\/\/ledshoponline.be\/fr\/wp-json\/wp\/v2\/types\/product"}],"replies":[{"embeddable":true,"href":"https:\/\/ledshoponline.be\/fr\/wp-json\/wp\/v2\/comments?post=18045"}],"version-history":[{"count":1,"href":"https:\/\/ledshoponline.be\/fr\/wp-json\/wp\/v2\/product\/18045\/revisions"}],"predecessor-version":[{"id":624457,"href":"https:\/\/ledshoponline.be\/fr\/wp-json\/wp\/v2\/product\/18045\/revisions\/624457"}],"wp:featuredmedia":[{"embeddable":true,"href":"https:\/\/ledshoponline.be\/fr\/wp-json\/wp\/v2\/media\/18046"}],"wp:attachment":[{"href":"https:\/\/ledshoponline.be\/fr\/wp-json\/wp\/v2\/media?parent=18045"}],"wp:term":[{"taxonomy":"product_brand","embeddable":true,"href":"https:\/\/ledshoponline.be\/fr\/wp-json\/wp\/v2\/product_brand?post=18045"},{"taxonomy":"product_cat","embeddable":true,"href":"https:\/\/ledshoponline.be\/fr\/wp-json\/wp\/v2\/product_cat?post=18045"},{"taxonomy":"product_tag","embeddable":true,"href":"https:\/\/ledshoponline.be\/fr\/wp-json\/wp\/v2\/product_tag?post=18045"}],"curies":[{"name":"wp","href":"https:\/\/api.w.org\/{rel}","templated":true}]}}