{"id":17998,"date":"2015-01-24T12:42:29","date_gmt":"2015-01-24T12:42:29","guid":{"rendered":"https:\/\/hlncaxea.a2hosted.com\/?post_type=product&#038;p=17998"},"modified":"2025-03-09T19:41:19","modified_gmt":"2025-03-09T19:41:19","slug":"ar111-led-ceiling-wall-alu-luminaire-2","status":"publish","type":"product","link":"https:\/\/ledshoponline.be\/fr\/shop\/producten\/armaturen\/plafondlampen\/ar111-led-plafondwand-alu-armatuur-2\/","title":{"rendered":"Ar111 LED luminaire alu pour plafond\/mur"},"content":{"rendered":"<p><strong>Dimensions :<\/strong><br \/>\nHauteur : 17,5 cm<br \/>\nLargeur : 14 cm<br \/>\nProfondeur : 10 - 14 cm<br \/>\nSpot : diam\u00e8tre : 11,5 cm, \u00e9paisseur : 2 cm<br \/>\nPlaque de plafond : largeur : 14 cm, profondeur : 10 cm, hauteur : 3,5 cm<br \/>\nPlaque de montage : 12 x 9 cm<\/p>","protected":false},"excerpt":{"rendered":"<p>Le luminaire est fabriqu\u00e9 en aluminium massif et est inclinable. Il peut \u00eatre utilis\u00e9 comme plafonnier ou comme applique murale.<\/p>\n<p>Fourni avec LED G9 2700k remplace 50w<\/p>","protected":false},"featured_media":17999,"comment_status":"closed","ping_status":"closed","template":"","meta":{"_seopress_robots_primary_cat":"","_seopress_titles_title":"","_seopress_titles_desc":"","_seopress_robots_index":""},"product_brand":[],"product_cat":[165,109],"product_tag":[278],"class_list":{"0":"post-17998","1":"product","2":"type-product","3":"status-publish","4":"has-post-thumbnail","6":"product_cat-plafondlampen","7":"product_cat-wandlampen","8":"product_tag-led-ar111-armatuur","10":"first","11":"outofstock","12":"taxable","13":"shipping-taxable","14":"purchasable","15":"product-type-simple"},"_links":{"self":[{"href":"https:\/\/ledshoponline.be\/fr\/wp-json\/wp\/v2\/product\/17998","targetHints":{"allow":["GET"]}}],"collection":[{"href":"https:\/\/ledshoponline.be\/fr\/wp-json\/wp\/v2\/product"}],"about":[{"href":"https:\/\/ledshoponline.be\/fr\/wp-json\/wp\/v2\/types\/product"}],"replies":[{"embeddable":true,"href":"https:\/\/ledshoponline.be\/fr\/wp-json\/wp\/v2\/comments?post=17998"}],"version-history":[{"count":0,"href":"https:\/\/ledshoponline.be\/fr\/wp-json\/wp\/v2\/product\/17998\/revisions"}],"wp:featuredmedia":[{"embeddable":true,"href":"https:\/\/ledshoponline.be\/fr\/wp-json\/wp\/v2\/media\/17999"}],"wp:attachment":[{"href":"https:\/\/ledshoponline.be\/fr\/wp-json\/wp\/v2\/media?parent=17998"}],"wp:term":[{"taxonomy":"product_brand","embeddable":true,"href":"https:\/\/ledshoponline.be\/fr\/wp-json\/wp\/v2\/product_brand?post=17998"},{"taxonomy":"product_cat","embeddable":true,"href":"https:\/\/ledshoponline.be\/fr\/wp-json\/wp\/v2\/product_cat?post=17998"},{"taxonomy":"product_tag","embeddable":true,"href":"https:\/\/ledshoponline.be\/fr\/wp-json\/wp\/v2\/product_tag?post=17998"}],"curies":[{"name":"wp","href":"https:\/\/api.w.org\/{rel}","templated":true}]}}