{"id":17994,"date":"2015-01-24T12:36:08","date_gmt":"2015-01-24T12:36:08","guid":{"rendered":"https:\/\/hlncaxea.a2hosted.com\/?post_type=product&#038;p=17994"},"modified":"2025-03-09T19:41:18","modified_gmt":"2025-03-09T19:41:18","slug":"plafonnier-2x-ar111-blanc-mat-2","status":"publish","type":"product","link":"https:\/\/ledshoponline.be\/fr\/shop\/producten\/led-spots\/led-g53-ar111-12v\/plafond-lamp-2x-ar111-mat-wit-2\/","title":{"rendered":"Plafonnier 2x ar111 blanc mat"},"content":{"rendered":"<p><strong>Dimensions :<\/strong><br \/>\nHauteur : 17,5 cm<br \/>\nLargeur : 30 cm<br \/>\nProfondeur : 10 - 14 cm<br \/>\nSpot : diam\u00e8tre : 11,5 cm, \u00e9paisseur : 2 cm<br \/>\nPlaque de plafond : largeur : 30 cm, profondeur : 10 cm, hauteur : 3,5 cm<br \/>\nPlaque de montage : 12 x 9 cm<\/p>\n<p>Le transformateur halog\u00e8ne \u00e9lectronique int\u00e9gr\u00e9 peut \u00eatre grad\u00e9 avec n'importe quel gradateur halog\u00e8ne \"Tronic\".<\/p>","protected":false},"excerpt":{"rendered":"<p>Luminaire LED AR111 \u00e0 prix tr\u00e8s comp\u00e9titif. Livr\u00e9 avec 2 x 10W ar111 2700k blanc chaud remplace 2x50W halog\u00e8ne et transformateur 12v int\u00e9gr\u00e9 2700k blanc chaud. D\u00e9sormais, il est possible de faire varier l'intensit\u00e9 lumineuse !<\/p>","protected":false},"featured_media":17995,"comment_status":"closed","ping_status":"closed","template":"","meta":{"_seopress_robots_primary_cat":"","_seopress_titles_title":"","_seopress_titles_desc":"","_seopress_robots_index":""},"product_brand":[],"product_cat":[294,165],"product_tag":[278],"class_list":{"0":"post-17994","1":"product","2":"type-product","3":"status-publish","4":"has-post-thumbnail","6":"product_cat-led-g53-ar111-12v","7":"product_cat-plafondlampen","8":"product_tag-led-ar111-armatuur","10":"first","11":"outofstock","12":"taxable","13":"shipping-taxable","14":"purchasable","15":"product-type-simple"},"_links":{"self":[{"href":"https:\/\/ledshoponline.be\/fr\/wp-json\/wp\/v2\/product\/17994","targetHints":{"allow":["GET"]}}],"collection":[{"href":"https:\/\/ledshoponline.be\/fr\/wp-json\/wp\/v2\/product"}],"about":[{"href":"https:\/\/ledshoponline.be\/fr\/wp-json\/wp\/v2\/types\/product"}],"replies":[{"embeddable":true,"href":"https:\/\/ledshoponline.be\/fr\/wp-json\/wp\/v2\/comments?post=17994"}],"version-history":[{"count":0,"href":"https:\/\/ledshoponline.be\/fr\/wp-json\/wp\/v2\/product\/17994\/revisions"}],"wp:featuredmedia":[{"embeddable":true,"href":"https:\/\/ledshoponline.be\/fr\/wp-json\/wp\/v2\/media\/17995"}],"wp:attachment":[{"href":"https:\/\/ledshoponline.be\/fr\/wp-json\/wp\/v2\/media?parent=17994"}],"wp:term":[{"taxonomy":"product_brand","embeddable":true,"href":"https:\/\/ledshoponline.be\/fr\/wp-json\/wp\/v2\/product_brand?post=17994"},{"taxonomy":"product_cat","embeddable":true,"href":"https:\/\/ledshoponline.be\/fr\/wp-json\/wp\/v2\/product_cat?post=17994"},{"taxonomy":"product_tag","embeddable":true,"href":"https:\/\/ledshoponline.be\/fr\/wp-json\/wp\/v2\/product_tag?post=17994"}],"curies":[{"name":"wp","href":"https:\/\/api.w.org\/{rel}","templated":true}]}}