{"id":17952,"date":"2014-12-21T12:02:39","date_gmt":"2014-12-21T12:02:39","guid":{"rendered":"https:\/\/hlncaxea.a2hosted.com\/?post_type=product&#038;p=17952"},"modified":"2025-03-09T19:41:14","modified_gmt":"2025-03-09T19:41:14","slug":"kit-de-soudure-avec-fer-a-souder-30w","status":"publish","type":"product","link":"https:\/\/ledshoponline.be\/fr\/shop\/producten\/gereedschap\/soldeer-materiaal\/soldeerset-met-30w-soldeerbout\/","title":{"rendered":"Kit de soudure avec fer \u00e0 souder de 30W"},"content":{"rendered":"","protected":false},"excerpt":{"rendered":"<p>Tout ce dont vous avez besoin pour souder : un fer \u00e0 souder SB30 (30W\/230V), une pompe \u00e0 dessouder, un \u00e9tain \u00e0 souder 40\/60 dans une bo\u00eete en plastique.<\/p>","protected":false},"featured_media":17953,"comment_status":"closed","ping_status":"closed","template":"","meta":{"_seopress_robots_primary_cat":"","_seopress_titles_title":"","_seopress_titles_desc":"","_seopress_robots_index":""},"product_brand":[],"product_cat":[129],"product_tag":[],"class_list":{"0":"post-17952","1":"product","2":"type-product","3":"status-publish","4":"has-post-thumbnail","6":"product_cat-soldeer-materiaal","8":"first","9":"outofstock","10":"taxable","11":"shipping-taxable","12":"purchasable","13":"product-type-simple"},"_links":{"self":[{"href":"https:\/\/ledshoponline.be\/fr\/wp-json\/wp\/v2\/product\/17952","targetHints":{"allow":["GET"]}}],"collection":[{"href":"https:\/\/ledshoponline.be\/fr\/wp-json\/wp\/v2\/product"}],"about":[{"href":"https:\/\/ledshoponline.be\/fr\/wp-json\/wp\/v2\/types\/product"}],"replies":[{"embeddable":true,"href":"https:\/\/ledshoponline.be\/fr\/wp-json\/wp\/v2\/comments?post=17952"}],"version-history":[{"count":0,"href":"https:\/\/ledshoponline.be\/fr\/wp-json\/wp\/v2\/product\/17952\/revisions"}],"wp:featuredmedia":[{"embeddable":true,"href":"https:\/\/ledshoponline.be\/fr\/wp-json\/wp\/v2\/media\/17953"}],"wp:attachment":[{"href":"https:\/\/ledshoponline.be\/fr\/wp-json\/wp\/v2\/media?parent=17952"}],"wp:term":[{"taxonomy":"product_brand","embeddable":true,"href":"https:\/\/ledshoponline.be\/fr\/wp-json\/wp\/v2\/product_brand?post=17952"},{"taxonomy":"product_cat","embeddable":true,"href":"https:\/\/ledshoponline.be\/fr\/wp-json\/wp\/v2\/product_cat?post=17952"},{"taxonomy":"product_tag","embeddable":true,"href":"https:\/\/ledshoponline.be\/fr\/wp-json\/wp\/v2\/product_tag?post=17952"}],"curies":[{"name":"wp","href":"https:\/\/api.w.org\/{rel}","templated":true}]}}