{"id":17950,"date":"2014-12-14T13:08:12","date_gmt":"2014-12-14T13:08:12","guid":{"rendered":"https:\/\/hlncaxea.a2hosted.com\/?post_type=product&#038;p=17950"},"modified":"2025-03-09T19:41:14","modified_gmt":"2025-03-09T19:41:14","slug":"alimentation-led-ip67-meanwell-12v-20w-2","status":"publish","type":"product","link":"https:\/\/ledshoponline.be\/fr\/shop\/producten\/toebehoren\/12v-24v-led-trafos\/led-voeding-ip67-meanwell-12v-20w\/","title":{"rendered":"Transformateur d'alimentation LED IP67 - Meanwell - 12V 20W"},"content":{"rendered":"<p><strong>Transformateur LED 20w tension d'entr\u00e9e :<\/strong> 88-264VAC, 50~60Hz<\/p>\n<ul>\n<li>protection contre les courts-circuits \/ protection contre les surtensions \/ protection contre les surcharges<\/li>\n<li>bo\u00eetier enti\u00e8rement isol\u00e9 en plastique - IP67<\/li>\n<li>Tension de sortie : 12V<\/li>\n<li>Courant de sortie : 1,67 A<\/li>\n<li>Puissance de sortie : 20W<\/li>\n<li>Ondulation et bruit : 120mVp-p<\/li>\n<li>Efficacit\u00e9 : 81%<\/li>\n<li>Dimensions : 118*35*26mm<\/li>\n<li>Poids : environ 250g<\/li>\n<\/ul>","protected":false},"excerpt":{"rendered":"<p>La meilleure alimentation LED \/ transformateur IP67 - Meanwell - 12V 20W.<br \/>\nFiable et d'une dur\u00e9e de vie extr\u00eamement longue.<\/p>","protected":false},"featured_media":17951,"comment_status":"closed","ping_status":"closed","template":"","meta":{"_seopress_robots_primary_cat":"","_seopress_titles_title":"","_seopress_titles_desc":"","_seopress_robots_index":""},"product_brand":[],"product_cat":[43],"product_tag":[264,265,173],"class_list":{"0":"post-17950","1":"product","2":"type-product","3":"status-publish","4":"has-post-thumbnail","6":"product_cat-12v-24v-led-trafos","7":"product_tag-led-trafo","8":"product_tag-led-voeding","9":"product_tag-mean-well","11":"first","12":"instock","13":"sale","14":"taxable","15":"shipping-taxable","16":"purchasable","17":"product-type-simple"},"_links":{"self":[{"href":"https:\/\/ledshoponline.be\/fr\/wp-json\/wp\/v2\/product\/17950","targetHints":{"allow":["GET"]}}],"collection":[{"href":"https:\/\/ledshoponline.be\/fr\/wp-json\/wp\/v2\/product"}],"about":[{"href":"https:\/\/ledshoponline.be\/fr\/wp-json\/wp\/v2\/types\/product"}],"replies":[{"embeddable":true,"href":"https:\/\/ledshoponline.be\/fr\/wp-json\/wp\/v2\/comments?post=17950"}],"version-history":[{"count":0,"href":"https:\/\/ledshoponline.be\/fr\/wp-json\/wp\/v2\/product\/17950\/revisions"}],"wp:featuredmedia":[{"embeddable":true,"href":"https:\/\/ledshoponline.be\/fr\/wp-json\/wp\/v2\/media\/17951"}],"wp:attachment":[{"href":"https:\/\/ledshoponline.be\/fr\/wp-json\/wp\/v2\/media?parent=17950"}],"wp:term":[{"taxonomy":"product_brand","embeddable":true,"href":"https:\/\/ledshoponline.be\/fr\/wp-json\/wp\/v2\/product_brand?post=17950"},{"taxonomy":"product_cat","embeddable":true,"href":"https:\/\/ledshoponline.be\/fr\/wp-json\/wp\/v2\/product_cat?post=17950"},{"taxonomy":"product_tag","embeddable":true,"href":"https:\/\/ledshoponline.be\/fr\/wp-json\/wp\/v2\/product_tag?post=17950"}],"curies":[{"name":"wp","href":"https:\/\/api.w.org\/{rel}","templated":true}]}}