{"id":17937,"date":"2014-10-07T21:22:55","date_gmt":"2014-10-07T21:22:55","guid":{"rendered":"https:\/\/hlncaxea.a2hosted.com\/?post_type=product&#038;p=17937"},"modified":"2025-09-22T20:40:20","modified_gmt":"2025-09-22T20:40:20","slug":"eltako-led-dimmer-100w","status":"publish","type":"product","link":"https:\/\/ledshoponline.be\/fr\/shop\/producten\/toebehoren\/12v-24v-led-dimmers\/eltako-led-dimmer-100w\/","title":{"rendered":"Variateur LED ELTAKO 100W"},"content":{"rendered":"<p>Ce variateur de LED est un variateur \u00e0 3 fils, ce qui signifie qu'il n\u00e9cessite 3 fils d'alimentation. Il n\u00e9cessite une alimentation de 230V. Le fonctionnement est assur\u00e9 par un interrupteur \u00e0 impulsion.<\/p>\n<p><strong>Sp\u00e9cifications :<\/strong><\/p>\n<p>- Tension de commande universelle 8 \u00e0 253V AC ou 10 \u00e0 230V DC<br \/>\n- Pour le montage : 45 x 55 x 18 mm<br \/>\n- Convient aux charges R, L et C jusqu'\u00e0 400W<br \/>\n- Convient aux lampes \u00e0 \u00e9conomie d'\u00e9nergie (ESL) graduables jusqu'\u00e0 100W<br \/>\n- Convient pour un variateur de lumi\u00e8re 230V\u00a0<strong>LED<\/strong>\u00a0lampes jusqu'\u00e0 100W<br \/>\n- Pas d'imp\u00f4t minimum<\/p>\n<p>Ce variateur LED est destin\u00e9 \u00e0 \u00eatre encastr\u00e9 dans un mur. Les fa\u00e7ades sont interchangeables avec\u00a0<strong>JUNG \/ GIRA \/ BERKER \/ PEHA \/ NIKO<\/strong>\u00a0etc. Ainsi, avoir sa propre fa\u00e7ade assortie \u00e0 l'appareillage n'est plus un probl\u00e8me \u00e0 partir d'aujourd'hui !<\/p>","protected":false},"excerpt":{"rendered":"<p>Ce variateur LED sp\u00e9cial convient \u00e0 toutes les lampes LED 230v dimmables et aux transformateurs LED 12v dimmables de notre site ainsi qu'\u00e0 notre \"transformateur LED 12v dimmable\". Ce variateur LED permet une gradation progressive avec une plage d'au moins 90% sans scintillement.<\/p>","protected":false},"featured_media":17938,"comment_status":"closed","ping_status":"closed","template":"","meta":{"_seopress_robots_primary_cat":"","_seopress_titles_title":"","_seopress_titles_desc":"","_seopress_robots_index":""},"product_brand":[],"product_cat":[44,86],"product_tag":[262,263],"class_list":{"0":"post-17937","1":"product","2":"type-product","3":"status-publish","4":"has-post-thumbnail","6":"product_cat-12v-24v-led-dimmers","7":"product_cat-230v-led-dimmers","8":"product_tag-eltako","9":"product_tag-led-dimmer","11":"first","12":"outofstock","13":"taxable","14":"shipping-taxable","15":"purchasable","16":"product-type-simple"},"_links":{"self":[{"href":"https:\/\/ledshoponline.be\/fr\/wp-json\/wp\/v2\/product\/17937","targetHints":{"allow":["GET"]}}],"collection":[{"href":"https:\/\/ledshoponline.be\/fr\/wp-json\/wp\/v2\/product"}],"about":[{"href":"https:\/\/ledshoponline.be\/fr\/wp-json\/wp\/v2\/types\/product"}],"replies":[{"embeddable":true,"href":"https:\/\/ledshoponline.be\/fr\/wp-json\/wp\/v2\/comments?post=17937"}],"version-history":[{"count":1,"href":"https:\/\/ledshoponline.be\/fr\/wp-json\/wp\/v2\/product\/17937\/revisions"}],"predecessor-version":[{"id":624433,"href":"https:\/\/ledshoponline.be\/fr\/wp-json\/wp\/v2\/product\/17937\/revisions\/624433"}],"wp:featuredmedia":[{"embeddable":true,"href":"https:\/\/ledshoponline.be\/fr\/wp-json\/wp\/v2\/media\/17938"}],"wp:attachment":[{"href":"https:\/\/ledshoponline.be\/fr\/wp-json\/wp\/v2\/media?parent=17937"}],"wp:term":[{"taxonomy":"product_brand","embeddable":true,"href":"https:\/\/ledshoponline.be\/fr\/wp-json\/wp\/v2\/product_brand?post=17937"},{"taxonomy":"product_cat","embeddable":true,"href":"https:\/\/ledshoponline.be\/fr\/wp-json\/wp\/v2\/product_cat?post=17937"},{"taxonomy":"product_tag","embeddable":true,"href":"https:\/\/ledshoponline.be\/fr\/wp-json\/wp\/v2\/product_tag?post=17937"}],"curies":[{"name":"wp","href":"https:\/\/api.w.org\/{rel}","templated":true}]}}