{"id":17912,"date":"2014-09-28T20:23:33","date_gmt":"2014-09-28T20:23:33","guid":{"rendered":"https:\/\/hlncaxea.a2hosted.com\/?post_type=product&#038;p=17912"},"modified":"2025-03-09T19:41:09","modified_gmt":"2025-03-09T19:41:09","slug":"spot-led-encastre-inclinable-ip65-blanc","status":"publish","type":"product","link":"https:\/\/ledshoponline.be\/fr\/shop\/producten\/armaturen\/badkamer-lampen\/ip65-kantelbare-led-inbouwspot-wit\/","title":{"rendered":"Downlight LED inclinable IP65 blanc"},"content":{"rendered":"<p>Comprend 1 anneau en silicone pour assurer l'\u00e9tanch\u00e9it\u00e9 entre le plafond et le spot. Egalement un anneau en caoutchouc comme joint suppl\u00e9mentaire pour l'anneau du spot avec le verre.<\/p>\n<p>La classe d'\u00e9tanch\u00e9it\u00e9 est IP65. (r\u00e9sistant aux \u00e9claboussures et \u00e0 la poussi\u00e8re)<br \/>\nIl convient donc \u00e9galement \u00e0 la salle de bains et m\u00eame \u00e0 la cabine de douche. Il convient \u00e9galement pour l'ext\u00e9rieur.<\/p>\n<h3><strong>Dimensions :<\/strong><\/h3>\n<p><strong>Diam\u00e8tre :<\/strong> 9,1 cm<br \/>\n<strong>Hauteur :<\/strong> 1,2 cm<br \/>\n<strong>Profondeur d'encastrement :<\/strong> 9,5 cm.<br \/>\n<strong>Garantie :<\/strong> 2 ans<\/p>\n<p><strong>Taille de coupe : \u2192 la taille peut varier l\u00e9g\u00e8rement !<\/strong><\/p>\n<p><strong>diam\u00e8tre :<\/strong>\u00a07,00 cm<\/p>\n<p><strong>profondeur d'installation<\/strong><\/p>\n<p><strong>profondeur :\u00a0<\/strong>9,50 cm<\/p>","protected":false},"excerpt":{"rendered":"<p>Spot encastr\u00e9 rond et \u00e9tanche IP65 pour la salle de bain ou l'ext\u00e9rieur. Avec spot LED rempla\u00e7able blanc chaud, remplace l'halog\u00e8ne 50W. Fabriqu\u00e9 en une seule pi\u00e8ce d'aluminium solide.<\/p>","protected":false},"featured_media":17913,"comment_status":"closed","ping_status":"closed","template":"","meta":{"_seopress_robots_primary_cat":"","_seopress_titles_title":"","_seopress_titles_desc":"","_seopress_robots_index":""},"product_brand":[],"product_cat":[87,89,90,88],"product_tag":[257,258],"class_list":{"0":"post-17912","1":"product","2":"type-product","3":"status-publish","4":"has-post-thumbnail","6":"product_cat-armaturen","7":"product_cat-badkamer-lampen","8":"product_cat-buitenverlichting","9":"product_cat-inbouwspots","10":"product_tag-inbouw-armatuur","11":"product_tag-led-badkamer","13":"first","14":"instock","15":"taxable","16":"shipping-taxable","17":"purchasable","18":"product-type-simple"},"_links":{"self":[{"href":"https:\/\/ledshoponline.be\/fr\/wp-json\/wp\/v2\/product\/17912","targetHints":{"allow":["GET"]}}],"collection":[{"href":"https:\/\/ledshoponline.be\/fr\/wp-json\/wp\/v2\/product"}],"about":[{"href":"https:\/\/ledshoponline.be\/fr\/wp-json\/wp\/v2\/types\/product"}],"replies":[{"embeddable":true,"href":"https:\/\/ledshoponline.be\/fr\/wp-json\/wp\/v2\/comments?post=17912"}],"version-history":[{"count":0,"href":"https:\/\/ledshoponline.be\/fr\/wp-json\/wp\/v2\/product\/17912\/revisions"}],"wp:featuredmedia":[{"embeddable":true,"href":"https:\/\/ledshoponline.be\/fr\/wp-json\/wp\/v2\/media\/17913"}],"wp:attachment":[{"href":"https:\/\/ledshoponline.be\/fr\/wp-json\/wp\/v2\/media?parent=17912"}],"wp:term":[{"taxonomy":"product_brand","embeddable":true,"href":"https:\/\/ledshoponline.be\/fr\/wp-json\/wp\/v2\/product_brand?post=17912"},{"taxonomy":"product_cat","embeddable":true,"href":"https:\/\/ledshoponline.be\/fr\/wp-json\/wp\/v2\/product_cat?post=17912"},{"taxonomy":"product_tag","embeddable":true,"href":"https:\/\/ledshoponline.be\/fr\/wp-json\/wp\/v2\/product_tag?post=17912"}],"curies":[{"name":"wp","href":"https:\/\/api.w.org\/{rel}","templated":true}]}}