{"id":17834,"date":"2014-08-25T10:48:44","date_gmt":"2014-08-25T10:48:44","guid":{"rendered":"https:\/\/hlncaxea.a2hosted.com\/?post_type=product&#038;p=17834"},"modified":"2025-03-09T19:41:08","modified_gmt":"2025-03-09T19:41:08","slug":"led-strip-230v-plug-for-230v-integrated-circuit-2835-120smd","status":"publish","type":"product","link":"https:\/\/ledshoponline.be\/fr\/shop\/producten\/led-strips\/led-strips-230v\/led-strip-230v-stekker-voor-230v-geintegreerd-circuit-2835-120smd\/","title":{"rendered":"Bande LED 230v plug pour circuit int\u00e9gr\u00e9 230v 2835-120SMD"},"content":{"rendered":"<p>Prise pour bande de LED 230v (prise UE) pour le circuit int\u00e9gr\u00e9 de bande de LED 230v 2835-120SMD<br>- 1x EU plug + pin.<br>- 1x Capuchon d'extr\u00e9mit\u00e9.<br>- 2x Collier de montage.<\/p>\n\n\n\n<p>Il s'agit d'un convertisseur de courant continu en courant alternatif.<br><strong>Pour un raccordement IP65, remplir les embouts de silicone transparent.<\/strong><\/p>","protected":false},"excerpt":{"rendered":"<p>Led strip stekker 230v (EU plug) &nbsp;dit voor de 230v led strip ge\u00efntegreerd circuit 2835-120SMD&#8211; 1x EU plug + pin.&#8211;<\/p>","protected":false},"featured_media":17835,"comment_status":"closed","ping_status":"closed","template":"","meta":{"_seopress_robots_primary_cat":"","_seopress_titles_title":"","_seopress_titles_desc":"","_seopress_robots_index":""},"product_brand":[],"product_cat":[40,229,41],"product_tag":[],"class_list":{"0":"post-17834","1":"product","2":"type-product","3":"status-publish","4":"has-post-thumbnail","6":"product_cat-led-strips","7":"product_cat-led-strips-230v","8":"product_cat-led-strips-toebehoren","10":"first","11":"instock","12":"taxable","13":"shipping-taxable","14":"purchasable","15":"product-type-simple"},"_links":{"self":[{"href":"https:\/\/ledshoponline.be\/fr\/wp-json\/wp\/v2\/product\/17834","targetHints":{"allow":["GET"]}}],"collection":[{"href":"https:\/\/ledshoponline.be\/fr\/wp-json\/wp\/v2\/product"}],"about":[{"href":"https:\/\/ledshoponline.be\/fr\/wp-json\/wp\/v2\/types\/product"}],"replies":[{"embeddable":true,"href":"https:\/\/ledshoponline.be\/fr\/wp-json\/wp\/v2\/comments?post=17834"}],"version-history":[{"count":0,"href":"https:\/\/ledshoponline.be\/fr\/wp-json\/wp\/v2\/product\/17834\/revisions"}],"wp:featuredmedia":[{"embeddable":true,"href":"https:\/\/ledshoponline.be\/fr\/wp-json\/wp\/v2\/media\/17835"}],"wp:attachment":[{"href":"https:\/\/ledshoponline.be\/fr\/wp-json\/wp\/v2\/media?parent=17834"}],"wp:term":[{"taxonomy":"product_brand","embeddable":true,"href":"https:\/\/ledshoponline.be\/fr\/wp-json\/wp\/v2\/product_brand?post=17834"},{"taxonomy":"product_cat","embeddable":true,"href":"https:\/\/ledshoponline.be\/fr\/wp-json\/wp\/v2\/product_cat?post=17834"},{"taxonomy":"product_tag","embeddable":true,"href":"https:\/\/ledshoponline.be\/fr\/wp-json\/wp\/v2\/product_tag?post=17834"}],"curies":[{"name":"wp","href":"https:\/\/api.w.org\/{rel}","templated":true}]}}